{"id":2787,"date":"2025-07-02T16:41:55","date_gmt":"2025-07-02T14:41:55","guid":{"rendered":"https:\/\/anitanederlands.nl\/produkt\/spreek-nederlands-donderdag-niveau-a1-2-a1-start-28-augustus-2025-einde-13-november-2025-pauze-van-29-09-2025-tot-14-10-2025\/"},"modified":"2025-07-02T16:41:55","modified_gmt":"2025-07-02T14:41:55","slug":"spreek-nederlands-donderdag-niveau-a1-2-a1-start-28-augustus-2025-einde-13-november-2025-pauze-van-29-09-2025-tot-14-10-2025","status":"publish","type":"product","link":"https:\/\/anitanederlands.nl\/nl\/produkt\/spreek-nederlands-donderdag-niveau-a1-2-a1-start-28-augustus-2025-einde-13-november-2025-pauze-van-29-09-2025-tot-14-10-2025\/","title":{"rendered":"Spreek Nederlands DONDERDAG Niveau A1.2 (A1+) \u2013 START 28 augustus 2025 \u2013 EINDE 13 november 2025 (pauze van 29-09-2025 tot 14-10-2025)"},"content":{"rendered":"","protected":false},"excerpt":{"rendered":"<p>De cursus heeft als doel je communicatie in het dagelijks leven te verbeteren: apotheek, dokter, verzekeringen, gesprekken met buren en vrienden, winkels, gesprekken met de vereniging van eigenaren en verhuurder, daten en relaties, het melden van problemen en schade.<\/p>\n<p>10 themalessen:<\/p>\n<p>Hobby en vrije tijd besteden<\/p>\n<p>Praten over je hobby\u2019s, uitnodigen voor gezamenlijke activiteiten, gesprekken over weekendplannen.<\/p>\n<p>Plannen voor vakantie en reizen<\/p>\n<p>Hotels reserveren, gesprekken op de luchthaven of bij het reisbureau.<\/p>\n<p>Huis en dagelijks leven<\/p>\n<p>Gesprekken over huishoudelijke taken en gesprekken met buren.<\/p>\n<p>Plannen en toekomst<\/p>\n<p>Hoe je praat over toekomstplannen, vakanties, ambities en dromen.<\/p>\n<p>Problemen en noodsituaties<\/p>\n<p>Het melden van verloren voorwerpen, het inroepen van hulp, gesprekken met de politie of brandweer.<\/p>\n<p>Huisarts en apotheek<\/p>\n<p>Afspraak maken, verzetten en afzeggen, je klachten beschrijven, zinnen en vragen die je nodig hebt tijdens het gesprek, medicijnen ophalen, telefoongesprekken voeren met de doktersassistente en apotheek.<\/p>\n<p>Dates en menselijke relaties<\/p>\n<p>Gevoelens uiten, afspraken maken, kleine conflicten oplossen.<\/p>\n<p>Gesprekken in winkels<\/p>\n<p>Supermarkt, kleding- en schoenenwinkels, drogisterij<\/p>\n<p>Jouw appartement\/huis<\/p>\n<p>Gesprekken over huur, gesprekken met de vereniging van eigenaren, het melden van problemen in de woning.<\/p>\n<p>Verzekeringsmaatschappijen<\/p>\n<p>Soorten verzekeringen, het melden van problemen en schade, gesprekken over schadevergoedingen.<\/p>\n<p>Extra bonus: opnames van woordenschat en uitdrukkingen, plus video\u2019s met gesprekscripts en uitspraak.<\/p>\n<p>Hoe deze cursus is opgebouwd:<br \/>\n\u2705 E\u00e9n keer per week een bijeenkomst van 2 uur, in totaal 20 uur, verspreid over 10 weken<br \/>\n\u2705 Mogelijkheid om deel te nemen op locatie op school of online, bijvoorbeeld via\u2026 Zoom<br \/>\n\u2705 Het programma is ontwikkeld om zo snel mogelijk uitdrukkingen aan te leren die je in het dagelijks leven kunt gebruiken<br \/>\n\u2705 Tussen de lessen door ontvang je korte opnames van uitdrukkingen en volledige dialogen, die de stof effectief versterken en het hele proces van vloeiend en stressvrij spreken versnellen<br \/>\n\u2705 Tijdens de lessen oefenen we meteen in de praktijk<br \/>\nDoe mee aan de cursus vrij spreken en ontdek hoe snel je zelfvertrouwen kunt krijgen in het communiceren in het Nederlands!<\/p>\n","protected":false},"featured_media":0,"comment_status":"open","ping_status":"closed","template":"","meta":{"site-sidebar-layout":"default","site-content-layout":"","ast-site-content-layout":"default","site-content-style":"default","site-sidebar-style":"default","ast-global-header-display":"","ast-banner-title-visibility":"","ast-main-header-display":"","ast-hfb-above-header-display":"","ast-hfb-below-header-display":"","ast-hfb-mobile-header-display":"","site-post-title":"","ast-breadcrumbs-content":"","ast-featured-img":"","footer-sml-layout":"","ast-disable-related-posts":"","theme-transparent-header-meta":"default","adv-header-id-meta":"","stick-header-meta":"","header-above-stick-meta":"","header-main-stick-meta":"","header-below-stick-meta":"","astra-migrate-meta-layouts":"default","ast-page-background-enabled":"default","ast-page-background-meta":{"desktop":{"background-color":"var(--ast-global-color-4)","background-image":"","background-repeat":"repeat","background-position":"center center","background-size":"auto","background-attachment":"scroll","background-type":"","background-media":"","overlay-type":"","overlay-color":"","overlay-opacity":"","overlay-gradient":""},"tablet":{"background-color":"","background-image":"","background-repeat":"repeat","background-position":"center center","background-size":"auto","background-attachment":"scroll","background-type":"","background-media":"","overlay-type":"","overlay-color":"","overlay-opacity":"","overlay-gradient":""},"mobile":{"background-color":"","background-image":"","background-repeat":"repeat","background-position":"center center","background-size":"auto","background-attachment":"scroll","background-type":"","background-media":"","overlay-type":"","overlay-color":"","overlay-opacity":"","overlay-gradient":""}},"ast-content-background-meta":{"desktop":{"background-color":"var(--ast-global-color-5)","background-image":"","background-repeat":"repeat","background-position":"center center","background-size":"auto","background-attachment":"scroll","background-type":"","background-media":"","overlay-type":"","overlay-color":"","overlay-opacity":"","overlay-gradient":""},"tablet":{"background-color":"var(--ast-global-color-5)","background-image":"","background-repeat":"repeat","background-position":"center center","background-size":"auto","background-attachment":"scroll","background-type":"","background-media":"","overlay-type":"","overlay-color":"","overlay-opacity":"","overlay-gradient":""},"mobile":{"background-color":"var(--ast-global-color-5)","background-image":"","background-repeat":"repeat","background-position":"center center","background-size":"auto","background-attachment":"scroll","background-type":"","background-media":"","overlay-type":"","overlay-color":"","overlay-opacity":"","overlay-gradient":""}},"_price":"","_stock":"","_tribe_ticket_header":"","_tribe_default_ticket_provider":"","_ticket_start_date":"","_ticket_end_date":"","_tribe_ticket_show_description":"","_tribe_ticket_show_not_going":false,"_tribe_ticket_use_global_stock":"","_tribe_ticket_global_stock_level":"","_global_stock_mode":"","_global_stock_cap":"","_tribe_rsvp_for_event":"","_tribe_ticket_going_count":"","_tribe_ticket_not_going_count":"","_tribe_tickets_list":"[]","_tribe_ticket_has_attendee_info_fields":false,"_tec_slr_enabled":"","_tec_slr_layout":""},"product_brand":[],"product_cat":[21],"product_tag":[],"class_list":{"0":"post-2787","1":"product","2":"type-product","3":"status-publish","5":"product_cat-bez-kategorii","6":"desktop-align-left","7":"tablet-align-left","8":"mobile-align-left","10":"first","11":"instock","12":"shipping-taxable","13":"product-type-simple"},"yoast_head":"<!-- This site is optimized with the Yoast SEO plugin v27.1.1 - https:\/\/yoast.com\/product\/yoast-seo-wordpress\/ -->\n<title>Spreek Nederlands DONDERDAG Niveau A1.2 (A1+) \u2013 START 28 augustus 2025 \u2013 EINDE 13 november 2025 (pauze van 29-09-2025 tot 14-10-2025) - Nauka Niderlandzkiego<\/title>\n<meta name=\"robots\" content=\"index, follow, max-snippet:-1, max-image-preview:large, max-video-preview:-1\" \/>\n<link rel=\"canonical\" href=\"https:\/\/anitanederlands.nl\/produkt\/spreek-nederlands-donderdag-niveau-a1-2-a1-start-28-augustus-2025-einde-13-november-2025-pauze-van-29-09-2025-tot-14-10-2025\/\" \/>\n<meta property=\"og:locale\" content=\"nl_NL\" \/>\n<meta property=\"og:type\" content=\"article\" \/>\n<meta property=\"og:title\" content=\"Spreek Nederlands DONDERDAG Niveau A1.2 (A1+) \u2013 START 28 augustus 2025 \u2013 EINDE 13 november 2025 (pauze van 29-09-2025 tot 14-10-2025) - Nauka Niderlandzkiego\" \/>\n<meta property=\"og:description\" content=\"De cursus heeft als doel je communicatie in het dagelijks leven te verbeteren: apotheek, dokter, verzekeringen, gesprekken met buren en vrienden, winkels, gesprekken met de vereniging van eigenaren en verhuurder, daten en relaties, het melden van problemen en schade. 10 themalessen: Hobby en vrije tijd besteden Praten over je hobby\u2019s, uitnodigen voor gezamenlijke activiteiten, gesprekken over weekendplannen. Plannen voor vakantie en reizen Hotels reserveren, gesprekken op de luchthaven of bij het reisbureau. Huis en dagelijks leven Gesprekken over huishoudelijke taken en gesprekken met buren. Plannen en toekomst Hoe je praat over toekomstplannen, vakanties, ambities en dromen. Problemen en noodsituaties Het melden van verloren voorwerpen, het inroepen van hulp, gesprekken met de politie of brandweer. Huisarts en apotheek Afspraak maken, verzetten en afzeggen, je klachten beschrijven, zinnen en vragen die je nodig hebt tijdens het gesprek, medicijnen ophalen, telefoongesprekken voeren met de doktersassistente en apotheek. Dates en menselijke relaties Gevoelens uiten, afspraken maken, kleine conflicten oplossen. Gesprekken in winkels Supermarkt, kleding- en schoenenwinkels, drogisterij Jouw appartement\/huis Gesprekken over huur, gesprekken met de vereniging van eigenaren, het melden van problemen in de woning. Verzekeringsmaatschappijen Soorten verzekeringen, het melden van problemen en schade, gesprekken over schadevergoedingen. Extra bonus: opnames van woordenschat en uitdrukkingen, plus video\u2019s met gesprekscripts en uitspraak. Hoe deze cursus is opgebouwd: \u2705 E\u00e9n keer per week een bijeenkomst van 2 uur, in totaal 20 uur, verspreid over 10 weken \u2705 Mogelijkheid om deel te nemen op locatie op school of online, bijvoorbeeld via\u2026 Zoom \u2705 Het programma is ontwikkeld om zo snel mogelijk uitdrukkingen aan te leren die je in het dagelijks leven kunt gebruiken \u2705 Tussen de lessen door ontvang je korte opnames van uitdrukkingen en volledige dialogen, die de stof effectief versterken en het hele proces van vloeiend en stressvrij spreken versnellen \u2705 Tijdens de lessen oefenen we meteen in de praktijk Doe mee aan de cursus vrij spreken en ontdek hoe snel je zelfvertrouwen kunt krijgen in het communiceren in het Nederlands!\" \/>\n<meta property=\"og:url\" content=\"https:\/\/anitanederlands.nl\/produkt\/spreek-nederlands-donderdag-niveau-a1-2-a1-start-28-augustus-2025-einde-13-november-2025-pauze-van-29-09-2025-tot-14-10-2025\/\" \/>\n<meta property=\"og:site_name\" content=\"Nauka Niderlandzkiego\" \/>\n<meta name=\"twitter:card\" content=\"summary_large_image\" \/>\n<script type=\"application\/ld+json\" class=\"yoast-schema-graph\">{\"@context\":\"https:\/\/schema.org\",\"@graph\":[{\"@type\":\"WebPage\",\"@id\":\"https:\/\/anitanederlands.nl\/produkt\/spreek-nederlands-donderdag-niveau-a1-2-a1-start-28-augustus-2025-einde-13-november-2025-pauze-van-29-09-2025-tot-14-10-2025\/\",\"url\":\"https:\/\/anitanederlands.nl\/produkt\/spreek-nederlands-donderdag-niveau-a1-2-a1-start-28-augustus-2025-einde-13-november-2025-pauze-van-29-09-2025-tot-14-10-2025\/\",\"name\":\"Spreek Nederlands DONDERDAG Niveau A1.2 (A1+) \u2013 START 28 augustus 2025 \u2013 EINDE 13 november 2025 (pauze van 29-09-2025 tot 14-10-2025) - Nauka Niderlandzkiego\",\"isPartOf\":{\"@id\":\"https:\/\/anitanederlands.nl\/#website\"},\"datePublished\":\"2025-07-02T14:41:55+00:00\",\"breadcrumb\":{\"@id\":\"https:\/\/anitanederlands.nl\/produkt\/spreek-nederlands-donderdag-niveau-a1-2-a1-start-28-augustus-2025-einde-13-november-2025-pauze-van-29-09-2025-tot-14-10-2025\/#breadcrumb\"},\"inLanguage\":\"nl-NL\",\"potentialAction\":[{\"@type\":\"ReadAction\",\"target\":[\"https:\/\/anitanederlands.nl\/produkt\/spreek-nederlands-donderdag-niveau-a1-2-a1-start-28-augustus-2025-einde-13-november-2025-pauze-van-29-09-2025-tot-14-10-2025\/\"]}]},{\"@type\":\"BreadcrumbList\",\"@id\":\"https:\/\/anitanederlands.nl\/produkt\/spreek-nederlands-donderdag-niveau-a1-2-a1-start-28-augustus-2025-einde-13-november-2025-pauze-van-29-09-2025-tot-14-10-2025\/#breadcrumb\",\"itemListElement\":[{\"@type\":\"ListItem\",\"position\":1,\"name\":\"Strona g\u0142\u00f3wna\",\"item\":\"https:\/\/anitanederlands.nl\/\"},{\"@type\":\"ListItem\",\"position\":2,\"name\":\"Sklep\",\"item\":\"https:\/\/anitanederlands.nl\/sklep\/\"},{\"@type\":\"ListItem\",\"position\":3,\"name\":\"Spreek Nederlands DONDERDAG Niveau A1.2 (A1+) \u2013 START 28 augustus 2025 \u2013 EINDE 13 november 2025 (pauze van 29-09-2025 tot 14-10-2025)\"}]},{\"@type\":\"WebSite\",\"@id\":\"https:\/\/anitanederlands.nl\/#website\",\"url\":\"https:\/\/anitanederlands.nl\/\",\"name\":\"Nauka Niderlandzkiego\",\"description\":\"Sprawi\u0107 by niemo\u017cliwe sta\u0142o si\u0119 mo\u017cliwym\",\"publisher\":{\"@id\":\"https:\/\/anitanederlands.nl\/#organization\"},\"potentialAction\":[{\"@type\":\"SearchAction\",\"target\":{\"@type\":\"EntryPoint\",\"urlTemplate\":\"https:\/\/anitanederlands.nl\/?s={search_term_string}\"},\"query-input\":{\"@type\":\"PropertyValueSpecification\",\"valueRequired\":true,\"valueName\":\"search_term_string\"}}],\"inLanguage\":\"nl-NL\"},{\"@type\":\"Organization\",\"@id\":\"https:\/\/anitanederlands.nl\/#organization\",\"name\":\"Nauka Niderlandzkiego\",\"url\":\"https:\/\/anitanederlands.nl\/\",\"logo\":{\"@type\":\"ImageObject\",\"inLanguage\":\"nl-NL\",\"@id\":\"https:\/\/anitanederlands.nl\/#\/schema\/logo\/image\/\",\"url\":\"https:\/\/anitanederlands.nl\/wp-content\/uploads\/2022\/11\/cropped-Anita-Nederlands-voor-iedern.png\",\"contentUrl\":\"https:\/\/anitanederlands.nl\/wp-content\/uploads\/2022\/11\/cropped-Anita-Nederlands-voor-iedern.png\",\"width\":360,\"height\":120,\"caption\":\"Nauka Niderlandzkiego\"},\"image\":{\"@id\":\"https:\/\/anitanederlands.nl\/#\/schema\/logo\/image\/\"}}]}<\/script>\n<!-- \/ Yoast SEO plugin. -->","yoast_head_json":{"title":"Spreek Nederlands DONDERDAG Niveau A1.2 (A1+) \u2013 START 28 augustus 2025 \u2013 EINDE 13 november 2025 (pauze van 29-09-2025 tot 14-10-2025) - Nauka Niderlandzkiego","robots":{"index":"index","follow":"follow","max-snippet":"max-snippet:-1","max-image-preview":"max-image-preview:large","max-video-preview":"max-video-preview:-1"},"canonical":"https:\/\/anitanederlands.nl\/produkt\/spreek-nederlands-donderdag-niveau-a1-2-a1-start-28-augustus-2025-einde-13-november-2025-pauze-van-29-09-2025-tot-14-10-2025\/","og_locale":"nl_NL","og_type":"article","og_title":"Spreek Nederlands DONDERDAG Niveau A1.2 (A1+) \u2013 START 28 augustus 2025 \u2013 EINDE 13 november 2025 (pauze van 29-09-2025 tot 14-10-2025) - Nauka Niderlandzkiego","og_description":"De cursus heeft als doel je communicatie in het dagelijks leven te verbeteren: apotheek, dokter, verzekeringen, gesprekken met buren en vrienden, winkels, gesprekken met de vereniging van eigenaren en verhuurder, daten en relaties, het melden van problemen en schade. 10 themalessen: Hobby en vrije tijd besteden Praten over je hobby\u2019s, uitnodigen voor gezamenlijke activiteiten, gesprekken over weekendplannen. Plannen voor vakantie en reizen Hotels reserveren, gesprekken op de luchthaven of bij het reisbureau. Huis en dagelijks leven Gesprekken over huishoudelijke taken en gesprekken met buren. Plannen en toekomst Hoe je praat over toekomstplannen, vakanties, ambities en dromen. Problemen en noodsituaties Het melden van verloren voorwerpen, het inroepen van hulp, gesprekken met de politie of brandweer. Huisarts en apotheek Afspraak maken, verzetten en afzeggen, je klachten beschrijven, zinnen en vragen die je nodig hebt tijdens het gesprek, medicijnen ophalen, telefoongesprekken voeren met de doktersassistente en apotheek. Dates en menselijke relaties Gevoelens uiten, afspraken maken, kleine conflicten oplossen. Gesprekken in winkels Supermarkt, kleding- en schoenenwinkels, drogisterij Jouw appartement\/huis Gesprekken over huur, gesprekken met de vereniging van eigenaren, het melden van problemen in de woning. Verzekeringsmaatschappijen Soorten verzekeringen, het melden van problemen en schade, gesprekken over schadevergoedingen. Extra bonus: opnames van woordenschat en uitdrukkingen, plus video\u2019s met gesprekscripts en uitspraak. Hoe deze cursus is opgebouwd: \u2705 E\u00e9n keer per week een bijeenkomst van 2 uur, in totaal 20 uur, verspreid over 10 weken \u2705 Mogelijkheid om deel te nemen op locatie op school of online, bijvoorbeeld via\u2026 Zoom \u2705 Het programma is ontwikkeld om zo snel mogelijk uitdrukkingen aan te leren die je in het dagelijks leven kunt gebruiken \u2705 Tussen de lessen door ontvang je korte opnames van uitdrukkingen en volledige dialogen, die de stof effectief versterken en het hele proces van vloeiend en stressvrij spreken versnellen \u2705 Tijdens de lessen oefenen we meteen in de praktijk Doe mee aan de cursus vrij spreken en ontdek hoe snel je zelfvertrouwen kunt krijgen in het communiceren in het Nederlands!","og_url":"https:\/\/anitanederlands.nl\/produkt\/spreek-nederlands-donderdag-niveau-a1-2-a1-start-28-augustus-2025-einde-13-november-2025-pauze-van-29-09-2025-tot-14-10-2025\/","og_site_name":"Nauka Niderlandzkiego","twitter_card":"summary_large_image","schema":{"@context":"https:\/\/schema.org","@graph":[{"@type":"WebPage","@id":"https:\/\/anitanederlands.nl\/produkt\/spreek-nederlands-donderdag-niveau-a1-2-a1-start-28-augustus-2025-einde-13-november-2025-pauze-van-29-09-2025-tot-14-10-2025\/","url":"https:\/\/anitanederlands.nl\/produkt\/spreek-nederlands-donderdag-niveau-a1-2-a1-start-28-augustus-2025-einde-13-november-2025-pauze-van-29-09-2025-tot-14-10-2025\/","name":"Spreek Nederlands DONDERDAG Niveau A1.2 (A1+) \u2013 START 28 augustus 2025 \u2013 EINDE 13 november 2025 (pauze van 29-09-2025 tot 14-10-2025) - Nauka Niderlandzkiego","isPartOf":{"@id":"https:\/\/anitanederlands.nl\/#website"},"datePublished":"2025-07-02T14:41:55+00:00","breadcrumb":{"@id":"https:\/\/anitanederlands.nl\/produkt\/spreek-nederlands-donderdag-niveau-a1-2-a1-start-28-augustus-2025-einde-13-november-2025-pauze-van-29-09-2025-tot-14-10-2025\/#breadcrumb"},"inLanguage":"nl-NL","potentialAction":[{"@type":"ReadAction","target":["https:\/\/anitanederlands.nl\/produkt\/spreek-nederlands-donderdag-niveau-a1-2-a1-start-28-augustus-2025-einde-13-november-2025-pauze-van-29-09-2025-tot-14-10-2025\/"]}]},{"@type":"BreadcrumbList","@id":"https:\/\/anitanederlands.nl\/produkt\/spreek-nederlands-donderdag-niveau-a1-2-a1-start-28-augustus-2025-einde-13-november-2025-pauze-van-29-09-2025-tot-14-10-2025\/#breadcrumb","itemListElement":[{"@type":"ListItem","position":1,"name":"Strona g\u0142\u00f3wna","item":"https:\/\/anitanederlands.nl\/"},{"@type":"ListItem","position":2,"name":"Sklep","item":"https:\/\/anitanederlands.nl\/sklep\/"},{"@type":"ListItem","position":3,"name":"Spreek Nederlands DONDERDAG Niveau A1.2 (A1+) \u2013 START 28 augustus 2025 \u2013 EINDE 13 november 2025 (pauze van 29-09-2025 tot 14-10-2025)"}]},{"@type":"WebSite","@id":"https:\/\/anitanederlands.nl\/#website","url":"https:\/\/anitanederlands.nl\/","name":"Nauka Niderlandzkiego","description":"Sprawi\u0107 by niemo\u017cliwe sta\u0142o si\u0119 mo\u017cliwym","publisher":{"@id":"https:\/\/anitanederlands.nl\/#organization"},"potentialAction":[{"@type":"SearchAction","target":{"@type":"EntryPoint","urlTemplate":"https:\/\/anitanederlands.nl\/?s={search_term_string}"},"query-input":{"@type":"PropertyValueSpecification","valueRequired":true,"valueName":"search_term_string"}}],"inLanguage":"nl-NL"},{"@type":"Organization","@id":"https:\/\/anitanederlands.nl\/#organization","name":"Nauka Niderlandzkiego","url":"https:\/\/anitanederlands.nl\/","logo":{"@type":"ImageObject","inLanguage":"nl-NL","@id":"https:\/\/anitanederlands.nl\/#\/schema\/logo\/image\/","url":"https:\/\/anitanederlands.nl\/wp-content\/uploads\/2022\/11\/cropped-Anita-Nederlands-voor-iedern.png","contentUrl":"https:\/\/anitanederlands.nl\/wp-content\/uploads\/2022\/11\/cropped-Anita-Nederlands-voor-iedern.png","width":360,"height":120,"caption":"Nauka Niderlandzkiego"},"image":{"@id":"https:\/\/anitanederlands.nl\/#\/schema\/logo\/image\/"}}]}},"_links":{"self":[{"href":"https:\/\/anitanederlands.nl\/nl\/wp-json\/wp\/v2\/product\/2787","targetHints":{"allow":["GET"]}}],"collection":[{"href":"https:\/\/anitanederlands.nl\/nl\/wp-json\/wp\/v2\/product"}],"about":[{"href":"https:\/\/anitanederlands.nl\/nl\/wp-json\/wp\/v2\/types\/product"}],"replies":[{"embeddable":true,"href":"https:\/\/anitanederlands.nl\/nl\/wp-json\/wp\/v2\/comments?post=2787"}],"version-history":[{"count":0,"href":"https:\/\/anitanederlands.nl\/nl\/wp-json\/wp\/v2\/product\/2787\/revisions"}],"wp:attachment":[{"href":"https:\/\/anitanederlands.nl\/nl\/wp-json\/wp\/v2\/media?parent=2787"}],"wp:term":[{"taxonomy":"product_brand","embeddable":true,"href":"https:\/\/anitanederlands.nl\/nl\/wp-json\/wp\/v2\/product_brand?post=2787"},{"taxonomy":"product_cat","embeddable":true,"href":"https:\/\/anitanederlands.nl\/nl\/wp-json\/wp\/v2\/product_cat?post=2787"},{"taxonomy":"product_tag","embeddable":true,"href":"https:\/\/anitanederlands.nl\/nl\/wp-json\/wp\/v2\/product_tag?post=2787"}],"curies":[{"name":"wp","href":"https:\/\/api.w.org\/{rel}","templated":true}]}}