{"id":2518,"date":"2025-03-10T23:22:17","date_gmt":"2025-03-10T22:22:17","guid":{"rendered":"https:\/\/anitanederlands.nl\/?post_type=product&#038;p=2518"},"modified":"2025-03-21T00:09:04","modified_gmt":"2025-03-20T23:09:04","slug":"warsztaty-efektywna-nauka-jezyka-obcego-z-eft","status":"publish","type":"product","link":"https:\/\/anitanederlands.nl\/nl\/produkt\/warsztaty-efektywna-nauka-jezyka-obcego-z-eft\/","title":{"rendered":"Warsztaty Efektywna nauka j\u0119zyka obcego z EFT"},"content":{"rendered":"<p><b>Efektywna nauka j\u0119zyka obcego z EFT \u2013 prze\u0142am blokady i odkryj sw\u00f3j potencja\u0142!\u00a0<\/b><\/p>\n<p><span style=\"font-weight: 400;\">Czy zdarzy\u0142o Ci si\u0119 my\u015ble\u0107, \u017ce nauka j\u0119zyka obcego jest dla Ciebie zbyt trudna? A mo\u017ce brakuje Ci\u00a0 systematyczno\u015bci, motywacji lub odwagi, by m\u00f3wi\u0107 w nowym j\u0119zyku, ci\u0105gle si\u0119 stresujesz i czujesz, \u017ce\u00a0 innym wychodzi, a Tobie nie ? Je\u015bli tak \u2013 ten warsztat jest w\u0142a\u015bnie dla Ciebie!\u00a0<\/span><\/p>\n<p><span style=\"font-weight: 400;\">Zapraszamy na <\/span><b>transformacyjny warsztat EFT (Emotional Freedom Techniques)<\/b><span style=\"font-weight: 400;\">, kt\u00f3ry pomo\u017ce Ci\u00a0 przepracowa\u0107 blokady, niewspieraj\u0105ce przekonania i emocje, kt\u00f3re utrudniaj\u0105 Ci skuteczn\u0105 nauk\u0119\u00a0 j\u0119zyka obcego. <\/span><b>EFT to sprawdzona metoda pracy z emocjami<\/b><span style=\"font-weight: 400;\">, kt\u00f3ra \u0142\u0105czy elementy akupresury i\u00a0 terapii poznawczo-behawioralnej, uwalniaj\u0105c napi\u0119cia i ograniczenia zapisane w Twojej\u00a0 pod\u015bwiadomo\u015bci. Tutaj od razu dzia\u0142asz i zmieniasz podczas kilkuminutowych rund EFT. Nie\u00a0 potrzebujesz ca\u0142ych dni i nabierasz pozytywnego nastawienia. <\/span><b>M\u00f3zg odpr\u0119\u017cony to m\u00f3zg\u00a0 przyswajaj\u0105cy wiedz\u0119 jak g\u0105bka.\u00a0<\/b><\/p>\n<p><b>Co zyskasz, bior\u0105c udzia\u0142 w warsztacie?\u00a0<\/b><\/p>\n<p><b>\u00a0<\/b><span style=\"font-weight: 400;\">Uwolnisz si\u0119 od przekona\u0144, kt\u00f3re sabotuj\u0105 Twoj\u0105 nauk\u0119 (np. \u201eNie mam talentu do j\u0119zyk\u00f3w\u201d,\u00a0 \u201eJestem za stary\/a na nauk\u0119\u201d) i l\u0119k przed pora\u017ck\u0105.\u00a0<\/span><\/p>\n<p><span style=\"font-weight: 400;\">\u00a0Przepracujesz stres i napi\u0119cie zwi\u0105zane z m\u00f3wieniem w obcym j\u0119zyku.\u00a0<\/span><\/p>\n<p><span style=\"font-weight: 400;\">\u00a0Pozb\u0119dziesz si\u0119 prokrastynacji i braku systematyczno\u015bci.\u00a0<\/span><\/p>\n<p><span style=\"font-weight: 400;\">\u00a0Zbudujesz siln\u0105 motywacj\u0119 i pewno\u015b\u0107 siebie w procesie nauki.\u00a0<\/span><\/p>\n<p><span style=\"font-weight: 400;\">\u00a0Nauczysz si\u0119 skutecznych afirmacji wzmacniaj\u0105cych Twoje post\u0119py.\u00a0<\/span><\/p>\n<p><span style=\"font-weight: 400;\">\u00a0Odkryjesz techniki EFT, kt\u00f3re mo\u017cesz stosowa\u0107 na co dzie\u0144, by skuteczniej przyswaja\u0107 nowy j\u0119zyk.\u00a0<\/span><\/p>\n<p><b>Struktura warsztatu \u2013 krok po kroku do sukcesu!\u00a0<\/b><\/p>\n<p><span style=\"font-weight: 400;\">Ka\u017cda runda warsztatu to jedno z kluczowych wyzwa\u0144 w nauce j\u0119zyka. B\u0119dziemy pracowa\u0107 z takimi\u00a0 blokadami jak np:\u00a0\u00a0<\/span><\/p>\n<p><span style=\"font-weight: 400;\">\u00a0Brak wiary w swoje mo\u017cliwo\u015bci (np. \u201eNie mam talentu do j\u0119zyk\u00f3w\u201d).\u00a0<\/span><\/p>\n<p><span style=\"font-weight: 400;\">\u00a0Strach przed b\u0142\u0119dami i ocen\u0105 innych.\u00a0<\/span><\/p>\n<p><span style=\"font-weight: 400;\">\u00a0Brak motywacji, presja i frustracja.\u00a0<\/span><\/p>\n<p><span style=\"font-weight: 400;\">\u00a0Prokrastynacja, rozpraszacze np. telefon i brak systematyczno\u015bci.\u00a0<\/span><\/p>\n<p><span style=\"font-weight: 400;\">\u00a0Stres i napi\u0119cie podczas rozmowy w j\u0119zyku obcym oraz brak wiary w siebie.\u00a0<\/span><\/p>\n<p><span style=\"font-weight: 400;\">Opr\u00f3cz pracy z blokadami, wprowadzimy <\/span><b>rundy afirmacyjne<\/b><span style=\"font-weight: 400;\">, kt\u00f3re pomog\u0105 Ci wzmocni\u0107 motywacj\u0119,\u00a0 pewno\u015b\u0107 siebie i koncentracj\u0119 i uwolni\u0105 zniech\u0119cenie. Pracuj\u0105c z punktami meridianowymi, otworzysz\u00a0 si\u0119 na nowe mo\u017cliwo\u015bci i przyswajanie j\u0119zyka stanie si\u0119 \u0142atwiejsze i bardziej naturalne.\u00a0<\/span><\/p>\n<p><b>Dlaczego warto?\u00a0<\/b><\/p>\n<p><b>\u00a0Ca\u0142o\u015bciowe podej\u015bcie <\/b><span style=\"font-weight: 400;\">\u2013 pracujemy zar\u00f3wno na poziomie mentalnym, emocjonalnym, jak i\u00a0 energetycznym.\u00a0<\/span><\/p>\n<p><span style=\"font-weight: 400;\">\u00a0<\/span><b>Sprawdzona metoda <\/b><span style=\"font-weight: 400;\">\u2013 EFT to technika uznawana za skuteczn\u0105 w redukcji stresu i blokad\u00a0 emocjonalnych.<\/span><\/p>\n<p><span style=\"font-weight: 400;\">\u00a0<\/span><b>Indywidualna i grupowa praca <\/b><span style=\"font-weight: 400;\">\u2013 dzi\u0119ki kt\u00f3rej lepiej poznasz swoje schematy i zyskasz wsparcie.\u00a0 <\/span><b>Realne efekty <\/b><span style=\"font-weight: 400;\">\u2013 uczestnicy naszych warsztat\u00f3w do\u015bwiadczaj\u0105 prze\u0142om\u00f3w w nauce j\u0119zyka! <\/span><\/p>\n","protected":false},"excerpt":{"rendered":"<p><span style=\"font-weight: 400;\">Nie pozw\u00f3l, aby blokady i niewspieraj\u0105ce przekonania powstrzymywa\u0142y Ci\u0119 przed swobodnym\u00a0 m\u00f3wieniem w j\u0119zyku obcym! <\/span><b>Zapisz si\u0119 ju\u017c teraz i rozpocznij swoj\u0105 j\u0119zykow\u0105 transformacj\u0119 z EFT!<\/b><\/p>\n","protected":false},"featured_media":2519,"comment_status":"open","ping_status":"closed","template":"","meta":{"site-sidebar-layout":"default","site-content-layout":"","ast-site-content-layout":"default","site-content-style":"default","site-sidebar-style":"default","ast-global-header-display":"","ast-banner-title-visibility":"","ast-main-header-display":"","ast-hfb-above-header-display":"","ast-hfb-below-header-display":"","ast-hfb-mobile-header-display":"","site-post-title":"","ast-breadcrumbs-content":"","ast-featured-img":"","footer-sml-layout":"","ast-disable-related-posts":"","theme-transparent-header-meta":"default","adv-header-id-meta":"","stick-header-meta":"","header-above-stick-meta":"","header-main-stick-meta":"","header-below-stick-meta":"","astra-migrate-meta-layouts":"set","ast-page-background-enabled":"default","ast-page-background-meta":{"desktop":{"background-color":"var(--ast-global-color-4)","background-image":"","background-repeat":"repeat","background-position":"center center","background-size":"auto","background-attachment":"scroll","background-type":"","background-media":"","overlay-type":"","overlay-color":"","overlay-opacity":"","overlay-gradient":""},"tablet":{"background-color":"","background-image":"","background-repeat":"repeat","background-position":"center center","background-size":"auto","background-attachment":"scroll","background-type":"","background-media":"","overlay-type":"","overlay-color":"","overlay-opacity":"","overlay-gradient":""},"mobile":{"background-color":"","background-image":"","background-repeat":"repeat","background-position":"center center","background-size":"auto","background-attachment":"scroll","background-type":"","background-media":"","overlay-type":"","overlay-color":"","overlay-opacity":"","overlay-gradient":""}},"ast-content-background-meta":{"desktop":{"background-color":"var(--ast-global-color-5)","background-image":"","background-repeat":"repeat","background-position":"center center","background-size":"auto","background-attachment":"scroll","background-type":"","background-media":"","overlay-type":"","overlay-color":"","overlay-opacity":"","overlay-gradient":""},"tablet":{"background-color":"var(--ast-global-color-5)","background-image":"","background-repeat":"repeat","background-position":"center center","background-size":"auto","background-attachment":"scroll","background-type":"","background-media":"","overlay-type":"","overlay-color":"","overlay-opacity":"","overlay-gradient":""},"mobile":{"background-color":"var(--ast-global-color-5)","background-image":"","background-repeat":"repeat","background-position":"center center","background-size":"auto","background-attachment":"scroll","background-type":"","background-media":"","overlay-type":"","overlay-color":"","overlay-opacity":"","overlay-gradient":""}},"_price":"129.99","_stock":"","_tribe_ticket_header":"","_tribe_default_ticket_provider":"","_tribe_ticket_capacity":"0","_ticket_start_date":"","_ticket_end_date":"","_tribe_ticket_show_description":"","_tribe_ticket_show_not_going":false,"_tribe_ticket_use_global_stock":"","_tribe_ticket_global_stock_level":"","_global_stock_mode":"","_global_stock_cap":"","_tribe_rsvp_for_event":"","_tribe_ticket_going_count":"","_tribe_ticket_not_going_count":"","_tribe_tickets_list":"[]","_tribe_ticket_has_attendee_info_fields":false,"_tec_slr_enabled":"","_tec_slr_layout":""},"product_brand":[],"product_cat":[53],"product_tag":[],"class_list":{"0":"post-2518","1":"product","2":"type-product","3":"status-publish","4":"has-post-thumbnail","6":"product_cat-warsztaty-online","7":"desktop-align-left","8":"tablet-align-left","9":"mobile-align-left","11":"first","12":"instock","13":"virtual","14":"purchasable","15":"product-type-simple"},"yoast_head":"<!-- This site is optimized with the Yoast SEO plugin v27.4 - https:\/\/yoast.com\/product\/yoast-seo-wordpress\/ -->\n<title>Warsztaty Efektywna nauka j\u0119zyka obcego z EFT - Nauka Niderlandzkiego<\/title>\n<meta name=\"description\" content=\"Warsztaty online Efektywna nauka j\u0119zyka obcego z eft.\" \/>\n<meta name=\"robots\" content=\"index, follow, max-snippet:-1, max-image-preview:large, max-video-preview:-1\" \/>\n<link rel=\"canonical\" href=\"https:\/\/anitanederlands.nl\/produkt\/warsztaty-efektywna-nauka-jezyka-obcego-z-eft\/\" \/>\n<meta property=\"og:locale\" content=\"nl_NL\" \/>\n<meta property=\"og:type\" content=\"article\" \/>\n<meta property=\"og:title\" content=\"Warsztaty Efektywna nauka j\u0119zyka obcego z EFT - Nauka Niderlandzkiego\" \/>\n<meta property=\"og:description\" content=\"Warsztaty online Efektywna nauka j\u0119zyka obcego z eft.\" \/>\n<meta property=\"og:url\" content=\"https:\/\/anitanederlands.nl\/produkt\/warsztaty-efektywna-nauka-jezyka-obcego-z-eft\/\" \/>\n<meta property=\"og:site_name\" content=\"Nauka Niderlandzkiego\" \/>\n<meta property=\"article:modified_time\" content=\"2025-03-20T23:09:04+00:00\" \/>\n<meta property=\"og:image\" content=\"https:\/\/anitanederlands.nl\/wp-content\/uploads\/2025\/03\/1.png\" \/>\n\t<meta property=\"og:image:width\" content=\"1080\" \/>\n\t<meta property=\"og:image:height\" content=\"1080\" \/>\n\t<meta property=\"og:image:type\" content=\"image\/png\" \/>\n<meta name=\"twitter:card\" content=\"summary_large_image\" \/>\n<meta name=\"twitter:label1\" content=\"Geschatte leestijd\" \/>\n\t<meta name=\"twitter:data1\" content=\"3 minuten\" \/>\n<script type=\"application\/ld+json\" class=\"yoast-schema-graph\">{\"@context\":\"https:\\\/\\\/schema.org\",\"@graph\":[{\"@type\":\"WebPage\",\"@id\":\"https:\\\/\\\/anitanederlands.nl\\\/produkt\\\/warsztaty-efektywna-nauka-jezyka-obcego-z-eft\\\/\",\"url\":\"https:\\\/\\\/anitanederlands.nl\\\/produkt\\\/warsztaty-efektywna-nauka-jezyka-obcego-z-eft\\\/\",\"name\":\"Warsztaty Efektywna nauka j\u0119zyka obcego z EFT - Nauka Niderlandzkiego\",\"isPartOf\":{\"@id\":\"https:\\\/\\\/anitanederlands.nl\\\/#website\"},\"primaryImageOfPage\":{\"@id\":\"https:\\\/\\\/anitanederlands.nl\\\/produkt\\\/warsztaty-efektywna-nauka-jezyka-obcego-z-eft\\\/#primaryimage\"},\"image\":{\"@id\":\"https:\\\/\\\/anitanederlands.nl\\\/produkt\\\/warsztaty-efektywna-nauka-jezyka-obcego-z-eft\\\/#primaryimage\"},\"thumbnailUrl\":\"https:\\\/\\\/anitanederlands.nl\\\/wp-content\\\/uploads\\\/2025\\\/03\\\/1.png\",\"datePublished\":\"2025-03-10T22:22:17+00:00\",\"dateModified\":\"2025-03-20T23:09:04+00:00\",\"description\":\"Warsztaty online Efektywna nauka j\u0119zyka obcego z eft.\",\"breadcrumb\":{\"@id\":\"https:\\\/\\\/anitanederlands.nl\\\/produkt\\\/warsztaty-efektywna-nauka-jezyka-obcego-z-eft\\\/#breadcrumb\"},\"inLanguage\":\"nl-NL\",\"potentialAction\":[{\"@type\":\"ReadAction\",\"target\":[\"https:\\\/\\\/anitanederlands.nl\\\/produkt\\\/warsztaty-efektywna-nauka-jezyka-obcego-z-eft\\\/\"]}]},{\"@type\":\"ImageObject\",\"inLanguage\":\"nl-NL\",\"@id\":\"https:\\\/\\\/anitanederlands.nl\\\/produkt\\\/warsztaty-efektywna-nauka-jezyka-obcego-z-eft\\\/#primaryimage\",\"url\":\"https:\\\/\\\/anitanederlands.nl\\\/wp-content\\\/uploads\\\/2025\\\/03\\\/1.png\",\"contentUrl\":\"https:\\\/\\\/anitanederlands.nl\\\/wp-content\\\/uploads\\\/2025\\\/03\\\/1.png\",\"width\":1080,\"height\":1080,\"caption\":\"Warsztaty Efektywna nauka j\u0119zyka obcego z EFT\"},{\"@type\":\"BreadcrumbList\",\"@id\":\"https:\\\/\\\/anitanederlands.nl\\\/produkt\\\/warsztaty-efektywna-nauka-jezyka-obcego-z-eft\\\/#breadcrumb\",\"itemListElement\":[{\"@type\":\"ListItem\",\"position\":1,\"name\":\"Strona g\u0142\u00f3wna\",\"item\":\"https:\\\/\\\/anitanederlands.nl\\\/\"},{\"@type\":\"ListItem\",\"position\":2,\"name\":\"Sklep\",\"item\":\"https:\\\/\\\/anitanederlands.nl\\\/sklep\\\/\"},{\"@type\":\"ListItem\",\"position\":3,\"name\":\"Warsztaty Efektywna nauka j\u0119zyka obcego z EFT\"}]},{\"@type\":\"WebSite\",\"@id\":\"https:\\\/\\\/anitanederlands.nl\\\/#website\",\"url\":\"https:\\\/\\\/anitanederlands.nl\\\/\",\"name\":\"Nauka Niderlandzkiego\",\"description\":\"Sprawi\u0107 by niemo\u017cliwe sta\u0142o si\u0119 mo\u017cliwym\",\"publisher\":{\"@id\":\"https:\\\/\\\/anitanederlands.nl\\\/#organization\"},\"potentialAction\":[{\"@type\":\"SearchAction\",\"target\":{\"@type\":\"EntryPoint\",\"urlTemplate\":\"https:\\\/\\\/anitanederlands.nl\\\/?s={search_term_string}\"},\"query-input\":{\"@type\":\"PropertyValueSpecification\",\"valueRequired\":true,\"valueName\":\"search_term_string\"}}],\"inLanguage\":\"nl-NL\"},{\"@type\":\"Organization\",\"@id\":\"https:\\\/\\\/anitanederlands.nl\\\/#organization\",\"name\":\"Nauka Niderlandzkiego\",\"url\":\"https:\\\/\\\/anitanederlands.nl\\\/\",\"logo\":{\"@type\":\"ImageObject\",\"inLanguage\":\"nl-NL\",\"@id\":\"https:\\\/\\\/anitanederlands.nl\\\/#\\\/schema\\\/logo\\\/image\\\/\",\"url\":\"https:\\\/\\\/anitanederlands.nl\\\/wp-content\\\/uploads\\\/2022\\\/11\\\/cropped-Anita-Nederlands-voor-iedern.png\",\"contentUrl\":\"https:\\\/\\\/anitanederlands.nl\\\/wp-content\\\/uploads\\\/2022\\\/11\\\/cropped-Anita-Nederlands-voor-iedern.png\",\"width\":360,\"height\":120,\"caption\":\"Nauka Niderlandzkiego\"},\"image\":{\"@id\":\"https:\\\/\\\/anitanederlands.nl\\\/#\\\/schema\\\/logo\\\/image\\\/\"}}]}<\/script>\n<!-- \/ Yoast SEO plugin. -->","yoast_head_json":{"title":"Warsztaty Efektywna nauka j\u0119zyka obcego z EFT - Nauka Niderlandzkiego","description":"Warsztaty online Efektywna nauka j\u0119zyka obcego z eft.","robots":{"index":"index","follow":"follow","max-snippet":"max-snippet:-1","max-image-preview":"max-image-preview:large","max-video-preview":"max-video-preview:-1"},"canonical":"https:\/\/anitanederlands.nl\/produkt\/warsztaty-efektywna-nauka-jezyka-obcego-z-eft\/","og_locale":"nl_NL","og_type":"article","og_title":"Warsztaty Efektywna nauka j\u0119zyka obcego z EFT - Nauka Niderlandzkiego","og_description":"Warsztaty online Efektywna nauka j\u0119zyka obcego z eft.","og_url":"https:\/\/anitanederlands.nl\/produkt\/warsztaty-efektywna-nauka-jezyka-obcego-z-eft\/","og_site_name":"Nauka Niderlandzkiego","article_modified_time":"2025-03-20T23:09:04+00:00","og_image":[{"width":1080,"height":1080,"url":"https:\/\/anitanederlands.nl\/wp-content\/uploads\/2025\/03\/1.png","type":"image\/png"}],"twitter_card":"summary_large_image","twitter_misc":{"Geschatte leestijd":"3 minuten"},"schema":{"@context":"https:\/\/schema.org","@graph":[{"@type":"WebPage","@id":"https:\/\/anitanederlands.nl\/produkt\/warsztaty-efektywna-nauka-jezyka-obcego-z-eft\/","url":"https:\/\/anitanederlands.nl\/produkt\/warsztaty-efektywna-nauka-jezyka-obcego-z-eft\/","name":"Warsztaty Efektywna nauka j\u0119zyka obcego z EFT - Nauka Niderlandzkiego","isPartOf":{"@id":"https:\/\/anitanederlands.nl\/#website"},"primaryImageOfPage":{"@id":"https:\/\/anitanederlands.nl\/produkt\/warsztaty-efektywna-nauka-jezyka-obcego-z-eft\/#primaryimage"},"image":{"@id":"https:\/\/anitanederlands.nl\/produkt\/warsztaty-efektywna-nauka-jezyka-obcego-z-eft\/#primaryimage"},"thumbnailUrl":"https:\/\/anitanederlands.nl\/wp-content\/uploads\/2025\/03\/1.png","datePublished":"2025-03-10T22:22:17+00:00","dateModified":"2025-03-20T23:09:04+00:00","description":"Warsztaty online Efektywna nauka j\u0119zyka obcego z eft.","breadcrumb":{"@id":"https:\/\/anitanederlands.nl\/produkt\/warsztaty-efektywna-nauka-jezyka-obcego-z-eft\/#breadcrumb"},"inLanguage":"nl-NL","potentialAction":[{"@type":"ReadAction","target":["https:\/\/anitanederlands.nl\/produkt\/warsztaty-efektywna-nauka-jezyka-obcego-z-eft\/"]}]},{"@type":"ImageObject","inLanguage":"nl-NL","@id":"https:\/\/anitanederlands.nl\/produkt\/warsztaty-efektywna-nauka-jezyka-obcego-z-eft\/#primaryimage","url":"https:\/\/anitanederlands.nl\/wp-content\/uploads\/2025\/03\/1.png","contentUrl":"https:\/\/anitanederlands.nl\/wp-content\/uploads\/2025\/03\/1.png","width":1080,"height":1080,"caption":"Warsztaty Efektywna nauka j\u0119zyka obcego z EFT"},{"@type":"BreadcrumbList","@id":"https:\/\/anitanederlands.nl\/produkt\/warsztaty-efektywna-nauka-jezyka-obcego-z-eft\/#breadcrumb","itemListElement":[{"@type":"ListItem","position":1,"name":"Strona g\u0142\u00f3wna","item":"https:\/\/anitanederlands.nl\/"},{"@type":"ListItem","position":2,"name":"Sklep","item":"https:\/\/anitanederlands.nl\/sklep\/"},{"@type":"ListItem","position":3,"name":"Warsztaty Efektywna nauka j\u0119zyka obcego z EFT"}]},{"@type":"WebSite","@id":"https:\/\/anitanederlands.nl\/#website","url":"https:\/\/anitanederlands.nl\/","name":"Nauka Niderlandzkiego","description":"Sprawi\u0107 by niemo\u017cliwe sta\u0142o si\u0119 mo\u017cliwym","publisher":{"@id":"https:\/\/anitanederlands.nl\/#organization"},"potentialAction":[{"@type":"SearchAction","target":{"@type":"EntryPoint","urlTemplate":"https:\/\/anitanederlands.nl\/?s={search_term_string}"},"query-input":{"@type":"PropertyValueSpecification","valueRequired":true,"valueName":"search_term_string"}}],"inLanguage":"nl-NL"},{"@type":"Organization","@id":"https:\/\/anitanederlands.nl\/#organization","name":"Nauka Niderlandzkiego","url":"https:\/\/anitanederlands.nl\/","logo":{"@type":"ImageObject","inLanguage":"nl-NL","@id":"https:\/\/anitanederlands.nl\/#\/schema\/logo\/image\/","url":"https:\/\/anitanederlands.nl\/wp-content\/uploads\/2022\/11\/cropped-Anita-Nederlands-voor-iedern.png","contentUrl":"https:\/\/anitanederlands.nl\/wp-content\/uploads\/2022\/11\/cropped-Anita-Nederlands-voor-iedern.png","width":360,"height":120,"caption":"Nauka Niderlandzkiego"},"image":{"@id":"https:\/\/anitanederlands.nl\/#\/schema\/logo\/image\/"}}]}},"_links":{"self":[{"href":"https:\/\/anitanederlands.nl\/nl\/wp-json\/wp\/v2\/product\/2518","targetHints":{"allow":["GET"]}}],"collection":[{"href":"https:\/\/anitanederlands.nl\/nl\/wp-json\/wp\/v2\/product"}],"about":[{"href":"https:\/\/anitanederlands.nl\/nl\/wp-json\/wp\/v2\/types\/product"}],"replies":[{"embeddable":true,"href":"https:\/\/anitanederlands.nl\/nl\/wp-json\/wp\/v2\/comments?post=2518"}],"version-history":[{"count":1,"href":"https:\/\/anitanederlands.nl\/nl\/wp-json\/wp\/v2\/product\/2518\/revisions"}],"predecessor-version":[{"id":2525,"href":"https:\/\/anitanederlands.nl\/nl\/wp-json\/wp\/v2\/product\/2518\/revisions\/2525"}],"wp:featuredmedia":[{"embeddable":true,"href":"https:\/\/anitanederlands.nl\/nl\/wp-json\/wp\/v2\/media\/2519"}],"wp:attachment":[{"href":"https:\/\/anitanederlands.nl\/nl\/wp-json\/wp\/v2\/media?parent=2518"}],"wp:term":[{"taxonomy":"product_brand","embeddable":true,"href":"https:\/\/anitanederlands.nl\/nl\/wp-json\/wp\/v2\/product_brand?post=2518"},{"taxonomy":"product_cat","embeddable":true,"href":"https:\/\/anitanederlands.nl\/nl\/wp-json\/wp\/v2\/product_cat?post=2518"},{"taxonomy":"product_tag","embeddable":true,"href":"https:\/\/anitanederlands.nl\/nl\/wp-json\/wp\/v2\/product_tag?post=2518"}],"curies":[{"name":"wp","href":"https:\/\/api.w.org\/{rel}","templated":true}]}}