{"id":2347,"date":"2024-12-03T10:01:29","date_gmt":"2024-12-03T09:01:29","guid":{"rendered":"https:\/\/anitanederlands.nl\/produkt\/kurs-intensywnego-mowienia-po-kursie-poczatkujacym-a1-2-a1-18-stycznia-22-marca-2025\/"},"modified":"2025-04-11T14:46:59","modified_gmt":"2025-04-11T12:46:59","slug":"kurs-intensywnego-mowienia-po-kursie-poczatkujacym-a1-2-a1-18-stycznia-22-marca-2025","status":"publish","type":"product","link":"https:\/\/anitanederlands.nl\/nl\/produkt\/kurs-intensywnego-mowienia-po-kursie-poczatkujacym-a1-2-a1-18-stycznia-22-marca-2025\/","title":{"rendered":"M\u00f3w po niderlandzku! Intensywny kurs konwersacyjny A1.2 (a1+)10 maja do 26 lipca 2025 12.00-14.00 ( wolne 24 en 31 maja 2025)"},"content":{"rendered":"","protected":false},"excerpt":{"rendered":"<p>M\u00f3w po niderlandzku! Intensywny kurs konwersacyjny A1.2 (a1+)10 maja do 26 lipca 2025 12.00-14.00 ( wolne 24 en 31 maja 2025) <\/p>\n<p>10 tygodni, 20 godzin m\u00f3wienia i rozm\u00f3w tematycznych<\/p>\n<p>Koszt 325euro<\/p>\n<p>Dodatkowy bonus: nagrania s\u0142ownictwa i zwrot\u00f3w oraz filmiki ze skryptami rozm\u00f3w i wymow\u0105 ( Mini lekcje niderlandzkiego do twojej dyspozycji po ka\u017cdych zaj\u0119ciach)<\/p>\n<p>Kurs ma na celu usprawni\u0107 twoj\u0105 komunikacj\u0119 w \u017cyciu codziennym: apteka, lekarz, ubezpieczalnie, rozmowy z s\u0105siadami i znajomymi, sklepy, rozmowy ze sp\u00f3\u0142dzielni\u0105 i w\u0142a\u015bcicielem mieszkania, randki i relacje mi\u0119dzyludzkie, zg\u0142aszanie problem\u00f3w i szk\u00f3d<\/p>\n<p>Dok\u0142adny program kursu znajdziesz pod &#8220;KURSY GRUPOWE&#8221;<\/p>\n","protected":false},"featured_media":0,"comment_status":"open","ping_status":"closed","template":"","meta":{"site-sidebar-layout":"default","site-content-layout":"","ast-site-content-layout":"default","site-content-style":"default","site-sidebar-style":"default","ast-global-header-display":"","ast-banner-title-visibility":"","ast-main-header-display":"","ast-hfb-above-header-display":"","ast-hfb-below-header-display":"","ast-hfb-mobile-header-display":"","site-post-title":"","ast-breadcrumbs-content":"","ast-featured-img":"","footer-sml-layout":"","ast-disable-related-posts":"","theme-transparent-header-meta":"default","adv-header-id-meta":"","stick-header-meta":"","header-above-stick-meta":"","header-main-stick-meta":"","header-below-stick-meta":"","astra-migrate-meta-layouts":"set","ast-page-background-enabled":"default","ast-page-background-meta":{"desktop":{"background-color":"var(--ast-global-color-4)","background-image":"","background-repeat":"repeat","background-position":"center center","background-size":"auto","background-attachment":"scroll","background-type":"","background-media":"","overlay-type":"","overlay-color":"","overlay-opacity":"","overlay-gradient":""},"tablet":{"background-color":"","background-image":"","background-repeat":"repeat","background-position":"center center","background-size":"auto","background-attachment":"scroll","background-type":"","background-media":"","overlay-type":"","overlay-color":"","overlay-opacity":"","overlay-gradient":""},"mobile":{"background-color":"","background-image":"","background-repeat":"repeat","background-position":"center center","background-size":"auto","background-attachment":"scroll","background-type":"","background-media":"","overlay-type":"","overlay-color":"","overlay-opacity":"","overlay-gradient":""}},"ast-content-background-meta":{"desktop":{"background-color":"var(--ast-global-color-5)","background-image":"","background-repeat":"repeat","background-position":"center center","background-size":"auto","background-attachment":"scroll","background-type":"","background-media":"","overlay-type":"","overlay-color":"","overlay-opacity":"","overlay-gradient":""},"tablet":{"background-color":"var(--ast-global-color-5)","background-image":"","background-repeat":"repeat","background-position":"center center","background-size":"auto","background-attachment":"scroll","background-type":"","background-media":"","overlay-type":"","overlay-color":"","overlay-opacity":"","overlay-gradient":""},"mobile":{"background-color":"var(--ast-global-color-5)","background-image":"","background-repeat":"repeat","background-position":"center center","background-size":"auto","background-attachment":"scroll","background-type":"","background-media":"","overlay-type":"","overlay-color":"","overlay-opacity":"","overlay-gradient":""}},"_price":"345.00","_stock":"0","_tribe_ticket_header":"","_tribe_default_ticket_provider":"","_ticket_start_date":"2025-03-12 00:00:00","_ticket_end_date":"2025-05-17 00:00:00","_tribe_ticket_show_description":"yes","_tribe_ticket_show_not_going":false,"_tribe_ticket_use_global_stock":"","_tribe_ticket_global_stock_level":"","_global_stock_mode":"capped","_global_stock_cap":"","_tribe_rsvp_for_event":"","_tribe_ticket_going_count":"","_tribe_ticket_not_going_count":"","_tribe_tickets_list":"[]","_tribe_ticket_has_attendee_info_fields":false,"_tec_slr_enabled":"","_tec_slr_layout":""},"product_brand":[],"product_cat":[],"product_tag":[],"class_list":{"0":"post-2347","1":"product","2":"type-product","3":"status-publish","5":"desktop-align-left","6":"tablet-align-left","7":"mobile-align-left","9":"first","10":"outofstock","11":"virtual","12":"purchasable","13":"product-type-simple"},"yoast_head":"<!-- This site is optimized with the Yoast SEO plugin v27.1.1 - https:\/\/yoast.com\/product\/yoast-seo-wordpress\/ -->\n<title>M\u00f3w po niderlandzku! Intensywny kurs konwersacyjny A1.2 (a1+)10 maja do 26 lipca 2025 12.00-14.00 ( wolne 24 en 31 maja 2025) - Nauka Niderlandzkiego<\/title>\n<meta name=\"robots\" content=\"index, follow, max-snippet:-1, max-image-preview:large, max-video-preview:-1\" \/>\n<link rel=\"canonical\" href=\"https:\/\/anitanederlands.nl\/kurs\/sobota-mow-po-niderlandzku-intensywny-kurs-konwersacyjny-a1-2-a110-maja-do-26-lipca-2025\/\" \/>\n<meta property=\"og:locale\" content=\"nl_NL\" \/>\n<meta property=\"og:type\" content=\"article\" \/>\n<meta property=\"og:title\" content=\"M\u00f3w po niderlandzku! Intensywny kurs konwersacyjny A1.2 (a1+)10 maja do 26 lipca 2025 12.00-14.00 ( wolne 24 en 31 maja 2025) - Nauka Niderlandzkiego\" \/>\n<meta property=\"og:description\" content=\"M\u00f3w po niderlandzku! Intensywny kurs konwersacyjny A1.2 (a1+)10 maja do 26 lipca 2025 12.00-14.00 ( wolne 24 en 31 maja 2025)   10 tygodni, 20 godzin m\u00f3wienia i rozm\u00f3w tematycznych  Koszt 325euro  Dodatkowy bonus: nagrania s\u0142ownictwa i zwrot\u00f3w oraz filmiki ze skryptami rozm\u00f3w i wymow\u0105 ( Mini lekcje niderlandzkiego do twojej dyspozycji po ka\u017cdych zaj\u0119ciach)  Kurs ma na celu usprawni\u0107 twoj\u0105 komunikacj\u0119 w \u017cyciu codziennym: apteka, lekarz, ubezpieczalnie, rozmowy z s\u0105siadami i znajomymi, sklepy, rozmowy ze sp\u00f3\u0142dzielni\u0105 i w\u0142a\u015bcicielem mieszkania, randki i relacje mi\u0119dzyludzkie, zg\u0142aszanie problem\u00f3w i szk\u00f3d  Dok\u0142adny program kursu znajdziesz pod &quot;KURSY GRUPOWE&quot;\" \/>\n<meta property=\"og:url\" content=\"https:\/\/anitanederlands.nl\/kurs\/sobota-mow-po-niderlandzku-intensywny-kurs-konwersacyjny-a1-2-a110-maja-do-26-lipca-2025\/\" \/>\n<meta property=\"og:site_name\" content=\"Nauka Niderlandzkiego\" \/>\n<meta property=\"article:modified_time\" content=\"2025-04-11T12:46:59+00:00\" \/>\n<meta name=\"twitter:card\" content=\"summary_large_image\" \/>\n<script type=\"application\/ld+json\" class=\"yoast-schema-graph\">{\"@context\":\"https:\/\/schema.org\",\"@graph\":[{\"@type\":\"WebPage\",\"@id\":\"https:\/\/anitanederlands.nl\/kurs\/sobota-mow-po-niderlandzku-intensywny-kurs-konwersacyjny-a1-2-a110-maja-do-26-lipca-2025\/\",\"url\":\"https:\/\/anitanederlands.nl\/kurs\/sobota-mow-po-niderlandzku-intensywny-kurs-konwersacyjny-a1-2-a110-maja-do-26-lipca-2025\/\",\"name\":\"M\u00f3w po niderlandzku! Intensywny kurs konwersacyjny A1.2 (a1+)10 maja do 26 lipca 2025 12.00-14.00 ( wolne 24 en 31 maja 2025) - Nauka Niderlandzkiego\",\"isPartOf\":{\"@id\":\"https:\/\/anitanederlands.nl\/#website\"},\"datePublished\":\"2024-12-03T09:01:29+00:00\",\"dateModified\":\"2025-04-11T12:46:59+00:00\",\"breadcrumb\":{\"@id\":\"https:\/\/anitanederlands.nl\/kurs\/sobota-mow-po-niderlandzku-intensywny-kurs-konwersacyjny-a1-2-a110-maja-do-26-lipca-2025\/#breadcrumb\"},\"inLanguage\":\"nl-NL\",\"potentialAction\":[{\"@type\":\"ReadAction\",\"target\":[\"https:\/\/anitanederlands.nl\/kurs\/sobota-mow-po-niderlandzku-intensywny-kurs-konwersacyjny-a1-2-a110-maja-do-26-lipca-2025\/\"]}]},{\"@type\":\"BreadcrumbList\",\"@id\":\"https:\/\/anitanederlands.nl\/kurs\/sobota-mow-po-niderlandzku-intensywny-kurs-konwersacyjny-a1-2-a110-maja-do-26-lipca-2025\/#breadcrumb\",\"itemListElement\":[{\"@type\":\"ListItem\",\"position\":1,\"name\":\"Strona g\u0142\u00f3wna\",\"item\":\"https:\/\/anitanederlands.nl\/\"},{\"@type\":\"ListItem\",\"position\":2,\"name\":\"Sklep\",\"item\":\"https:\/\/anitanederlands.nl\/sklep\/\"},{\"@type\":\"ListItem\",\"position\":3,\"name\":\"M\u00f3w po niderlandzku! Intensywny kurs konwersacyjny A1.2 (a1+)10 maja do 26 lipca 2025 12.00-14.00 ( wolne 24 en 31 maja 2025)\"}]},{\"@type\":\"WebSite\",\"@id\":\"https:\/\/anitanederlands.nl\/#website\",\"url\":\"https:\/\/anitanederlands.nl\/\",\"name\":\"Nauka Niderlandzkiego\",\"description\":\"Sprawi\u0107 by niemo\u017cliwe sta\u0142o si\u0119 mo\u017cliwym\",\"publisher\":{\"@id\":\"https:\/\/anitanederlands.nl\/#organization\"},\"potentialAction\":[{\"@type\":\"SearchAction\",\"target\":{\"@type\":\"EntryPoint\",\"urlTemplate\":\"https:\/\/anitanederlands.nl\/?s={search_term_string}\"},\"query-input\":{\"@type\":\"PropertyValueSpecification\",\"valueRequired\":true,\"valueName\":\"search_term_string\"}}],\"inLanguage\":\"nl-NL\"},{\"@type\":\"Organization\",\"@id\":\"https:\/\/anitanederlands.nl\/#organization\",\"name\":\"Nauka Niderlandzkiego\",\"url\":\"https:\/\/anitanederlands.nl\/\",\"logo\":{\"@type\":\"ImageObject\",\"inLanguage\":\"nl-NL\",\"@id\":\"https:\/\/anitanederlands.nl\/#\/schema\/logo\/image\/\",\"url\":\"https:\/\/anitanederlands.nl\/wp-content\/uploads\/2022\/11\/cropped-Anita-Nederlands-voor-iedern.png\",\"contentUrl\":\"https:\/\/anitanederlands.nl\/wp-content\/uploads\/2022\/11\/cropped-Anita-Nederlands-voor-iedern.png\",\"width\":360,\"height\":120,\"caption\":\"Nauka Niderlandzkiego\"},\"image\":{\"@id\":\"https:\/\/anitanederlands.nl\/#\/schema\/logo\/image\/\"}}]}<\/script>\n<!-- \/ Yoast SEO plugin. -->","yoast_head_json":{"title":"M\u00f3w po niderlandzku! Intensywny kurs konwersacyjny A1.2 (a1+)10 maja do 26 lipca 2025 12.00-14.00 ( wolne 24 en 31 maja 2025) - Nauka Niderlandzkiego","robots":{"index":"index","follow":"follow","max-snippet":"max-snippet:-1","max-image-preview":"max-image-preview:large","max-video-preview":"max-video-preview:-1"},"canonical":"https:\/\/anitanederlands.nl\/kurs\/sobota-mow-po-niderlandzku-intensywny-kurs-konwersacyjny-a1-2-a110-maja-do-26-lipca-2025\/","og_locale":"nl_NL","og_type":"article","og_title":"M\u00f3w po niderlandzku! Intensywny kurs konwersacyjny A1.2 (a1+)10 maja do 26 lipca 2025 12.00-14.00 ( wolne 24 en 31 maja 2025) - Nauka Niderlandzkiego","og_description":"M\u00f3w po niderlandzku! Intensywny kurs konwersacyjny A1.2 (a1+)10 maja do 26 lipca 2025 12.00-14.00 ( wolne 24 en 31 maja 2025)   10 tygodni, 20 godzin m\u00f3wienia i rozm\u00f3w tematycznych  Koszt 325euro  Dodatkowy bonus: nagrania s\u0142ownictwa i zwrot\u00f3w oraz filmiki ze skryptami rozm\u00f3w i wymow\u0105 ( Mini lekcje niderlandzkiego do twojej dyspozycji po ka\u017cdych zaj\u0119ciach)  Kurs ma na celu usprawni\u0107 twoj\u0105 komunikacj\u0119 w \u017cyciu codziennym: apteka, lekarz, ubezpieczalnie, rozmowy z s\u0105siadami i znajomymi, sklepy, rozmowy ze sp\u00f3\u0142dzielni\u0105 i w\u0142a\u015bcicielem mieszkania, randki i relacje mi\u0119dzyludzkie, zg\u0142aszanie problem\u00f3w i szk\u00f3d  Dok\u0142adny program kursu znajdziesz pod \"KURSY GRUPOWE\"","og_url":"https:\/\/anitanederlands.nl\/kurs\/sobota-mow-po-niderlandzku-intensywny-kurs-konwersacyjny-a1-2-a110-maja-do-26-lipca-2025\/","og_site_name":"Nauka Niderlandzkiego","article_modified_time":"2025-04-11T12:46:59+00:00","twitter_card":"summary_large_image","schema":{"@context":"https:\/\/schema.org","@graph":[{"@type":"WebPage","@id":"https:\/\/anitanederlands.nl\/kurs\/sobota-mow-po-niderlandzku-intensywny-kurs-konwersacyjny-a1-2-a110-maja-do-26-lipca-2025\/","url":"https:\/\/anitanederlands.nl\/kurs\/sobota-mow-po-niderlandzku-intensywny-kurs-konwersacyjny-a1-2-a110-maja-do-26-lipca-2025\/","name":"M\u00f3w po niderlandzku! Intensywny kurs konwersacyjny A1.2 (a1+)10 maja do 26 lipca 2025 12.00-14.00 ( wolne 24 en 31 maja 2025) - Nauka Niderlandzkiego","isPartOf":{"@id":"https:\/\/anitanederlands.nl\/#website"},"datePublished":"2024-12-03T09:01:29+00:00","dateModified":"2025-04-11T12:46:59+00:00","breadcrumb":{"@id":"https:\/\/anitanederlands.nl\/kurs\/sobota-mow-po-niderlandzku-intensywny-kurs-konwersacyjny-a1-2-a110-maja-do-26-lipca-2025\/#breadcrumb"},"inLanguage":"nl-NL","potentialAction":[{"@type":"ReadAction","target":["https:\/\/anitanederlands.nl\/kurs\/sobota-mow-po-niderlandzku-intensywny-kurs-konwersacyjny-a1-2-a110-maja-do-26-lipca-2025\/"]}]},{"@type":"BreadcrumbList","@id":"https:\/\/anitanederlands.nl\/kurs\/sobota-mow-po-niderlandzku-intensywny-kurs-konwersacyjny-a1-2-a110-maja-do-26-lipca-2025\/#breadcrumb","itemListElement":[{"@type":"ListItem","position":1,"name":"Strona g\u0142\u00f3wna","item":"https:\/\/anitanederlands.nl\/"},{"@type":"ListItem","position":2,"name":"Sklep","item":"https:\/\/anitanederlands.nl\/sklep\/"},{"@type":"ListItem","position":3,"name":"M\u00f3w po niderlandzku! Intensywny kurs konwersacyjny A1.2 (a1+)10 maja do 26 lipca 2025 12.00-14.00 ( wolne 24 en 31 maja 2025)"}]},{"@type":"WebSite","@id":"https:\/\/anitanederlands.nl\/#website","url":"https:\/\/anitanederlands.nl\/","name":"Nauka Niderlandzkiego","description":"Sprawi\u0107 by niemo\u017cliwe sta\u0142o si\u0119 mo\u017cliwym","publisher":{"@id":"https:\/\/anitanederlands.nl\/#organization"},"potentialAction":[{"@type":"SearchAction","target":{"@type":"EntryPoint","urlTemplate":"https:\/\/anitanederlands.nl\/?s={search_term_string}"},"query-input":{"@type":"PropertyValueSpecification","valueRequired":true,"valueName":"search_term_string"}}],"inLanguage":"nl-NL"},{"@type":"Organization","@id":"https:\/\/anitanederlands.nl\/#organization","name":"Nauka Niderlandzkiego","url":"https:\/\/anitanederlands.nl\/","logo":{"@type":"ImageObject","inLanguage":"nl-NL","@id":"https:\/\/anitanederlands.nl\/#\/schema\/logo\/image\/","url":"https:\/\/anitanederlands.nl\/wp-content\/uploads\/2022\/11\/cropped-Anita-Nederlands-voor-iedern.png","contentUrl":"https:\/\/anitanederlands.nl\/wp-content\/uploads\/2022\/11\/cropped-Anita-Nederlands-voor-iedern.png","width":360,"height":120,"caption":"Nauka Niderlandzkiego"},"image":{"@id":"https:\/\/anitanederlands.nl\/#\/schema\/logo\/image\/"}}]}},"_links":{"self":[{"href":"https:\/\/anitanederlands.nl\/nl\/wp-json\/wp\/v2\/product\/2347","targetHints":{"allow":["GET"]}}],"collection":[{"href":"https:\/\/anitanederlands.nl\/nl\/wp-json\/wp\/v2\/product"}],"about":[{"href":"https:\/\/anitanederlands.nl\/nl\/wp-json\/wp\/v2\/types\/product"}],"replies":[{"embeddable":true,"href":"https:\/\/anitanederlands.nl\/nl\/wp-json\/wp\/v2\/comments?post=2347"}],"version-history":[{"count":5,"href":"https:\/\/anitanederlands.nl\/nl\/wp-json\/wp\/v2\/product\/2347\/revisions"}],"predecessor-version":[{"id":2690,"href":"https:\/\/anitanederlands.nl\/nl\/wp-json\/wp\/v2\/product\/2347\/revisions\/2690"}],"wp:attachment":[{"href":"https:\/\/anitanederlands.nl\/nl\/wp-json\/wp\/v2\/media?parent=2347"}],"wp:term":[{"taxonomy":"product_brand","embeddable":true,"href":"https:\/\/anitanederlands.nl\/nl\/wp-json\/wp\/v2\/product_brand?post=2347"},{"taxonomy":"product_cat","embeddable":true,"href":"https:\/\/anitanederlands.nl\/nl\/wp-json\/wp\/v2\/product_cat?post=2347"},{"taxonomy":"product_tag","embeddable":true,"href":"https:\/\/anitanederlands.nl\/nl\/wp-json\/wp\/v2\/product_tag?post=2347"}],"curies":[{"name":"wp","href":"https:\/\/api.w.org\/{rel}","templated":true}]}}