{"id":1801,"date":"2023-12-21T09:53:38","date_gmt":"2023-12-21T08:53:38","guid":{"rendered":"https:\/\/anitanederlands.nl\/produkt\/zajecia-indywidualne-lub-dla-2-osob-poziom-a0-a1-9-00-11-00-20-godzin-10-tygodni-spotkania-raz-w-tygodniu-sroda\/"},"modified":"2023-12-21T09:55:42","modified_gmt":"2023-12-21T08:55:42","slug":"zajecia-indywidualne-lub-dla-2-osob-poziom-a0-a1-9-00-11-00-20-godzin-10-tygodni-spotkania-raz-w-tygodniu-sroda","status":"publish","type":"product","link":"https:\/\/anitanederlands.nl\/nl\/produkt\/zajecia-indywidualne-lub-dla-2-osob-poziom-a0-a1-9-00-11-00-20-godzin-10-tygodni-spotkania-raz-w-tygodniu-sroda\/","title":{"rendered":"Zaj\u0119cia indywidualne lub dla 2 os\u00f3b poziom A0-A1 9.00-11.00 (20 godzin, 10 tygodni, spotkania raz w tygodniu) \u015aroda"},"content":{"rendered":"","protected":false},"excerpt":{"rendered":"<p>Zaj\u0119cia indywidualne lub dla 2 os\u00f3b poziom A0-A1 9.00-11.00 (20 godzin, 10 tygodni, spotkania raz w tygodniu)<\/p>\n<p>od 31 stycznia do 3 kwietnia 2024, 10 tygodni, 20 godzin, spotkania raz w tygodniu po 2 godziny<\/p>\n","protected":false},"featured_media":0,"comment_status":"open","ping_status":"closed","template":"","meta":{"site-sidebar-layout":"default","site-content-layout":"","ast-site-content-layout":"default","site-content-style":"default","site-sidebar-style":"default","ast-global-header-display":"","ast-banner-title-visibility":"","ast-main-header-display":"","ast-hfb-above-header-display":"","ast-hfb-below-header-display":"","ast-hfb-mobile-header-display":"","site-post-title":"","ast-breadcrumbs-content":"","ast-featured-img":"","footer-sml-layout":"","ast-disable-related-posts":"","theme-transparent-header-meta":"default","adv-header-id-meta":"","stick-header-meta":"","header-above-stick-meta":"","header-main-stick-meta":"","header-below-stick-meta":"","astra-migrate-meta-layouts":"set","ast-page-background-enabled":"default","ast-page-background-meta":{"desktop":{"background-color":"var(--ast-global-color-4)","background-image":"","background-repeat":"repeat","background-position":"center center","background-size":"auto","background-attachment":"scroll","background-type":"","background-media":"","overlay-type":"","overlay-color":"","overlay-opacity":"","overlay-gradient":""},"tablet":{"background-color":"","background-image":"","background-repeat":"repeat","background-position":"center center","background-size":"auto","background-attachment":"scroll","background-type":"","background-media":"","overlay-type":"","overlay-color":"","overlay-opacity":"","overlay-gradient":""},"mobile":{"background-color":"","background-image":"","background-repeat":"repeat","background-position":"center center","background-size":"auto","background-attachment":"scroll","background-type":"","background-media":"","overlay-type":"","overlay-color":"","overlay-opacity":"","overlay-gradient":""}},"ast-content-background-meta":{"desktop":{"background-color":"var(--ast-global-color-5)","background-image":"","background-repeat":"repeat","background-position":"center center","background-size":"auto","background-attachment":"scroll","background-type":"","background-media":"","overlay-type":"","overlay-color":"","overlay-opacity":"","overlay-gradient":""},"tablet":{"background-color":"var(--ast-global-color-5)","background-image":"","background-repeat":"repeat","background-position":"center center","background-size":"auto","background-attachment":"scroll","background-type":"","background-media":"","overlay-type":"","overlay-color":"","overlay-opacity":"","overlay-gradient":""},"mobile":{"background-color":"var(--ast-global-color-5)","background-image":"","background-repeat":"repeat","background-position":"center center","background-size":"auto","background-attachment":"scroll","background-type":"","background-media":"","overlay-type":"","overlay-color":"","overlay-opacity":"","overlay-gradient":""}},"_price":"1100","_stock":"1","_tribe_ticket_header":"","_tribe_default_ticket_provider":"","_ticket_start_date":"2023-12-21 00:00:00","_ticket_end_date":"2024-01-31 00:00:00","_tribe_ticket_show_description":"yes","_tribe_ticket_show_not_going":false,"_tribe_ticket_use_global_stock":"","_tribe_ticket_global_stock_level":"","_global_stock_mode":"capped","_global_stock_cap":"","_tribe_rsvp_for_event":"","_tribe_ticket_going_count":"","_tribe_ticket_not_going_count":"","_tribe_tickets_list":"[]","_tribe_ticket_has_attendee_info_fields":false,"_tec_slr_enabled":"","_tec_slr_layout":""},"product_brand":[],"product_cat":[],"product_tag":[],"class_list":{"0":"post-1801","1":"product","2":"type-product","3":"status-publish","5":"desktop-align-left","6":"tablet-align-left","7":"mobile-align-left","9":"first","10":"instock","11":"virtual","12":"purchasable","13":"product-type-simple"},"yoast_head":"<!-- This site is optimized with the Yoast SEO plugin v27.1.1 - https:\/\/yoast.com\/product\/yoast-seo-wordpress\/ -->\n<title>Zaj\u0119cia indywidualne lub dla 2 os\u00f3b poziom A0-A1 9.00-11.00 (20 godzin, 10 tygodni, spotkania raz w tygodniu) \u015aroda - Nauka Niderlandzkiego<\/title>\n<meta name=\"robots\" content=\"index, follow, max-snippet:-1, max-image-preview:large, max-video-preview:-1\" \/>\n<link rel=\"canonical\" href=\"https:\/\/anitanederlands.nl\/kurs\/zajecia-indywidualne-lub-dla-2-osob-poziom-a0-a1-10-tygodni-31-stycznia-do-3-kwietnia-2024-9-00-11-00\/\" \/>\n<meta property=\"og:locale\" content=\"nl_NL\" \/>\n<meta property=\"og:type\" content=\"article\" \/>\n<meta property=\"og:title\" content=\"Zaj\u0119cia indywidualne lub dla 2 os\u00f3b poziom A0-A1 9.00-11.00 (20 godzin, 10 tygodni, spotkania raz w tygodniu) \u015aroda - Nauka Niderlandzkiego\" \/>\n<meta property=\"og:description\" content=\"Zaj\u0119cia indywidualne lub dla 2 os\u00f3b poziom A0-A1 9.00-11.00 (20 godzin, 10 tygodni, spotkania raz w tygodniu)  od 31 stycznia do 3 kwietnia 2024, 10 tygodni, 20 godzin, spotkania raz w tygodniu po 2 godziny\" \/>\n<meta property=\"og:url\" content=\"https:\/\/anitanederlands.nl\/kurs\/zajecia-indywidualne-lub-dla-2-osob-poziom-a0-a1-10-tygodni-31-stycznia-do-3-kwietnia-2024-9-00-11-00\/\" \/>\n<meta property=\"og:site_name\" content=\"Nauka Niderlandzkiego\" \/>\n<meta property=\"article:modified_time\" content=\"2023-12-21T08:55:42+00:00\" \/>\n<meta name=\"twitter:card\" content=\"summary_large_image\" \/>\n<script type=\"application\/ld+json\" class=\"yoast-schema-graph\">{\"@context\":\"https:\/\/schema.org\",\"@graph\":[{\"@type\":\"WebPage\",\"@id\":\"https:\/\/anitanederlands.nl\/kurs\/zajecia-indywidualne-lub-dla-2-osob-poziom-a0-a1-10-tygodni-31-stycznia-do-3-kwietnia-2024-9-00-11-00\/\",\"url\":\"https:\/\/anitanederlands.nl\/kurs\/zajecia-indywidualne-lub-dla-2-osob-poziom-a0-a1-10-tygodni-31-stycznia-do-3-kwietnia-2024-9-00-11-00\/\",\"name\":\"Zaj\u0119cia indywidualne lub dla 2 os\u00f3b poziom A0-A1 9.00-11.00 (20 godzin, 10 tygodni, spotkania raz w tygodniu) \u015aroda - Nauka Niderlandzkiego\",\"isPartOf\":{\"@id\":\"https:\/\/anitanederlands.nl\/#website\"},\"datePublished\":\"2023-12-21T08:53:38+00:00\",\"dateModified\":\"2023-12-21T08:55:42+00:00\",\"breadcrumb\":{\"@id\":\"https:\/\/anitanederlands.nl\/kurs\/zajecia-indywidualne-lub-dla-2-osob-poziom-a0-a1-10-tygodni-31-stycznia-do-3-kwietnia-2024-9-00-11-00\/#breadcrumb\"},\"inLanguage\":\"nl-NL\",\"potentialAction\":[{\"@type\":\"ReadAction\",\"target\":[\"https:\/\/anitanederlands.nl\/kurs\/zajecia-indywidualne-lub-dla-2-osob-poziom-a0-a1-10-tygodni-31-stycznia-do-3-kwietnia-2024-9-00-11-00\/\"]}]},{\"@type\":\"BreadcrumbList\",\"@id\":\"https:\/\/anitanederlands.nl\/kurs\/zajecia-indywidualne-lub-dla-2-osob-poziom-a0-a1-10-tygodni-31-stycznia-do-3-kwietnia-2024-9-00-11-00\/#breadcrumb\",\"itemListElement\":[{\"@type\":\"ListItem\",\"position\":1,\"name\":\"Strona g\u0142\u00f3wna\",\"item\":\"https:\/\/anitanederlands.nl\/\"},{\"@type\":\"ListItem\",\"position\":2,\"name\":\"Sklep\",\"item\":\"https:\/\/anitanederlands.nl\/sklep\/\"},{\"@type\":\"ListItem\",\"position\":3,\"name\":\"Zaj\u0119cia indywidualne lub dla 2 os\u00f3b poziom A0-A1 9.00-11.00 (20 godzin, 10 tygodni, spotkania raz w tygodniu) \u015aroda\"}]},{\"@type\":\"WebSite\",\"@id\":\"https:\/\/anitanederlands.nl\/#website\",\"url\":\"https:\/\/anitanederlands.nl\/\",\"name\":\"Nauka Niderlandzkiego\",\"description\":\"Sprawi\u0107 by niemo\u017cliwe sta\u0142o si\u0119 mo\u017cliwym\",\"publisher\":{\"@id\":\"https:\/\/anitanederlands.nl\/#organization\"},\"potentialAction\":[{\"@type\":\"SearchAction\",\"target\":{\"@type\":\"EntryPoint\",\"urlTemplate\":\"https:\/\/anitanederlands.nl\/?s={search_term_string}\"},\"query-input\":{\"@type\":\"PropertyValueSpecification\",\"valueRequired\":true,\"valueName\":\"search_term_string\"}}],\"inLanguage\":\"nl-NL\"},{\"@type\":\"Organization\",\"@id\":\"https:\/\/anitanederlands.nl\/#organization\",\"name\":\"Nauka Niderlandzkiego\",\"url\":\"https:\/\/anitanederlands.nl\/\",\"logo\":{\"@type\":\"ImageObject\",\"inLanguage\":\"nl-NL\",\"@id\":\"https:\/\/anitanederlands.nl\/#\/schema\/logo\/image\/\",\"url\":\"https:\/\/anitanederlands.nl\/wp-content\/uploads\/2022\/11\/cropped-Anita-Nederlands-voor-iedern.png\",\"contentUrl\":\"https:\/\/anitanederlands.nl\/wp-content\/uploads\/2022\/11\/cropped-Anita-Nederlands-voor-iedern.png\",\"width\":360,\"height\":120,\"caption\":\"Nauka Niderlandzkiego\"},\"image\":{\"@id\":\"https:\/\/anitanederlands.nl\/#\/schema\/logo\/image\/\"}}]}<\/script>\n<!-- \/ Yoast SEO plugin. -->","yoast_head_json":{"title":"Zaj\u0119cia indywidualne lub dla 2 os\u00f3b poziom A0-A1 9.00-11.00 (20 godzin, 10 tygodni, spotkania raz w tygodniu) \u015aroda - Nauka Niderlandzkiego","robots":{"index":"index","follow":"follow","max-snippet":"max-snippet:-1","max-image-preview":"max-image-preview:large","max-video-preview":"max-video-preview:-1"},"canonical":"https:\/\/anitanederlands.nl\/kurs\/zajecia-indywidualne-lub-dla-2-osob-poziom-a0-a1-10-tygodni-31-stycznia-do-3-kwietnia-2024-9-00-11-00\/","og_locale":"nl_NL","og_type":"article","og_title":"Zaj\u0119cia indywidualne lub dla 2 os\u00f3b poziom A0-A1 9.00-11.00 (20 godzin, 10 tygodni, spotkania raz w tygodniu) \u015aroda - Nauka Niderlandzkiego","og_description":"Zaj\u0119cia indywidualne lub dla 2 os\u00f3b poziom A0-A1 9.00-11.00 (20 godzin, 10 tygodni, spotkania raz w tygodniu)  od 31 stycznia do 3 kwietnia 2024, 10 tygodni, 20 godzin, spotkania raz w tygodniu po 2 godziny","og_url":"https:\/\/anitanederlands.nl\/kurs\/zajecia-indywidualne-lub-dla-2-osob-poziom-a0-a1-10-tygodni-31-stycznia-do-3-kwietnia-2024-9-00-11-00\/","og_site_name":"Nauka Niderlandzkiego","article_modified_time":"2023-12-21T08:55:42+00:00","twitter_card":"summary_large_image","schema":{"@context":"https:\/\/schema.org","@graph":[{"@type":"WebPage","@id":"https:\/\/anitanederlands.nl\/kurs\/zajecia-indywidualne-lub-dla-2-osob-poziom-a0-a1-10-tygodni-31-stycznia-do-3-kwietnia-2024-9-00-11-00\/","url":"https:\/\/anitanederlands.nl\/kurs\/zajecia-indywidualne-lub-dla-2-osob-poziom-a0-a1-10-tygodni-31-stycznia-do-3-kwietnia-2024-9-00-11-00\/","name":"Zaj\u0119cia indywidualne lub dla 2 os\u00f3b poziom A0-A1 9.00-11.00 (20 godzin, 10 tygodni, spotkania raz w tygodniu) \u015aroda - Nauka Niderlandzkiego","isPartOf":{"@id":"https:\/\/anitanederlands.nl\/#website"},"datePublished":"2023-12-21T08:53:38+00:00","dateModified":"2023-12-21T08:55:42+00:00","breadcrumb":{"@id":"https:\/\/anitanederlands.nl\/kurs\/zajecia-indywidualne-lub-dla-2-osob-poziom-a0-a1-10-tygodni-31-stycznia-do-3-kwietnia-2024-9-00-11-00\/#breadcrumb"},"inLanguage":"nl-NL","potentialAction":[{"@type":"ReadAction","target":["https:\/\/anitanederlands.nl\/kurs\/zajecia-indywidualne-lub-dla-2-osob-poziom-a0-a1-10-tygodni-31-stycznia-do-3-kwietnia-2024-9-00-11-00\/"]}]},{"@type":"BreadcrumbList","@id":"https:\/\/anitanederlands.nl\/kurs\/zajecia-indywidualne-lub-dla-2-osob-poziom-a0-a1-10-tygodni-31-stycznia-do-3-kwietnia-2024-9-00-11-00\/#breadcrumb","itemListElement":[{"@type":"ListItem","position":1,"name":"Strona g\u0142\u00f3wna","item":"https:\/\/anitanederlands.nl\/"},{"@type":"ListItem","position":2,"name":"Sklep","item":"https:\/\/anitanederlands.nl\/sklep\/"},{"@type":"ListItem","position":3,"name":"Zaj\u0119cia indywidualne lub dla 2 os\u00f3b poziom A0-A1 9.00-11.00 (20 godzin, 10 tygodni, spotkania raz w tygodniu) \u015aroda"}]},{"@type":"WebSite","@id":"https:\/\/anitanederlands.nl\/#website","url":"https:\/\/anitanederlands.nl\/","name":"Nauka Niderlandzkiego","description":"Sprawi\u0107 by niemo\u017cliwe sta\u0142o si\u0119 mo\u017cliwym","publisher":{"@id":"https:\/\/anitanederlands.nl\/#organization"},"potentialAction":[{"@type":"SearchAction","target":{"@type":"EntryPoint","urlTemplate":"https:\/\/anitanederlands.nl\/?s={search_term_string}"},"query-input":{"@type":"PropertyValueSpecification","valueRequired":true,"valueName":"search_term_string"}}],"inLanguage":"nl-NL"},{"@type":"Organization","@id":"https:\/\/anitanederlands.nl\/#organization","name":"Nauka Niderlandzkiego","url":"https:\/\/anitanederlands.nl\/","logo":{"@type":"ImageObject","inLanguage":"nl-NL","@id":"https:\/\/anitanederlands.nl\/#\/schema\/logo\/image\/","url":"https:\/\/anitanederlands.nl\/wp-content\/uploads\/2022\/11\/cropped-Anita-Nederlands-voor-iedern.png","contentUrl":"https:\/\/anitanederlands.nl\/wp-content\/uploads\/2022\/11\/cropped-Anita-Nederlands-voor-iedern.png","width":360,"height":120,"caption":"Nauka Niderlandzkiego"},"image":{"@id":"https:\/\/anitanederlands.nl\/#\/schema\/logo\/image\/"}}]}},"_links":{"self":[{"href":"https:\/\/anitanederlands.nl\/nl\/wp-json\/wp\/v2\/product\/1801","targetHints":{"allow":["GET"]}}],"collection":[{"href":"https:\/\/anitanederlands.nl\/nl\/wp-json\/wp\/v2\/product"}],"about":[{"href":"https:\/\/anitanederlands.nl\/nl\/wp-json\/wp\/v2\/types\/product"}],"replies":[{"embeddable":true,"href":"https:\/\/anitanederlands.nl\/nl\/wp-json\/wp\/v2\/comments?post=1801"}],"version-history":[{"count":1,"href":"https:\/\/anitanederlands.nl\/nl\/wp-json\/wp\/v2\/product\/1801\/revisions"}],"predecessor-version":[{"id":1802,"href":"https:\/\/anitanederlands.nl\/nl\/wp-json\/wp\/v2\/product\/1801\/revisions\/1802"}],"wp:attachment":[{"href":"https:\/\/anitanederlands.nl\/nl\/wp-json\/wp\/v2\/media?parent=1801"}],"wp:term":[{"taxonomy":"product_brand","embeddable":true,"href":"https:\/\/anitanederlands.nl\/nl\/wp-json\/wp\/v2\/product_brand?post=1801"},{"taxonomy":"product_cat","embeddable":true,"href":"https:\/\/anitanederlands.nl\/nl\/wp-json\/wp\/v2\/product_cat?post=1801"},{"taxonomy":"product_tag","embeddable":true,"href":"https:\/\/anitanederlands.nl\/nl\/wp-json\/wp\/v2\/product_tag?post=1801"}],"curies":[{"name":"wp","href":"https:\/\/api.w.org\/{rel}","templated":true}]}}