{"id":1143,"date":"2022-10-15T08:40:50","date_gmt":"2022-10-15T06:40:50","guid":{"rendered":"https:\/\/anitanederlands.nl\/consultatie\/"},"modified":"2022-10-16T10:55:31","modified_gmt":"2022-10-16T08:55:31","slug":"consultatie","status":"publish","type":"page","link":"https:\/\/anitanederlands.nl\/nl\/consultatie\/","title":{"rendered":"Consultatie"},"content":{"rendered":"\t\t<div data-elementor-type=\"wp-page\" data-elementor-id=\"1143\" class=\"elementor elementor-1143 elementor-894\" data-elementor-post-type=\"page\">\n\t\t\t\t\t\t<section class=\"elementor-section elementor-top-section elementor-element elementor-element-54fa3dc elementor-section-height-min-height elementor-section-boxed elementor-section-height-default elementor-section-items-middle\" data-id=\"54fa3dc\" data-element_type=\"section\" data-e-type=\"section\" data-settings=\"{&quot;background_background&quot;:&quot;gradient&quot;}\">\n\t\t\t\t\t\t<div class=\"elementor-container elementor-column-gap-no\">\n\t\t\t\t\t<div class=\"elementor-column elementor-col-100 elementor-top-column elementor-element elementor-element-f568763\" data-id=\"f568763\" data-element_type=\"column\" data-e-type=\"column\">\n\t\t\t<div class=\"elementor-widget-wrap elementor-element-populated\">\n\t\t\t\t\t\t<div class=\"elementor-element elementor-element-8fbf105 elementor-widget elementor-widget-heading\" data-id=\"8fbf105\" data-element_type=\"widget\" data-e-type=\"widget\" data-widget_type=\"heading.default\">\n\t\t\t\t<div class=\"elementor-widget-container\">\n\t\t\t\t\t<h1 class=\"elementor-heading-title elementor-size-default\">Consultatie<\/h1>\t\t\t\t<\/div>\n\t\t\t\t<\/div>\n\t\t\t\t\t<\/div>\n\t\t<\/div>\n\t\t\t\t\t<\/div>\n\t\t<\/section>\n\t\t\t\t<section class=\"elementor-section elementor-top-section elementor-element elementor-element-2b557b4 elementor-section-boxed elementor-section-height-default elementor-section-height-default\" data-id=\"2b557b4\" data-element_type=\"section\" data-e-type=\"section\">\n\t\t\t\t\t\t<div class=\"elementor-container elementor-column-gap-default\">\n\t\t\t\t\t<div class=\"elementor-column elementor-col-100 elementor-top-column elementor-element elementor-element-c751327\" data-id=\"c751327\" data-element_type=\"column\" data-e-type=\"column\">\n\t\t\t<div class=\"elementor-widget-wrap elementor-element-populated\">\n\t\t\t\t\t\t<div class=\"elementor-element elementor-element-aa27852 elementor-widget elementor-widget-heading\" data-id=\"aa27852\" data-element_type=\"widget\" data-e-type=\"widget\" data-widget_type=\"heading.default\">\n\t\t\t\t<div class=\"elementor-widget-container\">\n\t\t\t\t\t<h2 class=\"elementor-heading-title elementor-size-default\">Kies een geschikte datum<\/h2>\t\t\t\t<\/div>\n\t\t\t\t<\/div>\n\t\t\t\t<div class=\"elementor-element elementor-element-bdc52f3 elementor-widget elementor-widget-shortcode\" data-id=\"bdc52f3\" data-element_type=\"widget\" data-e-type=\"widget\" data-widget_type=\"shortcode.default\">\n\t\t\t\t<div class=\"elementor-widget-container\">\n\t\t\t\t\t\t\t<div class=\"elementor-shortcode\">[booked-calendar]<\/div>\n\t\t\t\t\t\t<\/div>\n\t\t\t\t<\/div>\n\t\t\t\t\t<\/div>\n\t\t<\/div>\n\t\t\t\t\t<\/div>\n\t\t<\/section>\n\t\t\t\t<section class=\"elementor-section elementor-top-section elementor-element elementor-element-d84f2cf elementor-section-boxed elementor-section-height-default elementor-section-height-default\" data-id=\"d84f2cf\" data-element_type=\"section\" data-e-type=\"section\" data-settings=\"{&quot;background_background&quot;:&quot;classic&quot;}\">\n\t\t\t\t\t\t<div class=\"elementor-container elementor-column-gap-no\">\n\t\t\t\t\t<div class=\"elementor-column elementor-col-50 elementor-top-column elementor-element elementor-element-4f59e88\" data-id=\"4f59e88\" data-element_type=\"column\" data-e-type=\"column\">\n\t\t\t<div class=\"elementor-widget-wrap elementor-element-populated\">\n\t\t\t\t\t\t<div class=\"elementor-element elementor-element-6080738 elementor-widget elementor-widget-image\" data-id=\"6080738\" data-element_type=\"widget\" data-e-type=\"widget\" data-widget_type=\"image.default\">\n\t\t\t\t<div class=\"elementor-widget-container\">\n\t\t\t\t\t\t\t\t\t\t\t\t\t\t\t<img fetchpriority=\"high\" decoding=\"async\" width=\"450\" height=\"674\" src=\"https:\/\/anitanederlands.nl\/wp-content\/uploads\/2022\/10\/Anita-o-mnie-1.jpg\" class=\"attachment-large size-large wp-image-1068\" alt=\"\" srcset=\"https:\/\/anitanederlands.nl\/wp-content\/uploads\/2022\/10\/Anita-o-mnie-1.jpg 450w, https:\/\/anitanederlands.nl\/wp-content\/uploads\/2022\/10\/Anita-o-mnie-1-200x300.jpg 200w\" sizes=\"(max-width: 450px) 100vw, 450px\" \/>\t\t\t\t\t\t\t\t\t\t\t\t\t\t\t<\/div>\n\t\t\t\t<\/div>\n\t\t\t\t\t<\/div>\n\t\t<\/div>\n\t\t\t\t<div class=\"elementor-column elementor-col-50 elementor-top-column elementor-element elementor-element-6e68e7f\" data-id=\"6e68e7f\" data-element_type=\"column\" data-e-type=\"column\">\n\t\t\t<div class=\"elementor-widget-wrap elementor-element-populated\">\n\t\t\t\t\t\t<div class=\"elementor-element elementor-element-e5a432b elementor-widget__width-initial elementor-widget elementor-widget-heading\" data-id=\"e5a432b\" data-element_type=\"widget\" data-e-type=\"widget\" data-widget_type=\"heading.default\">\n\t\t\t\t<div class=\"elementor-widget-container\">\n\t\t\t\t\t<h2 class=\"elementor-heading-title elementor-size-default\">Heeft u een vraag?\n Schrijf me!<\/h2>\t\t\t\t<\/div>\n\t\t\t\t<\/div>\n\t\t\t\t<div class=\"elementor-element elementor-element-3d29defc elementor-button-align-stretch elementor-widget elementor-widget-form\" data-id=\"3d29defc\" data-element_type=\"widget\" data-e-type=\"widget\" data-settings=\"{&quot;step_next_label&quot;:&quot;Volgende&quot;,&quot;step_previous_label&quot;:&quot;Vorige&quot;,&quot;button_width&quot;:&quot;100&quot;,&quot;step_type&quot;:&quot;number_text&quot;,&quot;step_icon_shape&quot;:&quot;circle&quot;}\" data-widget_type=\"form.default\">\n\t\t\t\t<div class=\"elementor-widget-container\">\n\t\t\t\t\t\t\t<form class=\"elementor-form\" method=\"post\" name=\"Nieuwe vorm\" aria-label=\"Nieuwe vorm\">\n\t\t\t<input type=\"hidden\" name=\"post_id\" value=\"1143\"\/>\n\t\t\t<input type=\"hidden\" name=\"form_id\" value=\"3d29defc\"\/>\n\t\t\t<input type=\"hidden\" name=\"referer_title\" value=\"Consultatie - Nauka Niderlandzkiego\" \/>\n\n\t\t\t\t\t\t\t<input type=\"hidden\" name=\"queried_id\" value=\"1143\"\/>\n\t\t\t\n\t\t\t<div class=\"elementor-form-fields-wrapper elementor-labels-\">\n\t\t\t\t\t\t\t\t<div class=\"elementor-field-type-text elementor-field-group elementor-column elementor-field-group-name elementor-col-100 elementor-field-required\">\n\t\t\t\t\t\t\t\t\t\t\t\t<label for=\"form-field-name\" class=\"elementor-field-label elementor-screen-only\">\n\t\t\t\t\t\t\t\tNaam\t\t\t\t\t\t\t<\/label>\n\t\t\t\t\t\t\t\t\t\t\t\t\t\t<input size=\"1\" type=\"text\" name=\"form_fields[name]\" id=\"form-field-name\" class=\"elementor-field elementor-size-sm  elementor-field-textual\" placeholder=\"Naam\" required=\"required\">\n\t\t\t\t\t\t\t\t\t\t\t<\/div>\n\t\t\t\t\t\t\t\t<div class=\"elementor-field-type-tel elementor-field-group elementor-column elementor-field-group-field_f6749b5 elementor-col-100 elementor-field-required\">\n\t\t\t\t\t\t\t<input size=\"1\" type=\"tel\" name=\"form_fields[field_f6749b5]\" id=\"form-field-field_f6749b5\" class=\"elementor-field elementor-size-sm  elementor-field-textual\" placeholder=\"Telefoonnummer\" required=\"required\" pattern=\"[0-9()#&amp;+*-=.]+\" title=\"Alleen nummers en telefoontekens (#, -, *, enz.) worden geaccepteerd.\">\n\n\t\t\t\t\t\t<\/div>\n\t\t\t\t\t\t\t\t<div class=\"elementor-field-type-email elementor-field-group elementor-column elementor-field-group-email elementor-col-100 elementor-field-required\">\n\t\t\t\t\t\t\t\t\t\t\t\t<label for=\"form-field-email\" class=\"elementor-field-label elementor-screen-only\">\n\t\t\t\t\t\t\t\tE-mail\t\t\t\t\t\t\t<\/label>\n\t\t\t\t\t\t\t\t\t\t\t\t\t\t<input size=\"1\" type=\"email\" name=\"form_fields[email]\" id=\"form-field-email\" class=\"elementor-field elementor-size-sm  elementor-field-textual\" placeholder=\"E-mail\" required=\"required\">\n\t\t\t\t\t\t\t\t\t\t\t<\/div>\n\t\t\t\t\t\t\t\t<div class=\"elementor-field-type-textarea elementor-field-group elementor-column elementor-field-group-message elementor-col-100 elementor-field-required\">\n\t\t\t\t\t\t\t\t\t\t\t\t<label for=\"form-field-message\" class=\"elementor-field-label elementor-screen-only\">\n\t\t\t\t\t\t\t\tBericht\t\t\t\t\t\t\t<\/label>\n\t\t\t\t\t\t<textarea class=\"elementor-field-textual elementor-field  elementor-size-sm\" name=\"form_fields[message]\" id=\"form-field-message\" rows=\"4\" placeholder=\"Bericht\" required=\"required\"><\/textarea>\t\t\t\t<\/div>\n\t\t\t\t\t\t\t\t<div class=\"elementor-field-group elementor-column elementor-field-type-submit elementor-col-100 e-form__buttons\">\n\t\t\t\t\t<button class=\"elementor-button elementor-size-sm\" type=\"submit\">\n\t\t\t\t\t\t<span class=\"elementor-button-content-wrapper\">\n\t\t\t\t\t\t\t\t\t\t\t\t\t\t\t\t\t\t\t\t\t\t<span class=\"elementor-button-text\">Verstuur<\/span>\n\t\t\t\t\t\t\t\t\t\t\t\t\t<\/span>\n\t\t\t\t\t<\/button>\n\t\t\t\t<\/div>\n\t\t\t<\/div>\n\t\t<\/form>\n\t\t\t\t\t\t<\/div>\n\t\t\t\t<\/div>\n\t\t\t\t\t<\/div>\n\t\t<\/div>\n\t\t\t\t\t<\/div>\n\t\t<\/section>\n\t\t\t\t<\/div>\n\t\t","protected":false},"excerpt":{"rendered":"<p>Consultatie Kies een geschikte datum [booked-calendar] Heeft u een vraag? Schrijf me!<\/p>\n","protected":false},"author":1,"featured_media":1062,"parent":0,"menu_order":0,"comment_status":"closed","ping_status":"closed","template":"","meta":{"site-sidebar-layout":"no-sidebar","site-content-layout":"page-builder","ast-site-content-layout":"default","site-content-style":"default","site-sidebar-style":"default","ast-global-header-display":"","ast-banner-title-visibility":"","ast-main-header-display":"","ast-hfb-above-header-display":"","ast-hfb-below-header-display":"","ast-hfb-mobile-header-display":"","site-post-title":"disabled","ast-breadcrumbs-content":"disabled","ast-featured-img":"disabled","footer-sml-layout":"","ast-disable-related-posts":"","theme-transparent-header-meta":"enabled","adv-header-id-meta":"","stick-header-meta":"","header-above-stick-meta":"","header-main-stick-meta":"","header-below-stick-meta":"","astra-migrate-meta-layouts":"default","ast-page-background-enabled":"default","ast-page-background-meta":{"desktop":{"background-color":"var(--ast-global-color-4)","background-image":"","background-repeat":"repeat","background-position":"center center","background-size":"auto","background-attachment":"scroll","background-type":"","background-media":"","overlay-type":"","overlay-color":"","overlay-opacity":"","overlay-gradient":""},"tablet":{"background-color":"","background-image":"","background-repeat":"repeat","background-position":"center center","background-size":"auto","background-attachment":"scroll","background-type":"","background-media":"","overlay-type":"","overlay-color":"","overlay-opacity":"","overlay-gradient":""},"mobile":{"background-color":"","background-image":"","background-repeat":"repeat","background-position":"center center","background-size":"auto","background-attachment":"scroll","background-type":"","background-media":"","overlay-type":"","overlay-color":"","overlay-opacity":"","overlay-gradient":""}},"ast-content-background-meta":{"desktop":{"background-color":"var(--ast-global-color-5)","background-image":"","background-repeat":"repeat","background-position":"center center","background-size":"auto","background-attachment":"scroll","background-type":"","background-media":"","overlay-type":"","overlay-color":"","overlay-opacity":"","overlay-gradient":""},"tablet":{"background-color":"var(--ast-global-color-5)","background-image":"","background-repeat":"repeat","background-position":"center center","background-size":"auto","background-attachment":"scroll","background-type":"","background-media":"","overlay-type":"","overlay-color":"","overlay-opacity":"","overlay-gradient":""},"mobile":{"background-color":"var(--ast-global-color-5)","background-image":"","background-repeat":"repeat","background-position":"center center","background-size":"auto","background-attachment":"scroll","background-type":"","background-media":"","overlay-type":"","overlay-color":"","overlay-opacity":"","overlay-gradient":""}},"_price":"","_stock":"","_tribe_ticket_header":"","_tribe_default_ticket_provider":"","_ticket_start_date":"","_ticket_end_date":"","_tribe_ticket_show_description":"","_tribe_ticket_show_not_going":false,"_tribe_ticket_use_global_stock":"","_tribe_ticket_global_stock_level":"","_global_stock_mode":"","_global_stock_cap":"","_tribe_rsvp_for_event":"","_tribe_ticket_going_count":"","_tribe_ticket_not_going_count":"","_tribe_tickets_list":"[]","_tribe_ticket_has_attendee_info_fields":false,"footnotes":"","_tec_slr_enabled":"","_tec_slr_layout":""},"class_list":["post-1143","page","type-page","status-publish","has-post-thumbnail","hentry"],"yoast_head":"<!-- This site is optimized with the Yoast SEO plugin v27.1.1 - https:\/\/yoast.com\/product\/yoast-seo-wordpress\/ -->\n<title>Consultatie - Nauka Niderlandzkiego<\/title>\n<meta name=\"description\" content=\"Maak een afspraak voor een EFT- of taalconsult om het niveau van\" \/>\n<meta name=\"robots\" content=\"index, follow, max-snippet:-1, max-image-preview:large, max-video-preview:-1\" \/>\n<link rel=\"canonical\" href=\"https:\/\/anitanederlands.nl\/nl\/consultatie\/\" \/>\n<meta property=\"og:locale\" content=\"nl_NL\" \/>\n<meta property=\"og:type\" content=\"article\" \/>\n<meta property=\"og:title\" content=\"Consultatie - Nauka Niderlandzkiego\" \/>\n<meta property=\"og:description\" content=\"Maak een afspraak voor een EFT- of taalconsult om het niveau van\" \/>\n<meta property=\"og:url\" content=\"https:\/\/anitanederlands.nl\/nl\/consultatie\/\" \/>\n<meta property=\"og:site_name\" content=\"Nauka Niderlandzkiego\" \/>\n<meta property=\"article:modified_time\" content=\"2022-10-16T08:55:31+00:00\" \/>\n<meta property=\"og:image\" content=\"https:\/\/anitanederlands.nl\/wp-content\/uploads\/2022\/10\/1.jpg\" \/>\n\t<meta property=\"og:image:width\" content=\"450\" \/>\n\t<meta property=\"og:image:height\" content=\"586\" \/>\n\t<meta property=\"og:image:type\" content=\"image\/jpeg\" \/>\n<meta name=\"twitter:card\" content=\"summary_large_image\" \/>\n<script type=\"application\/ld+json\" class=\"yoast-schema-graph\">{\"@context\":\"https:\/\/schema.org\",\"@graph\":[{\"@type\":\"WebPage\",\"@id\":\"https:\/\/anitanederlands.nl\/nl\/consultatie\/\",\"url\":\"https:\/\/anitanederlands.nl\/nl\/consultatie\/\",\"name\":\"Consultatie - Nauka Niderlandzkiego\",\"isPartOf\":{\"@id\":\"https:\/\/anitanederlands.nl\/#website\"},\"primaryImageOfPage\":{\"@id\":\"https:\/\/anitanederlands.nl\/nl\/consultatie\/#primaryimage\"},\"image\":{\"@id\":\"https:\/\/anitanederlands.nl\/nl\/consultatie\/#primaryimage\"},\"thumbnailUrl\":\"https:\/\/anitanederlands.nl\/wp-content\/uploads\/2022\/10\/1.jpg\",\"datePublished\":\"2022-10-15T06:40:50+00:00\",\"dateModified\":\"2022-10-16T08:55:31+00:00\",\"description\":\"Maak een afspraak voor een EFT- of taalconsult om het niveau van\",\"breadcrumb\":{\"@id\":\"https:\/\/anitanederlands.nl\/nl\/consultatie\/#breadcrumb\"},\"inLanguage\":\"nl-NL\",\"potentialAction\":[{\"@type\":\"ReadAction\",\"target\":[\"https:\/\/anitanederlands.nl\/nl\/consultatie\/\"]}]},{\"@type\":\"ImageObject\",\"inLanguage\":\"nl-NL\",\"@id\":\"https:\/\/anitanederlands.nl\/nl\/consultatie\/#primaryimage\",\"url\":\"https:\/\/anitanederlands.nl\/wp-content\/uploads\/2022\/10\/1.jpg\",\"contentUrl\":\"https:\/\/anitanederlands.nl\/wp-content\/uploads\/2022\/10\/1.jpg\",\"width\":450,\"height\":586},{\"@type\":\"BreadcrumbList\",\"@id\":\"https:\/\/anitanederlands.nl\/nl\/consultatie\/#breadcrumb\",\"itemListElement\":[{\"@type\":\"ListItem\",\"position\":1,\"name\":\"Strona g\u0142\u00f3wna\",\"item\":\"https:\/\/anitanederlands.nl\/\"},{\"@type\":\"ListItem\",\"position\":2,\"name\":\"Consultatie\"}]},{\"@type\":\"WebSite\",\"@id\":\"https:\/\/anitanederlands.nl\/#website\",\"url\":\"https:\/\/anitanederlands.nl\/\",\"name\":\"Nauka Niderlandzkiego\",\"description\":\"Sprawi\u0107 by niemo\u017cliwe sta\u0142o si\u0119 mo\u017cliwym\",\"publisher\":{\"@id\":\"https:\/\/anitanederlands.nl\/#organization\"},\"potentialAction\":[{\"@type\":\"SearchAction\",\"target\":{\"@type\":\"EntryPoint\",\"urlTemplate\":\"https:\/\/anitanederlands.nl\/?s={search_term_string}\"},\"query-input\":{\"@type\":\"PropertyValueSpecification\",\"valueRequired\":true,\"valueName\":\"search_term_string\"}}],\"inLanguage\":\"nl-NL\"},{\"@type\":\"Organization\",\"@id\":\"https:\/\/anitanederlands.nl\/#organization\",\"name\":\"Nauka Niderlandzkiego\",\"url\":\"https:\/\/anitanederlands.nl\/\",\"logo\":{\"@type\":\"ImageObject\",\"inLanguage\":\"nl-NL\",\"@id\":\"https:\/\/anitanederlands.nl\/#\/schema\/logo\/image\/\",\"url\":\"https:\/\/anitanederlands.nl\/wp-content\/uploads\/2022\/11\/cropped-Anita-Nederlands-voor-iedern.png\",\"contentUrl\":\"https:\/\/anitanederlands.nl\/wp-content\/uploads\/2022\/11\/cropped-Anita-Nederlands-voor-iedern.png\",\"width\":360,\"height\":120,\"caption\":\"Nauka Niderlandzkiego\"},\"image\":{\"@id\":\"https:\/\/anitanederlands.nl\/#\/schema\/logo\/image\/\"}}]}<\/script>\n<!-- \/ Yoast SEO plugin. -->","yoast_head_json":{"title":"Consultatie - Nauka Niderlandzkiego","description":"Maak een afspraak voor een EFT- of taalconsult om het niveau van","robots":{"index":"index","follow":"follow","max-snippet":"max-snippet:-1","max-image-preview":"max-image-preview:large","max-video-preview":"max-video-preview:-1"},"canonical":"https:\/\/anitanederlands.nl\/nl\/consultatie\/","og_locale":"nl_NL","og_type":"article","og_title":"Consultatie - Nauka Niderlandzkiego","og_description":"Maak een afspraak voor een EFT- of taalconsult om het niveau van","og_url":"https:\/\/anitanederlands.nl\/nl\/consultatie\/","og_site_name":"Nauka Niderlandzkiego","article_modified_time":"2022-10-16T08:55:31+00:00","og_image":[{"width":450,"height":586,"url":"https:\/\/anitanederlands.nl\/wp-content\/uploads\/2022\/10\/1.jpg","type":"image\/jpeg"}],"twitter_card":"summary_large_image","schema":{"@context":"https:\/\/schema.org","@graph":[{"@type":"WebPage","@id":"https:\/\/anitanederlands.nl\/nl\/consultatie\/","url":"https:\/\/anitanederlands.nl\/nl\/consultatie\/","name":"Consultatie - Nauka Niderlandzkiego","isPartOf":{"@id":"https:\/\/anitanederlands.nl\/#website"},"primaryImageOfPage":{"@id":"https:\/\/anitanederlands.nl\/nl\/consultatie\/#primaryimage"},"image":{"@id":"https:\/\/anitanederlands.nl\/nl\/consultatie\/#primaryimage"},"thumbnailUrl":"https:\/\/anitanederlands.nl\/wp-content\/uploads\/2022\/10\/1.jpg","datePublished":"2022-10-15T06:40:50+00:00","dateModified":"2022-10-16T08:55:31+00:00","description":"Maak een afspraak voor een EFT- of taalconsult om het niveau van","breadcrumb":{"@id":"https:\/\/anitanederlands.nl\/nl\/consultatie\/#breadcrumb"},"inLanguage":"nl-NL","potentialAction":[{"@type":"ReadAction","target":["https:\/\/anitanederlands.nl\/nl\/consultatie\/"]}]},{"@type":"ImageObject","inLanguage":"nl-NL","@id":"https:\/\/anitanederlands.nl\/nl\/consultatie\/#primaryimage","url":"https:\/\/anitanederlands.nl\/wp-content\/uploads\/2022\/10\/1.jpg","contentUrl":"https:\/\/anitanederlands.nl\/wp-content\/uploads\/2022\/10\/1.jpg","width":450,"height":586},{"@type":"BreadcrumbList","@id":"https:\/\/anitanederlands.nl\/nl\/consultatie\/#breadcrumb","itemListElement":[{"@type":"ListItem","position":1,"name":"Strona g\u0142\u00f3wna","item":"https:\/\/anitanederlands.nl\/"},{"@type":"ListItem","position":2,"name":"Consultatie"}]},{"@type":"WebSite","@id":"https:\/\/anitanederlands.nl\/#website","url":"https:\/\/anitanederlands.nl\/","name":"Nauka Niderlandzkiego","description":"Sprawi\u0107 by niemo\u017cliwe sta\u0142o si\u0119 mo\u017cliwym","publisher":{"@id":"https:\/\/anitanederlands.nl\/#organization"},"potentialAction":[{"@type":"SearchAction","target":{"@type":"EntryPoint","urlTemplate":"https:\/\/anitanederlands.nl\/?s={search_term_string}"},"query-input":{"@type":"PropertyValueSpecification","valueRequired":true,"valueName":"search_term_string"}}],"inLanguage":"nl-NL"},{"@type":"Organization","@id":"https:\/\/anitanederlands.nl\/#organization","name":"Nauka Niderlandzkiego","url":"https:\/\/anitanederlands.nl\/","logo":{"@type":"ImageObject","inLanguage":"nl-NL","@id":"https:\/\/anitanederlands.nl\/#\/schema\/logo\/image\/","url":"https:\/\/anitanederlands.nl\/wp-content\/uploads\/2022\/11\/cropped-Anita-Nederlands-voor-iedern.png","contentUrl":"https:\/\/anitanederlands.nl\/wp-content\/uploads\/2022\/11\/cropped-Anita-Nederlands-voor-iedern.png","width":360,"height":120,"caption":"Nauka Niderlandzkiego"},"image":{"@id":"https:\/\/anitanederlands.nl\/#\/schema\/logo\/image\/"}}]}},"ticketed":false,"_links":{"self":[{"href":"https:\/\/anitanederlands.nl\/nl\/wp-json\/wp\/v2\/pages\/1143","targetHints":{"allow":["GET"]}}],"collection":[{"href":"https:\/\/anitanederlands.nl\/nl\/wp-json\/wp\/v2\/pages"}],"about":[{"href":"https:\/\/anitanederlands.nl\/nl\/wp-json\/wp\/v2\/types\/page"}],"author":[{"embeddable":true,"href":"https:\/\/anitanederlands.nl\/nl\/wp-json\/wp\/v2\/users\/1"}],"replies":[{"embeddable":true,"href":"https:\/\/anitanederlands.nl\/nl\/wp-json\/wp\/v2\/comments?post=1143"}],"version-history":[{"count":2,"href":"https:\/\/anitanederlands.nl\/nl\/wp-json\/wp\/v2\/pages\/1143\/revisions"}],"predecessor-version":[{"id":1145,"href":"https:\/\/anitanederlands.nl\/nl\/wp-json\/wp\/v2\/pages\/1143\/revisions\/1145"}],"wp:featuredmedia":[{"embeddable":true,"href":"https:\/\/anitanederlands.nl\/nl\/wp-json\/wp\/v2\/media\/1062"}],"wp:attachment":[{"href":"https:\/\/anitanederlands.nl\/nl\/wp-json\/wp\/v2\/media?parent=1143"}],"curies":[{"name":"wp","href":"https:\/\/api.w.org\/{rel}","templated":true}]}}