{"id":2729,"date":"2025-07-02T16:41:55","date_gmt":"2025-07-02T14:41:55","guid":{"rendered":"https:\/\/anitanederlands.nl\/produkt\/mow-po-niderlandzku-czwartek-poziom-a1-2-a1-start-28-sierpnia-2025-koniec-13-listopada-2025-przerwa-29-09-2025-14-10-2025\/"},"modified":"2025-07-02T16:43:06","modified_gmt":"2025-07-02T14:43:06","slug":"mow-po-niderlandzku-czwartek-poziom-a1-2-a1-start-28-sierpnia-2025-koniec-13-listopada-2025-przerwa-29-09-2025-14-10-2025","status":"publish","type":"product","link":"https:\/\/anitanederlands.nl\/en\/produkt\/mow-po-niderlandzku-czwartek-poziom-a1-2-a1-start-28-sierpnia-2025-koniec-13-listopada-2025-przerwa-29-09-2025-14-10-2025\/","title":{"rendered":"M\u00f3w po niderlandzku CZWARTEK Poziom A1.2 (A1+)- START 28 sierpnia 2025- KONIEC 13 listopada 2025 ( przerwa 29.09.2025-14.10.2025)"},"content":{"rendered":"","protected":false},"excerpt":{"rendered":"<p>Kurs ma na celu usprawni\u0107 twoj\u0105 komunikacj\u0119 w \u017cyciu codziennym: apteka, lekarz, ubezpieczalnie, rozmowy z s\u0105siadami i znajomymi, sklepy, rozmowy ze sp\u00f3\u0142dzielni\u0105 i w\u0142a\u015bcicielem mieszkania, randki i relacje mi\u0119dzyludzkie, zg\u0142aszanie problem\u00f3w i szk\u00f3d.<\/p>\n<p>10 lekcji tematycznych:<\/p>\n<p>Hobby i sp\u0119dzanie czasu wolnego<\/p>\n<p>Opowiadanie o swoich pasjach, zapraszanie na wsp\u00f3lne aktywno\u015bci, rozmowy o weekendowych planach.<\/p>\n<p>Plany na wakacje i podr\u00f3\u017ce<\/p>\n<p>Rezerwowanie hoteli, rozmowy na lotnisku czy w biurze podr\u00f3\u017cy.<\/p>\n<p>Dom i \u017cycie codzienne<\/p>\n<p>Rozmowy o obowi\u0105zkach domowych i rozmowy z s\u0105siadami.<\/p>\n<p>Plany i przysz\u0142o\u015b\u0107<\/p>\n<p>Jak m\u00f3wi\u0107 o planach na przysz\u0142o\u015b\u0107, wakacjach, aspiracjach i marzeniach.<\/p>\n<p>Problemy i sytuacje awaryjne<\/p>\n<p>Zg\u0142aszanie zgubionych rzeczy, wzywanie pomocy, rozmowy z policj\u0105 czy stra\u017c\u0105 po\u017carn\u0105.<\/p>\n<p>Lekarz domowy i apteka<\/p>\n<p>Umawianie, przek\u0142adanie i odwo\u0142ywanie wizyt, opisywanie swoich dolegliwo\u015bci, zwroty i pytania potrzebne podczas rozmowy, odbieranie lek\u00f3w, wykonywanie rozm\u00f3w telefonicznych z asystentk\u0105 lekarza i aptek\u0105<\/p>\n<p>Randki i relacje mi\u0119dzyludzkie<\/p>\n<p>Wyra\u017canie uczu\u0107, umawianie si\u0119 na spotkania, rozwi\u0105zywanie drobnych konflikt\u00f3w.<\/p>\n<p>Rozmowy w sklepach<\/p>\n<p>Supermarket, sklepy z odzie\u017c\u0105 i butami, drogeria<\/p>\n<p>Twoje mieszkanie\/dom<\/p>\n<p>Rozmowy dotycz\u0105ce wynajmu, rozmowy ze sp\u00f3\u0142dzielni\u0105, zg\u0142aszanie problem\u00f3w w mieszkaniu<\/p>\n<p>Ubezpieczalnie<\/p>\n<p>Rodzaje ubezpiecze\u0144, zg\u0142aszanie problem\u00f3w i szk\u00f3d, rozmowy dotycz\u0105ce zwrot\u00f3w koszt\u00f3w<\/p>\n<p>Dodatkowy bonus: nagrania s\u0142ownictwa i zwrot\u00f3w oraz filmiki ze skryptami rozm\u00f3w i wymow\u0105<\/p>\n<p>Jak skonstruowany jest ten kurs:<br \/>\n\u2705spotkanie raz w tygodniu po 2 godziny, 20 godzin, 10 tygodni<br \/>\n\u2705mo\u017cliwo\u015b\u0107 udzia\u0142u w kursie zar\u00f3wno w lokacji szko\u0142y, jak i online np. Zoom<br \/>\n\u2705program stworzony zosta\u0142 z my\u015bl\u0105 o jak najszybszym przyswajaniu zwrot\u00f3w, kt\u00f3re mo\u017cesz wykorzysta\u0107 w \u017cyciu codziennym<br \/>\n\u2705mi\u0119dzy zaj\u0119ciami otrzymujesz kilkuminutowe nagrania zwrot\u00f3w oraz ca\u0142ych dialog\u00f3w, kt\u00f3re skutecznie utrwalaj\u0105 materia\u0142 i uskuteczniaj\u0105 ca\u0142y proces swobodnego i bezstresowego m\u00f3wienia<br \/>\n\u2705podczas zaj\u0119\u0107 od razu \u0107wiczymy w praktyce<br \/>\nDo\u0142\u0105cz do kursu swobodnego m\u00f3wienia i przekonaj si\u0119, jak szybko mo\u017cesz osi\u0105gn\u0105\u0107 pewno\u015b\u0107 siebie w komunikacji w j\u0119zyku niderlandzkim!<\/p>\n","protected":false},"featured_media":0,"comment_status":"open","ping_status":"closed","template":"","meta":{"site-sidebar-layout":"default","site-content-layout":"","ast-site-content-layout":"default","site-content-style":"default","site-sidebar-style":"default","ast-global-header-display":"","ast-banner-title-visibility":"","ast-main-header-display":"","ast-hfb-above-header-display":"","ast-hfb-below-header-display":"","ast-hfb-mobile-header-display":"","site-post-title":"","ast-breadcrumbs-content":"","ast-featured-img":"","footer-sml-layout":"","ast-disable-related-posts":"","theme-transparent-header-meta":"default","adv-header-id-meta":"","stick-header-meta":"","header-above-stick-meta":"","header-main-stick-meta":"","header-below-stick-meta":"","astra-migrate-meta-layouts":"set","ast-page-background-enabled":"default","ast-page-background-meta":{"desktop":{"background-color":"var(--ast-global-color-4)","background-image":"","background-repeat":"repeat","background-position":"center center","background-size":"auto","background-attachment":"scroll","background-type":"","background-media":"","overlay-type":"","overlay-color":"","overlay-opacity":"","overlay-gradient":""},"tablet":{"background-color":"","background-image":"","background-repeat":"repeat","background-position":"center center","background-size":"auto","background-attachment":"scroll","background-type":"","background-media":"","overlay-type":"","overlay-color":"","overlay-opacity":"","overlay-gradient":""},"mobile":{"background-color":"","background-image":"","background-repeat":"repeat","background-position":"center center","background-size":"auto","background-attachment":"scroll","background-type":"","background-media":"","overlay-type":"","overlay-color":"","overlay-opacity":"","overlay-gradient":""}},"ast-content-background-meta":{"desktop":{"background-color":"var(--ast-global-color-5)","background-image":"","background-repeat":"repeat","background-position":"center center","background-size":"auto","background-attachment":"scroll","background-type":"","background-media":"","overlay-type":"","overlay-color":"","overlay-opacity":"","overlay-gradient":""},"tablet":{"background-color":"var(--ast-global-color-5)","background-image":"","background-repeat":"repeat","background-position":"center center","background-size":"auto","background-attachment":"scroll","background-type":"","background-media":"","overlay-type":"","overlay-color":"","overlay-opacity":"","overlay-gradient":""},"mobile":{"background-color":"var(--ast-global-color-5)","background-image":"","background-repeat":"repeat","background-position":"center center","background-size":"auto","background-attachment":"scroll","background-type":"","background-media":"","overlay-type":"","overlay-color":"","overlay-opacity":"","overlay-gradient":""}},"_price":"365","_stock":"7","_tribe_ticket_header":"","_tribe_default_ticket_provider":"","_ticket_start_date":"2025-07-02 00:00:00","_ticket_end_date":"2025-09-04 00:00:00","_tribe_ticket_show_description":"yes","_tribe_ticket_show_not_going":false,"_tribe_ticket_use_global_stock":"","_tribe_ticket_global_stock_level":"","_global_stock_mode":"capped","_global_stock_cap":"","_tribe_rsvp_for_event":"","_tribe_ticket_going_count":"","_tribe_ticket_not_going_count":"","_tribe_tickets_list":"[]","_tribe_ticket_has_attendee_info_fields":false,"_tec_slr_enabled":"","_tec_slr_layout":""},"product_brand":[],"product_cat":[],"product_tag":[],"class_list":{"0":"post-2729","1":"product","2":"type-product","3":"status-publish","5":"desktop-align-left","6":"tablet-align-left","7":"mobile-align-left","9":"first","10":"instock","11":"virtual","12":"purchasable","13":"product-type-simple"},"yoast_head":"<!-- This site is optimized with the Yoast SEO plugin v27.1.1 - https:\/\/yoast.com\/product\/yoast-seo-wordpress\/ -->\n<title>M\u00f3w po niderlandzku CZWARTEK Poziom A1.2 (A1+)- START 28 sierpnia 2025- KONIEC 13 listopada 2025 ( przerwa 29.09.2025-14.10.2025) - Nauka Niderlandzkiego<\/title>\n<meta name=\"robots\" content=\"index, follow, max-snippet:-1, max-image-preview:large, max-video-preview:-1\" \/>\n<link rel=\"canonical\" href=\"https:\/\/anitanederlands.nl\/kurs\/mow-po-niderlandzku-czwartek-poziom-a1-2-a1-start-28-sierpnia-2025-koniec-13-listopada-2025-przerwa-29-09-2025-14-10-2025\/\" \/>\n<meta property=\"og:locale\" content=\"en_US\" \/>\n<meta property=\"og:type\" content=\"article\" \/>\n<meta property=\"og:title\" content=\"M\u00f3w po niderlandzku CZWARTEK Poziom A1.2 (A1+)- START 28 sierpnia 2025- KONIEC 13 listopada 2025 ( przerwa 29.09.2025-14.10.2025) - Nauka Niderlandzkiego\" \/>\n<meta property=\"og:description\" content=\"Kurs ma na celu usprawni\u0107 twoj\u0105 komunikacj\u0119 w \u017cyciu codziennym: apteka, lekarz, ubezpieczalnie, rozmowy z s\u0105siadami i znajomymi, sklepy, rozmowy ze sp\u00f3\u0142dzielni\u0105 i w\u0142a\u015bcicielem mieszkania, randki i relacje mi\u0119dzyludzkie, zg\u0142aszanie problem\u00f3w i szk\u00f3d.  10 lekcji tematycznych:  Hobby i sp\u0119dzanie czasu wolnego  Opowiadanie o swoich pasjach, zapraszanie na wsp\u00f3lne aktywno\u015bci, rozmowy o weekendowych planach.  Plany na wakacje i podr\u00f3\u017ce  Rezerwowanie hoteli, rozmowy na lotnisku czy w biurze podr\u00f3\u017cy.  Dom i \u017cycie codzienne  Rozmowy o obowi\u0105zkach domowych i rozmowy z s\u0105siadami.  Plany i przysz\u0142o\u015b\u0107  Jak m\u00f3wi\u0107 o planach na przysz\u0142o\u015b\u0107, wakacjach, aspiracjach i marzeniach.  Problemy i sytuacje awaryjne  Zg\u0142aszanie zgubionych rzeczy, wzywanie pomocy, rozmowy z policj\u0105 czy stra\u017c\u0105 po\u017carn\u0105.  Lekarz domowy i apteka  Umawianie, przek\u0142adanie i odwo\u0142ywanie wizyt, opisywanie swoich dolegliwo\u015bci, zwroty i pytania potrzebne podczas rozmowy, odbieranie lek\u00f3w, wykonywanie rozm\u00f3w telefonicznych z asystentk\u0105 lekarza i aptek\u0105  Randki i relacje mi\u0119dzyludzkie  Wyra\u017canie uczu\u0107, umawianie si\u0119 na spotkania, rozwi\u0105zywanie drobnych konflikt\u00f3w.  Rozmowy w sklepach  Supermarket, sklepy z odzie\u017c\u0105 i butami, drogeria  Twoje mieszkanie\/dom  Rozmowy dotycz\u0105ce wynajmu, rozmowy ze sp\u00f3\u0142dzielni\u0105, zg\u0142aszanie problem\u00f3w w mieszkaniu  Ubezpieczalnie  Rodzaje ubezpiecze\u0144, zg\u0142aszanie problem\u00f3w i szk\u00f3d, rozmowy dotycz\u0105ce zwrot\u00f3w koszt\u00f3w  Dodatkowy bonus: nagrania s\u0142ownictwa i zwrot\u00f3w oraz filmiki ze skryptami rozm\u00f3w i wymow\u0105  Jak skonstruowany jest ten kurs: \u2705spotkanie raz w tygodniu po 2 godziny, 20 godzin, 10 tygodni \u2705mo\u017cliwo\u015b\u0107 udzia\u0142u w kursie zar\u00f3wno w lokacji szko\u0142y, jak i online np. Zoom \u2705program stworzony zosta\u0142 z my\u015bl\u0105 o jak najszybszym przyswajaniu zwrot\u00f3w, kt\u00f3re mo\u017cesz wykorzysta\u0107 w \u017cyciu codziennym \u2705mi\u0119dzy zaj\u0119ciami otrzymujesz kilkuminutowe nagrania zwrot\u00f3w oraz ca\u0142ych dialog\u00f3w, kt\u00f3re skutecznie utrwalaj\u0105 materia\u0142 i uskuteczniaj\u0105 ca\u0142y proces swobodnego i bezstresowego m\u00f3wienia \u2705podczas zaj\u0119\u0107 od razu \u0107wiczymy w praktyce Do\u0142\u0105cz do kursu swobodnego m\u00f3wienia i przekonaj si\u0119, jak szybko mo\u017cesz osi\u0105gn\u0105\u0107 pewno\u015b\u0107 siebie w komunikacji w j\u0119zyku niderlandzkim!\" \/>\n<meta property=\"og:url\" content=\"https:\/\/anitanederlands.nl\/kurs\/mow-po-niderlandzku-czwartek-poziom-a1-2-a1-start-28-sierpnia-2025-koniec-13-listopada-2025-przerwa-29-09-2025-14-10-2025\/\" \/>\n<meta property=\"og:site_name\" content=\"Nauka Niderlandzkiego\" \/>\n<meta property=\"article:modified_time\" content=\"2025-07-02T14:43:06+00:00\" \/>\n<meta name=\"twitter:card\" content=\"summary_large_image\" \/>\n<script type=\"application\/ld+json\" class=\"yoast-schema-graph\">{\"@context\":\"https:\/\/schema.org\",\"@graph\":[{\"@type\":\"WebPage\",\"@id\":\"https:\/\/anitanederlands.nl\/kurs\/mow-po-niderlandzku-czwartek-poziom-a1-2-a1-start-28-sierpnia-2025-koniec-13-listopada-2025-przerwa-29-09-2025-14-10-2025\/\",\"url\":\"https:\/\/anitanederlands.nl\/kurs\/mow-po-niderlandzku-czwartek-poziom-a1-2-a1-start-28-sierpnia-2025-koniec-13-listopada-2025-przerwa-29-09-2025-14-10-2025\/\",\"name\":\"M\u00f3w po niderlandzku CZWARTEK Poziom A1.2 (A1+)- START 28 sierpnia 2025- KONIEC 13 listopada 2025 ( przerwa 29.09.2025-14.10.2025) - Nauka Niderlandzkiego\",\"isPartOf\":{\"@id\":\"https:\/\/anitanederlands.nl\/#website\"},\"datePublished\":\"2025-07-02T14:41:55+00:00\",\"dateModified\":\"2025-07-02T14:43:06+00:00\",\"breadcrumb\":{\"@id\":\"https:\/\/anitanederlands.nl\/kurs\/mow-po-niderlandzku-czwartek-poziom-a1-2-a1-start-28-sierpnia-2025-koniec-13-listopada-2025-przerwa-29-09-2025-14-10-2025\/#breadcrumb\"},\"inLanguage\":\"en-US\",\"potentialAction\":[{\"@type\":\"ReadAction\",\"target\":[\"https:\/\/anitanederlands.nl\/kurs\/mow-po-niderlandzku-czwartek-poziom-a1-2-a1-start-28-sierpnia-2025-koniec-13-listopada-2025-przerwa-29-09-2025-14-10-2025\/\"]}]},{\"@type\":\"BreadcrumbList\",\"@id\":\"https:\/\/anitanederlands.nl\/kurs\/mow-po-niderlandzku-czwartek-poziom-a1-2-a1-start-28-sierpnia-2025-koniec-13-listopada-2025-przerwa-29-09-2025-14-10-2025\/#breadcrumb\",\"itemListElement\":[{\"@type\":\"ListItem\",\"position\":1,\"name\":\"Strona g\u0142\u00f3wna\",\"item\":\"https:\/\/anitanederlands.nl\/en\/\"},{\"@type\":\"ListItem\",\"position\":2,\"name\":\"Sklep\",\"item\":\"https:\/\/anitanederlands.nl\/sklep\/\"},{\"@type\":\"ListItem\",\"position\":3,\"name\":\"M\u00f3w po niderlandzku CZWARTEK Poziom A1.2 (A1+)- START 28 sierpnia 2025- KONIEC 13 listopada 2025 ( przerwa 29.09.2025-14.10.2025)\"}]},{\"@type\":\"WebSite\",\"@id\":\"https:\/\/anitanederlands.nl\/#website\",\"url\":\"https:\/\/anitanederlands.nl\/\",\"name\":\"Nauka Niderlandzkiego\",\"description\":\"Sprawi\u0107 by niemo\u017cliwe sta\u0142o si\u0119 mo\u017cliwym\",\"publisher\":{\"@id\":\"https:\/\/anitanederlands.nl\/#organization\"},\"potentialAction\":[{\"@type\":\"SearchAction\",\"target\":{\"@type\":\"EntryPoint\",\"urlTemplate\":\"https:\/\/anitanederlands.nl\/?s={search_term_string}\"},\"query-input\":{\"@type\":\"PropertyValueSpecification\",\"valueRequired\":true,\"valueName\":\"search_term_string\"}}],\"inLanguage\":\"en-US\"},{\"@type\":\"Organization\",\"@id\":\"https:\/\/anitanederlands.nl\/#organization\",\"name\":\"Nauka Niderlandzkiego\",\"url\":\"https:\/\/anitanederlands.nl\/\",\"logo\":{\"@type\":\"ImageObject\",\"inLanguage\":\"en-US\",\"@id\":\"https:\/\/anitanederlands.nl\/#\/schema\/logo\/image\/\",\"url\":\"https:\/\/anitanederlands.nl\/wp-content\/uploads\/2022\/11\/cropped-Anita-Nederlands-voor-iedern.png\",\"contentUrl\":\"https:\/\/anitanederlands.nl\/wp-content\/uploads\/2022\/11\/cropped-Anita-Nederlands-voor-iedern.png\",\"width\":360,\"height\":120,\"caption\":\"Nauka Niderlandzkiego\"},\"image\":{\"@id\":\"https:\/\/anitanederlands.nl\/#\/schema\/logo\/image\/\"}}]}<\/script>\n<!-- \/ Yoast SEO plugin. -->","yoast_head_json":{"title":"M\u00f3w po niderlandzku CZWARTEK Poziom A1.2 (A1+)- START 28 sierpnia 2025- KONIEC 13 listopada 2025 ( przerwa 29.09.2025-14.10.2025) - Nauka Niderlandzkiego","robots":{"index":"index","follow":"follow","max-snippet":"max-snippet:-1","max-image-preview":"max-image-preview:large","max-video-preview":"max-video-preview:-1"},"canonical":"https:\/\/anitanederlands.nl\/kurs\/mow-po-niderlandzku-czwartek-poziom-a1-2-a1-start-28-sierpnia-2025-koniec-13-listopada-2025-przerwa-29-09-2025-14-10-2025\/","og_locale":"en_US","og_type":"article","og_title":"M\u00f3w po niderlandzku CZWARTEK Poziom A1.2 (A1+)- START 28 sierpnia 2025- KONIEC 13 listopada 2025 ( przerwa 29.09.2025-14.10.2025) - Nauka Niderlandzkiego","og_description":"Kurs ma na celu usprawni\u0107 twoj\u0105 komunikacj\u0119 w \u017cyciu codziennym: apteka, lekarz, ubezpieczalnie, rozmowy z s\u0105siadami i znajomymi, sklepy, rozmowy ze sp\u00f3\u0142dzielni\u0105 i w\u0142a\u015bcicielem mieszkania, randki i relacje mi\u0119dzyludzkie, zg\u0142aszanie problem\u00f3w i szk\u00f3d.  10 lekcji tematycznych:  Hobby i sp\u0119dzanie czasu wolnego  Opowiadanie o swoich pasjach, zapraszanie na wsp\u00f3lne aktywno\u015bci, rozmowy o weekendowych planach.  Plany na wakacje i podr\u00f3\u017ce  Rezerwowanie hoteli, rozmowy na lotnisku czy w biurze podr\u00f3\u017cy.  Dom i \u017cycie codzienne  Rozmowy o obowi\u0105zkach domowych i rozmowy z s\u0105siadami.  Plany i przysz\u0142o\u015b\u0107  Jak m\u00f3wi\u0107 o planach na przysz\u0142o\u015b\u0107, wakacjach, aspiracjach i marzeniach.  Problemy i sytuacje awaryjne  Zg\u0142aszanie zgubionych rzeczy, wzywanie pomocy, rozmowy z policj\u0105 czy stra\u017c\u0105 po\u017carn\u0105.  Lekarz domowy i apteka  Umawianie, przek\u0142adanie i odwo\u0142ywanie wizyt, opisywanie swoich dolegliwo\u015bci, zwroty i pytania potrzebne podczas rozmowy, odbieranie lek\u00f3w, wykonywanie rozm\u00f3w telefonicznych z asystentk\u0105 lekarza i aptek\u0105  Randki i relacje mi\u0119dzyludzkie  Wyra\u017canie uczu\u0107, umawianie si\u0119 na spotkania, rozwi\u0105zywanie drobnych konflikt\u00f3w.  Rozmowy w sklepach  Supermarket, sklepy z odzie\u017c\u0105 i butami, drogeria  Twoje mieszkanie\/dom  Rozmowy dotycz\u0105ce wynajmu, rozmowy ze sp\u00f3\u0142dzielni\u0105, zg\u0142aszanie problem\u00f3w w mieszkaniu  Ubezpieczalnie  Rodzaje ubezpiecze\u0144, zg\u0142aszanie problem\u00f3w i szk\u00f3d, rozmowy dotycz\u0105ce zwrot\u00f3w koszt\u00f3w  Dodatkowy bonus: nagrania s\u0142ownictwa i zwrot\u00f3w oraz filmiki ze skryptami rozm\u00f3w i wymow\u0105  Jak skonstruowany jest ten kurs: \u2705spotkanie raz w tygodniu po 2 godziny, 20 godzin, 10 tygodni \u2705mo\u017cliwo\u015b\u0107 udzia\u0142u w kursie zar\u00f3wno w lokacji szko\u0142y, jak i online np. Zoom \u2705program stworzony zosta\u0142 z my\u015bl\u0105 o jak najszybszym przyswajaniu zwrot\u00f3w, kt\u00f3re mo\u017cesz wykorzysta\u0107 w \u017cyciu codziennym \u2705mi\u0119dzy zaj\u0119ciami otrzymujesz kilkuminutowe nagrania zwrot\u00f3w oraz ca\u0142ych dialog\u00f3w, kt\u00f3re skutecznie utrwalaj\u0105 materia\u0142 i uskuteczniaj\u0105 ca\u0142y proces swobodnego i bezstresowego m\u00f3wienia \u2705podczas zaj\u0119\u0107 od razu \u0107wiczymy w praktyce Do\u0142\u0105cz do kursu swobodnego m\u00f3wienia i przekonaj si\u0119, jak szybko mo\u017cesz osi\u0105gn\u0105\u0107 pewno\u015b\u0107 siebie w komunikacji w j\u0119zyku niderlandzkim!","og_url":"https:\/\/anitanederlands.nl\/kurs\/mow-po-niderlandzku-czwartek-poziom-a1-2-a1-start-28-sierpnia-2025-koniec-13-listopada-2025-przerwa-29-09-2025-14-10-2025\/","og_site_name":"Nauka Niderlandzkiego","article_modified_time":"2025-07-02T14:43:06+00:00","twitter_card":"summary_large_image","schema":{"@context":"https:\/\/schema.org","@graph":[{"@type":"WebPage","@id":"https:\/\/anitanederlands.nl\/kurs\/mow-po-niderlandzku-czwartek-poziom-a1-2-a1-start-28-sierpnia-2025-koniec-13-listopada-2025-przerwa-29-09-2025-14-10-2025\/","url":"https:\/\/anitanederlands.nl\/kurs\/mow-po-niderlandzku-czwartek-poziom-a1-2-a1-start-28-sierpnia-2025-koniec-13-listopada-2025-przerwa-29-09-2025-14-10-2025\/","name":"M\u00f3w po niderlandzku CZWARTEK Poziom A1.2 (A1+)- START 28 sierpnia 2025- KONIEC 13 listopada 2025 ( przerwa 29.09.2025-14.10.2025) - Nauka Niderlandzkiego","isPartOf":{"@id":"https:\/\/anitanederlands.nl\/#website"},"datePublished":"2025-07-02T14:41:55+00:00","dateModified":"2025-07-02T14:43:06+00:00","breadcrumb":{"@id":"https:\/\/anitanederlands.nl\/kurs\/mow-po-niderlandzku-czwartek-poziom-a1-2-a1-start-28-sierpnia-2025-koniec-13-listopada-2025-przerwa-29-09-2025-14-10-2025\/#breadcrumb"},"inLanguage":"en-US","potentialAction":[{"@type":"ReadAction","target":["https:\/\/anitanederlands.nl\/kurs\/mow-po-niderlandzku-czwartek-poziom-a1-2-a1-start-28-sierpnia-2025-koniec-13-listopada-2025-przerwa-29-09-2025-14-10-2025\/"]}]},{"@type":"BreadcrumbList","@id":"https:\/\/anitanederlands.nl\/kurs\/mow-po-niderlandzku-czwartek-poziom-a1-2-a1-start-28-sierpnia-2025-koniec-13-listopada-2025-przerwa-29-09-2025-14-10-2025\/#breadcrumb","itemListElement":[{"@type":"ListItem","position":1,"name":"Strona g\u0142\u00f3wna","item":"https:\/\/anitanederlands.nl\/en\/"},{"@type":"ListItem","position":2,"name":"Sklep","item":"https:\/\/anitanederlands.nl\/sklep\/"},{"@type":"ListItem","position":3,"name":"M\u00f3w po niderlandzku CZWARTEK Poziom A1.2 (A1+)- START 28 sierpnia 2025- KONIEC 13 listopada 2025 ( przerwa 29.09.2025-14.10.2025)"}]},{"@type":"WebSite","@id":"https:\/\/anitanederlands.nl\/#website","url":"https:\/\/anitanederlands.nl\/","name":"Nauka Niderlandzkiego","description":"Sprawi\u0107 by niemo\u017cliwe sta\u0142o si\u0119 mo\u017cliwym","publisher":{"@id":"https:\/\/anitanederlands.nl\/#organization"},"potentialAction":[{"@type":"SearchAction","target":{"@type":"EntryPoint","urlTemplate":"https:\/\/anitanederlands.nl\/?s={search_term_string}"},"query-input":{"@type":"PropertyValueSpecification","valueRequired":true,"valueName":"search_term_string"}}],"inLanguage":"en-US"},{"@type":"Organization","@id":"https:\/\/anitanederlands.nl\/#organization","name":"Nauka Niderlandzkiego","url":"https:\/\/anitanederlands.nl\/","logo":{"@type":"ImageObject","inLanguage":"en-US","@id":"https:\/\/anitanederlands.nl\/#\/schema\/logo\/image\/","url":"https:\/\/anitanederlands.nl\/wp-content\/uploads\/2022\/11\/cropped-Anita-Nederlands-voor-iedern.png","contentUrl":"https:\/\/anitanederlands.nl\/wp-content\/uploads\/2022\/11\/cropped-Anita-Nederlands-voor-iedern.png","width":360,"height":120,"caption":"Nauka Niderlandzkiego"},"image":{"@id":"https:\/\/anitanederlands.nl\/#\/schema\/logo\/image\/"}}]}},"_links":{"self":[{"href":"https:\/\/anitanederlands.nl\/en\/wp-json\/wp\/v2\/product\/2729","targetHints":{"allow":["GET"]}}],"collection":[{"href":"https:\/\/anitanederlands.nl\/en\/wp-json\/wp\/v2\/product"}],"about":[{"href":"https:\/\/anitanederlands.nl\/en\/wp-json\/wp\/v2\/types\/product"}],"replies":[{"embeddable":true,"href":"https:\/\/anitanederlands.nl\/en\/wp-json\/wp\/v2\/comments?post=2729"}],"version-history":[{"count":1,"href":"https:\/\/anitanederlands.nl\/en\/wp-json\/wp\/v2\/product\/2729\/revisions"}],"predecessor-version":[{"id":2730,"href":"https:\/\/anitanederlands.nl\/en\/wp-json\/wp\/v2\/product\/2729\/revisions\/2730"}],"wp:attachment":[{"href":"https:\/\/anitanederlands.nl\/en\/wp-json\/wp\/v2\/media?parent=2729"}],"wp:term":[{"taxonomy":"product_brand","embeddable":true,"href":"https:\/\/anitanederlands.nl\/en\/wp-json\/wp\/v2\/product_brand?post=2729"},{"taxonomy":"product_cat","embeddable":true,"href":"https:\/\/anitanederlands.nl\/en\/wp-json\/wp\/v2\/product_cat?post=2729"},{"taxonomy":"product_tag","embeddable":true,"href":"https:\/\/anitanederlands.nl\/en\/wp-json\/wp\/v2\/product_tag?post=2729"}],"curies":[{"name":"wp","href":"https:\/\/api.w.org\/{rel}","templated":true}]}}