{"id":2079,"date":"2024-06-20T12:00:57","date_gmt":"2024-06-20T10:00:57","guid":{"rendered":"https:\/\/anitanederlands.nl\/produkt\/niedziela-a0-a1-20-godzin-10-tygodni-od-25-sierpnia-do-3-listopada-11-00-13-00\/"},"modified":"2024-09-12T16:35:24","modified_gmt":"2024-09-12T14:35:24","slug":"niedziela-a0-a1-20-godzin-10-tygodni-od-25-sierpnia-do-3-listopada-11-00-13-00","status":"publish","type":"product","link":"https:\/\/anitanederlands.nl\/en\/produkt\/niedziela-a0-a1-20-godzin-10-tygodni-od-25-sierpnia-do-3-listopada-11-00-13-00\/","title":{"rendered":"NIEDZIELA A0-A1, 20 godzin, 10 tygodni- od 29 wrze\u015bnia do 8 grudnia, 11.00-13.00"},"content":{"rendered":"","protected":false},"excerpt":{"rendered":"<p>NIEDZIELA A0-A1, 20 godzin, 10 tygodni- od 29 wrze\u015bnia do 8 grudnia, 11.00-13.00<\/p>\n<p>Zapisz si\u0119 je\u015bli:<br \/>\n\u2705zale\u017cy Ci na efektywnej i skutecznej nauce<br \/>\n\u2705podejrzewasz, \u017ce masz blokady, kt\u00f3re utrudniaj\u0105 Ci nauk\u0119 nowego j\u0119zyka<br \/>\n\u2705chcesz uczy\u0107 si\u0119 w spos\u00f3b przyjazny dla m\u00f3zgu<br \/>\nchcesz zyska\u0107 wi\u0119ksz\u0105 pewno\u015b\u0107 siebie w komunikowaniu si\u0119 w nowym j\u0119zyku<br \/>\n\u2705nauka j\u0119zyka niderlandzkiego do tej pory nie przynios\u0142a oczekiwanych rezultat\u00f3w<br \/>\n\u2705chcesz wsparcia trenera j\u0119zykowego z wieloletnim do\u015bwiadczeniem, nadal zdobywaj\u0105cego nowe umiej\u0119tno\u015bci i wiedz\u0119, aby Ci jak najskuteczniej pom\u00f3c<br \/>\n\u2705mie\u0107 kontakt i wsparcie r\u00f3wnie\u017c poza zaj\u0119ciami (WhatsApp)<br \/>\n\u2705mo\u017cesz uczestniczy\u0107 w zaj\u0119ciach w lokacji szko\u0142y: Buislaan 52, 3028 VA Rotterdam, ale r\u00f3wnie\u017c online na platformie ZOOM lub przez Skype<\/p>\n","protected":false},"featured_media":0,"comment_status":"open","ping_status":"closed","template":"","meta":{"site-sidebar-layout":"default","site-content-layout":"","ast-site-content-layout":"default","site-content-style":"default","site-sidebar-style":"default","ast-global-header-display":"","ast-banner-title-visibility":"","ast-main-header-display":"","ast-hfb-above-header-display":"","ast-hfb-below-header-display":"","ast-hfb-mobile-header-display":"","site-post-title":"","ast-breadcrumbs-content":"","ast-featured-img":"","footer-sml-layout":"","ast-disable-related-posts":"","theme-transparent-header-meta":"default","adv-header-id-meta":"","stick-header-meta":"","header-above-stick-meta":"","header-main-stick-meta":"","header-below-stick-meta":"","astra-migrate-meta-layouts":"set","ast-page-background-enabled":"default","ast-page-background-meta":{"desktop":{"background-color":"var(--ast-global-color-4)","background-image":"","background-repeat":"repeat","background-position":"center center","background-size":"auto","background-attachment":"scroll","background-type":"","background-media":"","overlay-type":"","overlay-color":"","overlay-opacity":"","overlay-gradient":""},"tablet":{"background-color":"","background-image":"","background-repeat":"repeat","background-position":"center center","background-size":"auto","background-attachment":"scroll","background-type":"","background-media":"","overlay-type":"","overlay-color":"","overlay-opacity":"","overlay-gradient":""},"mobile":{"background-color":"","background-image":"","background-repeat":"repeat","background-position":"center center","background-size":"auto","background-attachment":"scroll","background-type":"","background-media":"","overlay-type":"","overlay-color":"","overlay-opacity":"","overlay-gradient":""}},"ast-content-background-meta":{"desktop":{"background-color":"var(--ast-global-color-5)","background-image":"","background-repeat":"repeat","background-position":"center center","background-size":"auto","background-attachment":"scroll","background-type":"","background-media":"","overlay-type":"","overlay-color":"","overlay-opacity":"","overlay-gradient":""},"tablet":{"background-color":"var(--ast-global-color-5)","background-image":"","background-repeat":"repeat","background-position":"center center","background-size":"auto","background-attachment":"scroll","background-type":"","background-media":"","overlay-type":"","overlay-color":"","overlay-opacity":"","overlay-gradient":""},"mobile":{"background-color":"var(--ast-global-color-5)","background-image":"","background-repeat":"repeat","background-position":"center center","background-size":"auto","background-attachment":"scroll","background-type":"","background-media":"","overlay-type":"","overlay-color":"","overlay-opacity":"","overlay-gradient":""}},"_price":"325.00","_stock":"","_tribe_ticket_header":"","_tribe_default_ticket_provider":"","_ticket_start_date":"2024-06-20 00:00:00","_ticket_end_date":"2024-09-29 00:00:00","_tribe_ticket_show_description":"yes","_tribe_ticket_show_not_going":false,"_tribe_ticket_use_global_stock":"","_tribe_ticket_global_stock_level":"","_global_stock_mode":"","_global_stock_cap":"","_tribe_rsvp_for_event":"","_tribe_ticket_going_count":"","_tribe_ticket_not_going_count":"","_tribe_tickets_list":"[]","_tribe_ticket_has_attendee_info_fields":false,"_tec_slr_enabled":"","_tec_slr_layout":""},"product_brand":[],"product_cat":[],"product_tag":[],"class_list":{"0":"post-2079","1":"product","2":"type-product","3":"status-publish","5":"desktop-align-left","6":"tablet-align-left","7":"mobile-align-left","9":"first","10":"instock","11":"virtual","12":"purchasable","13":"product-type-simple"},"yoast_head":"<!-- This site is optimized with the Yoast SEO plugin v27.1.1 - https:\/\/yoast.com\/product\/yoast-seo-wordpress\/ -->\n<title>NIEDZIELA A0-A1, 20 godzin, 10 tygodni- od 29 wrze\u015bnia do 8 grudnia, 11.00-13.00 - Nauka Niderlandzkiego<\/title>\n<meta name=\"robots\" content=\"index, follow, max-snippet:-1, max-image-preview:large, max-video-preview:-1\" \/>\n<link rel=\"canonical\" href=\"https:\/\/anitanederlands.nl\/kurs\/niedziela-a0-a1-20-godzin-10-tygodni-od-29-wrzesnia-do-9-grudnia-11-00-13-00\/\" \/>\n<meta property=\"og:locale\" content=\"en_US\" \/>\n<meta property=\"og:type\" content=\"article\" \/>\n<meta property=\"og:title\" content=\"NIEDZIELA A0-A1, 20 godzin, 10 tygodni- od 29 wrze\u015bnia do 8 grudnia, 11.00-13.00 - Nauka Niderlandzkiego\" \/>\n<meta property=\"og:description\" content=\"NIEDZIELA A0-A1, 20 godzin, 10 tygodni- od 29 wrze\u015bnia do 8 grudnia, 11.00-13.00  Zapisz si\u0119 je\u015bli: \u2705zale\u017cy Ci na efektywnej i skutecznej nauce \u2705podejrzewasz, \u017ce masz blokady, kt\u00f3re utrudniaj\u0105 Ci nauk\u0119 nowego j\u0119zyka \u2705chcesz uczy\u0107 si\u0119 w spos\u00f3b przyjazny dla m\u00f3zgu chcesz zyska\u0107 wi\u0119ksz\u0105 pewno\u015b\u0107 siebie w komunikowaniu si\u0119 w nowym j\u0119zyku \u2705nauka j\u0119zyka niderlandzkiego do tej pory nie przynios\u0142a oczekiwanych rezultat\u00f3w \u2705chcesz wsparcia trenera j\u0119zykowego z wieloletnim do\u015bwiadczeniem, nadal zdobywaj\u0105cego nowe umiej\u0119tno\u015bci i wiedz\u0119, aby Ci jak najskuteczniej pom\u00f3c \u2705mie\u0107 kontakt i wsparcie r\u00f3wnie\u017c poza zaj\u0119ciami (WhatsApp) \u2705mo\u017cesz uczestniczy\u0107 w zaj\u0119ciach w lokacji szko\u0142y: Buislaan 52, 3028 VA Rotterdam, ale r\u00f3wnie\u017c online na platformie ZOOM lub przez Skype\" \/>\n<meta property=\"og:url\" content=\"https:\/\/anitanederlands.nl\/kurs\/niedziela-a0-a1-20-godzin-10-tygodni-od-29-wrzesnia-do-9-grudnia-11-00-13-00\/\" \/>\n<meta property=\"og:site_name\" content=\"Nauka Niderlandzkiego\" \/>\n<meta property=\"article:modified_time\" content=\"2024-09-12T14:35:24+00:00\" \/>\n<meta name=\"twitter:card\" content=\"summary_large_image\" \/>\n<script type=\"application\/ld+json\" class=\"yoast-schema-graph\">{\"@context\":\"https:\/\/schema.org\",\"@graph\":[{\"@type\":\"WebPage\",\"@id\":\"https:\/\/anitanederlands.nl\/kurs\/niedziela-a0-a1-20-godzin-10-tygodni-od-29-wrzesnia-do-9-grudnia-11-00-13-00\/\",\"url\":\"https:\/\/anitanederlands.nl\/kurs\/niedziela-a0-a1-20-godzin-10-tygodni-od-29-wrzesnia-do-9-grudnia-11-00-13-00\/\",\"name\":\"NIEDZIELA A0-A1, 20 godzin, 10 tygodni- od 29 wrze\u015bnia do 8 grudnia, 11.00-13.00 - Nauka Niderlandzkiego\",\"isPartOf\":{\"@id\":\"https:\/\/anitanederlands.nl\/#website\"},\"datePublished\":\"2024-06-20T10:00:57+00:00\",\"dateModified\":\"2024-09-12T14:35:24+00:00\",\"breadcrumb\":{\"@id\":\"https:\/\/anitanederlands.nl\/kurs\/niedziela-a0-a1-20-godzin-10-tygodni-od-29-wrzesnia-do-9-grudnia-11-00-13-00\/#breadcrumb\"},\"inLanguage\":\"en-US\",\"potentialAction\":[{\"@type\":\"ReadAction\",\"target\":[\"https:\/\/anitanederlands.nl\/kurs\/niedziela-a0-a1-20-godzin-10-tygodni-od-29-wrzesnia-do-9-grudnia-11-00-13-00\/\"]}]},{\"@type\":\"BreadcrumbList\",\"@id\":\"https:\/\/anitanederlands.nl\/kurs\/niedziela-a0-a1-20-godzin-10-tygodni-od-29-wrzesnia-do-9-grudnia-11-00-13-00\/#breadcrumb\",\"itemListElement\":[{\"@type\":\"ListItem\",\"position\":1,\"name\":\"Strona g\u0142\u00f3wna\",\"item\":\"https:\/\/anitanederlands.nl\/en\/\"},{\"@type\":\"ListItem\",\"position\":2,\"name\":\"Sklep\",\"item\":\"https:\/\/anitanederlands.nl\/sklep\/\"},{\"@type\":\"ListItem\",\"position\":3,\"name\":\"NIEDZIELA A0-A1, 20 godzin, 10 tygodni- od 29 wrze\u015bnia do 8 grudnia, 11.00-13.00\"}]},{\"@type\":\"WebSite\",\"@id\":\"https:\/\/anitanederlands.nl\/#website\",\"url\":\"https:\/\/anitanederlands.nl\/\",\"name\":\"Nauka Niderlandzkiego\",\"description\":\"Sprawi\u0107 by niemo\u017cliwe sta\u0142o si\u0119 mo\u017cliwym\",\"publisher\":{\"@id\":\"https:\/\/anitanederlands.nl\/#organization\"},\"potentialAction\":[{\"@type\":\"SearchAction\",\"target\":{\"@type\":\"EntryPoint\",\"urlTemplate\":\"https:\/\/anitanederlands.nl\/?s={search_term_string}\"},\"query-input\":{\"@type\":\"PropertyValueSpecification\",\"valueRequired\":true,\"valueName\":\"search_term_string\"}}],\"inLanguage\":\"en-US\"},{\"@type\":\"Organization\",\"@id\":\"https:\/\/anitanederlands.nl\/#organization\",\"name\":\"Nauka Niderlandzkiego\",\"url\":\"https:\/\/anitanederlands.nl\/\",\"logo\":{\"@type\":\"ImageObject\",\"inLanguage\":\"en-US\",\"@id\":\"https:\/\/anitanederlands.nl\/#\/schema\/logo\/image\/\",\"url\":\"https:\/\/anitanederlands.nl\/wp-content\/uploads\/2022\/11\/cropped-Anita-Nederlands-voor-iedern.png\",\"contentUrl\":\"https:\/\/anitanederlands.nl\/wp-content\/uploads\/2022\/11\/cropped-Anita-Nederlands-voor-iedern.png\",\"width\":360,\"height\":120,\"caption\":\"Nauka Niderlandzkiego\"},\"image\":{\"@id\":\"https:\/\/anitanederlands.nl\/#\/schema\/logo\/image\/\"}}]}<\/script>\n<!-- \/ Yoast SEO plugin. -->","yoast_head_json":{"title":"NIEDZIELA A0-A1, 20 godzin, 10 tygodni- od 29 wrze\u015bnia do 8 grudnia, 11.00-13.00 - Nauka Niderlandzkiego","robots":{"index":"index","follow":"follow","max-snippet":"max-snippet:-1","max-image-preview":"max-image-preview:large","max-video-preview":"max-video-preview:-1"},"canonical":"https:\/\/anitanederlands.nl\/kurs\/niedziela-a0-a1-20-godzin-10-tygodni-od-29-wrzesnia-do-9-grudnia-11-00-13-00\/","og_locale":"en_US","og_type":"article","og_title":"NIEDZIELA A0-A1, 20 godzin, 10 tygodni- od 29 wrze\u015bnia do 8 grudnia, 11.00-13.00 - Nauka Niderlandzkiego","og_description":"NIEDZIELA A0-A1, 20 godzin, 10 tygodni- od 29 wrze\u015bnia do 8 grudnia, 11.00-13.00  Zapisz si\u0119 je\u015bli: \u2705zale\u017cy Ci na efektywnej i skutecznej nauce \u2705podejrzewasz, \u017ce masz blokady, kt\u00f3re utrudniaj\u0105 Ci nauk\u0119 nowego j\u0119zyka \u2705chcesz uczy\u0107 si\u0119 w spos\u00f3b przyjazny dla m\u00f3zgu chcesz zyska\u0107 wi\u0119ksz\u0105 pewno\u015b\u0107 siebie w komunikowaniu si\u0119 w nowym j\u0119zyku \u2705nauka j\u0119zyka niderlandzkiego do tej pory nie przynios\u0142a oczekiwanych rezultat\u00f3w \u2705chcesz wsparcia trenera j\u0119zykowego z wieloletnim do\u015bwiadczeniem, nadal zdobywaj\u0105cego nowe umiej\u0119tno\u015bci i wiedz\u0119, aby Ci jak najskuteczniej pom\u00f3c \u2705mie\u0107 kontakt i wsparcie r\u00f3wnie\u017c poza zaj\u0119ciami (WhatsApp) \u2705mo\u017cesz uczestniczy\u0107 w zaj\u0119ciach w lokacji szko\u0142y: Buislaan 52, 3028 VA Rotterdam, ale r\u00f3wnie\u017c online na platformie ZOOM lub przez Skype","og_url":"https:\/\/anitanederlands.nl\/kurs\/niedziela-a0-a1-20-godzin-10-tygodni-od-29-wrzesnia-do-9-grudnia-11-00-13-00\/","og_site_name":"Nauka Niderlandzkiego","article_modified_time":"2024-09-12T14:35:24+00:00","twitter_card":"summary_large_image","schema":{"@context":"https:\/\/schema.org","@graph":[{"@type":"WebPage","@id":"https:\/\/anitanederlands.nl\/kurs\/niedziela-a0-a1-20-godzin-10-tygodni-od-29-wrzesnia-do-9-grudnia-11-00-13-00\/","url":"https:\/\/anitanederlands.nl\/kurs\/niedziela-a0-a1-20-godzin-10-tygodni-od-29-wrzesnia-do-9-grudnia-11-00-13-00\/","name":"NIEDZIELA A0-A1, 20 godzin, 10 tygodni- od 29 wrze\u015bnia do 8 grudnia, 11.00-13.00 - Nauka Niderlandzkiego","isPartOf":{"@id":"https:\/\/anitanederlands.nl\/#website"},"datePublished":"2024-06-20T10:00:57+00:00","dateModified":"2024-09-12T14:35:24+00:00","breadcrumb":{"@id":"https:\/\/anitanederlands.nl\/kurs\/niedziela-a0-a1-20-godzin-10-tygodni-od-29-wrzesnia-do-9-grudnia-11-00-13-00\/#breadcrumb"},"inLanguage":"en-US","potentialAction":[{"@type":"ReadAction","target":["https:\/\/anitanederlands.nl\/kurs\/niedziela-a0-a1-20-godzin-10-tygodni-od-29-wrzesnia-do-9-grudnia-11-00-13-00\/"]}]},{"@type":"BreadcrumbList","@id":"https:\/\/anitanederlands.nl\/kurs\/niedziela-a0-a1-20-godzin-10-tygodni-od-29-wrzesnia-do-9-grudnia-11-00-13-00\/#breadcrumb","itemListElement":[{"@type":"ListItem","position":1,"name":"Strona g\u0142\u00f3wna","item":"https:\/\/anitanederlands.nl\/en\/"},{"@type":"ListItem","position":2,"name":"Sklep","item":"https:\/\/anitanederlands.nl\/sklep\/"},{"@type":"ListItem","position":3,"name":"NIEDZIELA A0-A1, 20 godzin, 10 tygodni- od 29 wrze\u015bnia do 8 grudnia, 11.00-13.00"}]},{"@type":"WebSite","@id":"https:\/\/anitanederlands.nl\/#website","url":"https:\/\/anitanederlands.nl\/","name":"Nauka Niderlandzkiego","description":"Sprawi\u0107 by niemo\u017cliwe sta\u0142o si\u0119 mo\u017cliwym","publisher":{"@id":"https:\/\/anitanederlands.nl\/#organization"},"potentialAction":[{"@type":"SearchAction","target":{"@type":"EntryPoint","urlTemplate":"https:\/\/anitanederlands.nl\/?s={search_term_string}"},"query-input":{"@type":"PropertyValueSpecification","valueRequired":true,"valueName":"search_term_string"}}],"inLanguage":"en-US"},{"@type":"Organization","@id":"https:\/\/anitanederlands.nl\/#organization","name":"Nauka Niderlandzkiego","url":"https:\/\/anitanederlands.nl\/","logo":{"@type":"ImageObject","inLanguage":"en-US","@id":"https:\/\/anitanederlands.nl\/#\/schema\/logo\/image\/","url":"https:\/\/anitanederlands.nl\/wp-content\/uploads\/2022\/11\/cropped-Anita-Nederlands-voor-iedern.png","contentUrl":"https:\/\/anitanederlands.nl\/wp-content\/uploads\/2022\/11\/cropped-Anita-Nederlands-voor-iedern.png","width":360,"height":120,"caption":"Nauka Niderlandzkiego"},"image":{"@id":"https:\/\/anitanederlands.nl\/#\/schema\/logo\/image\/"}}]}},"_links":{"self":[{"href":"https:\/\/anitanederlands.nl\/en\/wp-json\/wp\/v2\/product\/2079","targetHints":{"allow":["GET"]}}],"collection":[{"href":"https:\/\/anitanederlands.nl\/en\/wp-json\/wp\/v2\/product"}],"about":[{"href":"https:\/\/anitanederlands.nl\/en\/wp-json\/wp\/v2\/types\/product"}],"replies":[{"embeddable":true,"href":"https:\/\/anitanederlands.nl\/en\/wp-json\/wp\/v2\/comments?post=2079"}],"version-history":[{"count":4,"href":"https:\/\/anitanederlands.nl\/en\/wp-json\/wp\/v2\/product\/2079\/revisions"}],"predecessor-version":[{"id":2130,"href":"https:\/\/anitanederlands.nl\/en\/wp-json\/wp\/v2\/product\/2079\/revisions\/2130"}],"wp:attachment":[{"href":"https:\/\/anitanederlands.nl\/en\/wp-json\/wp\/v2\/media?parent=2079"}],"wp:term":[{"taxonomy":"product_brand","embeddable":true,"href":"https:\/\/anitanederlands.nl\/en\/wp-json\/wp\/v2\/product_brand?post=2079"},{"taxonomy":"product_cat","embeddable":true,"href":"https:\/\/anitanederlands.nl\/en\/wp-json\/wp\/v2\/product_cat?post=2079"},{"taxonomy":"product_tag","embeddable":true,"href":"https:\/\/anitanederlands.nl\/en\/wp-json\/wp\/v2\/product_tag?post=2079"}],"curies":[{"name":"wp","href":"https:\/\/api.w.org\/{rel}","templated":true}]}}