{"id":1893,"date":"2024-02-07T21:21:53","date_gmt":"2024-02-07T20:21:53","guid":{"rendered":"https:\/\/anitanederlands.nl\/?post_type=product&#038;p=1893"},"modified":"2024-05-20T21:29:28","modified_gmt":"2024-05-20T19:29:28","slug":"ebook-wizyta-u-lekarza","status":"publish","type":"product","link":"https:\/\/anitanederlands.nl\/en\/produkt\/ebook-wizyta-u-lekarza\/","title":{"rendered":"Ebook Wizyta u lekarza"},"content":{"rendered":"<p><span style=\"font-weight: 400;\">Czy zdarza Ci si\u0119 stresowa\u0107 i denerwowa\u0107, kiedy masz wizyt\u0119 u lekarza\u00a0 domowego lub specjalisty?\u00a0<\/span><\/p>\n<p><span style=\"font-weight: 400;\">Boisz si\u0119, \u017ce sobie nie poradzisz?\u00a0<\/span><\/p>\n<p><span style=\"font-weight: 400;\">Czy zdarzy\u0142o Ci si\u0119 kiedy\u015b czu\u0107 si\u0119 zagubionym w \u015bwiecie medycyny,\u00a0 nie wiedz\u0105c, jak si\u0119 przygotowa\u0107 do wizyty u lekarza?\u00a0<\/span><\/p>\n<p><span style=\"font-weight: 400;\">A mo\u017ce nie wiesz, gdzie szuka\u0107 s\u0142ownictwa i zwrot\u00f3w, kt\u00f3rych\u00a0 potrzebujesz podczas wizyty, a translator robi b\u0142\u0119dy?\u00a0<\/span><\/p>\n<p><span style=\"font-weight: 400;\">A mo\u017ce po prostu czas na opanowanie przydatnych stwierdze\u0144,\u00a0 s\u0142\u00f3wek i zda\u0144, kt\u00f3re sprawi\u0105, \u017ce b\u0119dzie Ci \u0142atwiej, kiedy jeste\u015b u\u00a0 lekarza lub w szpitalu?\u00a0<\/span><\/p>\n<p><span style=\"font-weight: 400;\">A mo\u017ce zaczynasz swoj\u0105 przygod\u0119 jako t\u0142umacz j\u0119zyka niderlandzkiego i potrzebujesz w\u0142a\u015bnie s\u0142ownictwa medycznego?\u00a0<\/span><\/p>\n<p><span style=\"font-weight: 400;\">Nie wiesz jakich nazw chor\u00f3b i schorze\u0144 u\u017cy\u0107?\u00a0<\/span><\/p>\n<p><span style=\"font-weight: 400;\">Nie wiesz jak dok\u0142adnie wyt\u0142umaczy\u0107 lekarzowi co Ci dolega i jakie s\u0105\u00a0 twoje objawy?\u00a0<\/span><\/p>\n<p><span style=\"font-weight: 400;\">Je\u015bli tak to przedstawiam Ci mojego autorskiego e-booka \u201eLEKARZ wszystko co musisz wiedzie\u0107, aby czu\u0107 si\u0119 bezpiecznie\u201d.\u00a0<\/span><\/p>\n<p><b>LEKARZ: Wszystko, co musisz wiedzie\u0107, by czu\u0107 si\u0119 bezpiecznie\u00a0<\/b><\/p>\n<p><span style=\"font-weight: 400;\">Tw\u00f3j czas na to, aby poczu\u0107 si\u0119 pewnie i skutecznie komunikowa\u0107 si\u0119\u00a0 ze specjalistami medycznymi! Oto &#8220;LEKARZ&#8221; &#8211; e-book stworzony\u00a0 specjalnie dla Ciebie, aby\u015b m\u00f3g\u0142\/a zdoby\u0107 wiedz\u0119 i umiej\u0119tno\u015bci\u00a0 niezb\u0119dne do skutecznej rozmowy z lekarzem domowym oraz\u00a0 specjalistami.<\/span><\/p>\n<p><b>Ciekawe Dialogi i Przydatne Rozmowy:\u00a0<\/b><\/p>\n<p><span style=\"font-weight: 400;\">W moim e-booku znajdziesz ciekawe dialogi oraz praktyczne rozmowy\u00a0 z kardiologiem, lekarzem domowym, fizjoterapeut\u0105, dentyst\u0105,\u00a0 ginekologiem, laryngologiem, neurologiem, gastrologiem i okulist\u0105. To\u00a0 nie tylko sucha teoria, ale realne sytuacje, kt\u00f3re pomog\u0105 Ci zrozumie\u0107,\u00a0 jak skutecznie komunikowa\u0107 si\u0119 ze specjalistami. Masz podane konkretne przyk\u0142ady schorze\u0144 i diagnoz stawianych przez lekarzy i\u00a0 przebieg ca\u0142ej rozmowy z t\u0142umaczeniem na j\u0119zyk polski.\u00a0<\/span><\/p>\n<p><b>Praktyczne Pytania na Wizyt\u0119:\u00a0<\/b><\/p>\n<p><span style=\"font-weight: 400;\">Dowiedz si\u0119, jakie pytania mo\u017cesz zada\u0107 lekarzowi domowemu lub\u00a0 specjali\u015bcie. Dzi\u0119ki temu b\u0119dziesz \u015bwietnie przygotowany, zyskasz\u00a0 pewno\u015b\u0107 siebie i skuteczno\u015b\u0107 w rozmowie po niderlandzku z\u00a0 profesjonalistami medycznymi.\u00a0<\/span><\/p>\n<p><b>Nazwy cz\u0119\u015bci cia\u0142a, organ\u00f3w, dolegliwo\u015bci podzielone tematycznie:\u00a0<\/b><\/p>\n<p><span style=\"font-weight: 400;\">Odkryj tajniki nazw cz\u0119\u015bci cia\u0142a, organ\u00f3w wewn\u0119trznych oraz poznaj pytania specjalist\u00f3w, kt\u00f3re b\u0119d\u0105 zadawa\u0107 Tobie, kiedy s\u0105 gotowi Ci\u00a0 pom\u00f3c. Z moim e-bookiem b\u0119dzie to du\u017co \u0142atwiejsze.\u00a0<\/span><\/p>\n<p><b>Umawianie, Przek\u0142adanie i Odwo\u0142ywanie Wizyt:\u00a0<\/b><\/p>\n<p><span style=\"font-weight: 400;\">Nie b\u00f3j si\u0119 ju\u017c nigdy wykona\u0107 telefonu do lekarza. M\u00f3j e-book uczy Ci\u0119,\u00a0 jak umawia\u0107, przek\u0142ada\u0107 i odwo\u0142ywa\u0107 wizyty, by\u015b zawsze m\u00f3g\u0142\/a dostosowa\u0107 terminy do swojego harmonogramu.\u00a0<\/span><\/p>\n<p><b>Masz r\u00f3wnie\u017c rozdzia\u0142y \u201ePytania, kt\u00f3re Ty mo\u017cesz zada\u0107 swojemu\u00a0 lekarzowi\u201d:\u00a0<\/b><\/p>\n<p><span style=\"font-weight: 400;\">To Twoje zdrowie, wi\u0119c b\u0105d\u017a aktywnym uczestnikiem rozmowy w\u00a0 j\u0119zyku niderlandzkim.\u00a0<\/span><\/p>\n<p><span style=\"font-weight: 400;\">B\u0105d\u017a niezale\u017cna\/y i za\u0142atwiaj swoje sprawy u lekarza w poczuciu\u00a0 bezpiecze\u0144stwa i pewno\u015bci, \u017ce robisz to w\u0142a\u015bciwie.\u00a0<\/span><\/p>\n<p><span style=\"font-weight: 400;\">Nie czekaj! Wejd\u017a w \u015bwiat wiedzy na temat s\u0142ownictwa medycznego z\u00a0 &#8220;LEKARZ &#8211; Wszystko, co musisz wiedzie\u0107, by czu\u0107 si\u0119 bezpiecznie&#8221;.\u00a0<\/span><\/p>\n<p><span style=\"font-weight: 400;\">Poczuj si\u0119 pewnie na wizytach u lekarzy i dbaj o swoje zdrowie jak nigdy\u00a0 dot\u0105d!\u00a0\u00a0<\/span><\/p>\n<p><span style=\"font-weight: 400;\">Je\u015bli jeste\u015b ciekawa\/y co znajdziesz w tym e-booku zerknij w spis tre\u015bci,\u00a0 kt\u00f3ry udost\u0119pniam Ci tutaj:\u00a0<\/span><\/p>\n<p><img fetchpriority=\"high\" decoding=\"async\" class=\"alignnone size-medium wp-image-1900\" src=\"https:\/\/anitanederlands.nl\/wp-content\/uploads\/2024\/02\/rozmowki-wizyta-u-lekarza_Strona_002-212x300.jpg\" alt=\"\" width=\"212\" height=\"300\" srcset=\"https:\/\/anitanederlands.nl\/wp-content\/uploads\/2024\/02\/rozmowki-wizyta-u-lekarza_Strona_002-212x300.jpg 212w, https:\/\/anitanederlands.nl\/wp-content\/uploads\/2024\/02\/rozmowki-wizyta-u-lekarza_Strona_002-723x1024.jpg 723w, https:\/\/anitanederlands.nl\/wp-content\/uploads\/2024\/02\/rozmowki-wizyta-u-lekarza_Strona_002-768x1087.jpg 768w, https:\/\/anitanederlands.nl\/wp-content\/uploads\/2024\/02\/rozmowki-wizyta-u-lekarza_Strona_002-1085x1536.jpg 1085w, https:\/\/anitanederlands.nl\/wp-content\/uploads\/2024\/02\/rozmowki-wizyta-u-lekarza_Strona_002-1447x2048.jpg 1447w, https:\/\/anitanederlands.nl\/wp-content\/uploads\/2024\/02\/rozmowki-wizyta-u-lekarza_Strona_002-600x849.jpg 600w, https:\/\/anitanederlands.nl\/wp-content\/uploads\/2024\/02\/rozmowki-wizyta-u-lekarza_Strona_002.jpg 1653w\" sizes=\"(max-width: 212px) 100vw, 212px\" \/><img decoding=\"async\" class=\"alignnone size-medium wp-image-1898\" src=\"https:\/\/anitanederlands.nl\/wp-content\/uploads\/2024\/02\/rozmowki-wizyta-u-lekarza_Strona_003-212x300.jpg\" alt=\"\" width=\"212\" height=\"300\" srcset=\"https:\/\/anitanederlands.nl\/wp-content\/uploads\/2024\/02\/rozmowki-wizyta-u-lekarza_Strona_003-212x300.jpg 212w, https:\/\/anitanederlands.nl\/wp-content\/uploads\/2024\/02\/rozmowki-wizyta-u-lekarza_Strona_003-723x1024.jpg 723w, https:\/\/anitanederlands.nl\/wp-content\/uploads\/2024\/02\/rozmowki-wizyta-u-lekarza_Strona_003-768x1087.jpg 768w, https:\/\/anitanederlands.nl\/wp-content\/uploads\/2024\/02\/rozmowki-wizyta-u-lekarza_Strona_003-1085x1536.jpg 1085w, https:\/\/anitanederlands.nl\/wp-content\/uploads\/2024\/02\/rozmowki-wizyta-u-lekarza_Strona_003-1447x2048.jpg 1447w, https:\/\/anitanederlands.nl\/wp-content\/uploads\/2024\/02\/rozmowki-wizyta-u-lekarza_Strona_003-600x849.jpg 600w, https:\/\/anitanederlands.nl\/wp-content\/uploads\/2024\/02\/rozmowki-wizyta-u-lekarza_Strona_003.jpg 1653w\" sizes=\"(max-width: 212px) 100vw, 212px\" \/><\/p>\n","protected":false},"excerpt":{"rendered":"<p><b>LEKARZ: Wszystko, co musisz wiedzie\u0107, by czu\u0107 si\u0119 bezpiecznie\u00a0<\/b><\/p>\n<p><span style=\"font-weight: 400;\">Tw\u00f3j czas na to, aby poczu\u0107 si\u0119 pewnie i skutecznie komunikowa\u0107 si\u0119\u00a0 ze specjalistami medycznymi! Oto &#8220;LEKARZ&#8221; &#8211; e-book stworzony\u00a0 specjalnie dla Ciebie, aby\u015b m\u00f3g\u0142\/a zdoby\u0107 wiedz\u0119 i umiej\u0119tno\u015bci\u00a0 niezb\u0119dne do skutecznej rozmowy z lekarzem domowym oraz\u00a0 specjalistami.<\/span><\/p>\n","protected":false},"featured_media":1904,"comment_status":"open","ping_status":"closed","template":"","meta":{"site-sidebar-layout":"default","site-content-layout":"","ast-site-content-layout":"default","site-content-style":"default","site-sidebar-style":"default","ast-global-header-display":"","ast-banner-title-visibility":"","ast-main-header-display":"","ast-hfb-above-header-display":"","ast-hfb-below-header-display":"","ast-hfb-mobile-header-display":"","site-post-title":"","ast-breadcrumbs-content":"","ast-featured-img":"","footer-sml-layout":"","ast-disable-related-posts":"","theme-transparent-header-meta":"default","adv-header-id-meta":"","stick-header-meta":"","header-above-stick-meta":"","header-main-stick-meta":"","header-below-stick-meta":"","astra-migrate-meta-layouts":"set","ast-page-background-enabled":"default","ast-page-background-meta":{"desktop":{"background-color":"var(--ast-global-color-4)","background-image":"","background-repeat":"repeat","background-position":"center center","background-size":"auto","background-attachment":"scroll","background-type":"","background-media":"","overlay-type":"","overlay-color":"","overlay-opacity":"","overlay-gradient":""},"tablet":{"background-color":"","background-image":"","background-repeat":"repeat","background-position":"center center","background-size":"auto","background-attachment":"scroll","background-type":"","background-media":"","overlay-type":"","overlay-color":"","overlay-opacity":"","overlay-gradient":""},"mobile":{"background-color":"","background-image":"","background-repeat":"repeat","background-position":"center center","background-size":"auto","background-attachment":"scroll","background-type":"","background-media":"","overlay-type":"","overlay-color":"","overlay-opacity":"","overlay-gradient":""}},"ast-content-background-meta":{"desktop":{"background-color":"var(--ast-global-color-5)","background-image":"","background-repeat":"repeat","background-position":"center center","background-size":"auto","background-attachment":"scroll","background-type":"","background-media":"","overlay-type":"","overlay-color":"","overlay-opacity":"","overlay-gradient":""},"tablet":{"background-color":"var(--ast-global-color-5)","background-image":"","background-repeat":"repeat","background-position":"center center","background-size":"auto","background-attachment":"scroll","background-type":"","background-media":"","overlay-type":"","overlay-color":"","overlay-opacity":"","overlay-gradient":""},"mobile":{"background-color":"var(--ast-global-color-5)","background-image":"","background-repeat":"repeat","background-position":"center center","background-size":"auto","background-attachment":"scroll","background-type":"","background-media":"","overlay-type":"","overlay-color":"","overlay-opacity":"","overlay-gradient":""}},"_price":"27.99","_stock":"","_tribe_ticket_header":"","_tribe_default_ticket_provider":"","_tribe_ticket_capacity":"0","_ticket_start_date":"","_ticket_end_date":"","_tribe_ticket_show_description":"","_tribe_ticket_show_not_going":false,"_tribe_ticket_use_global_stock":"","_tribe_ticket_global_stock_level":"","_global_stock_mode":"","_global_stock_cap":"","_tribe_rsvp_for_event":"","_tribe_ticket_going_count":"","_tribe_ticket_not_going_count":"","_tribe_tickets_list":"[]","_tribe_ticket_has_attendee_info_fields":false,"_tec_slr_enabled":"","_tec_slr_layout":""},"product_brand":[],"product_cat":[25],"product_tag":[],"class_list":{"0":"post-1893","1":"product","2":"type-product","3":"status-publish","4":"has-post-thumbnail","6":"product_cat-ebooki","7":"desktop-align-left","8":"tablet-align-left","9":"mobile-align-left","11":"first","12":"outofstock","13":"downloadable","14":"virtual","15":"purchasable","16":"product-type-simple"},"yoast_head":"<!-- This site is optimized with the Yoast SEO plugin v27.4 - https:\/\/yoast.com\/product\/yoast-seo-wordpress\/ -->\n<title>Ebook Wizyta u lekarza - Nauka Niderlandzkiego<\/title>\n<meta name=\"description\" content=\"Tw\u00f3j czas na to, aby poczu\u0107 si\u0119 pewnie i skutecznie komunikowa\u0107 si\u0119\u00a0 ze specjalistami medycznymi! Oto &quot;LEKARZ&quot; - e-book stworzony\u00a0 specjalnie dla Ciebie, aby\u015b m\u00f3g\u0142\/a zdoby\u0107 wiedz\u0119 i umiej\u0119tno\u015bci\u00a0 niezb\u0119dne do skutecznej rozmowy z lekarzem domowym oraz\u00a0 specjalistami.\" \/>\n<meta name=\"robots\" content=\"index, follow, max-snippet:-1, max-image-preview:large, max-video-preview:-1\" \/>\n<link rel=\"canonical\" href=\"https:\/\/anitanederlands.nl\/produkt\/ebook-wizyta-u-lekarza\/\" \/>\n<meta property=\"og:locale\" content=\"en_US\" \/>\n<meta property=\"og:type\" content=\"article\" \/>\n<meta property=\"og:title\" content=\"Ebook Wizyta u lekarza - Nauka Niderlandzkiego\" \/>\n<meta property=\"og:description\" content=\"Tw\u00f3j czas na to, aby poczu\u0107 si\u0119 pewnie i skutecznie komunikowa\u0107 si\u0119\u00a0 ze specjalistami medycznymi! Oto &quot;LEKARZ&quot; - e-book stworzony\u00a0 specjalnie dla Ciebie, aby\u015b m\u00f3g\u0142\/a zdoby\u0107 wiedz\u0119 i umiej\u0119tno\u015bci\u00a0 niezb\u0119dne do skutecznej rozmowy z lekarzem domowym oraz\u00a0 specjalistami.\" \/>\n<meta property=\"og:url\" content=\"https:\/\/anitanederlands.nl\/produkt\/ebook-wizyta-u-lekarza\/\" \/>\n<meta property=\"og:site_name\" content=\"Nauka Niderlandzkiego\" \/>\n<meta property=\"article:modified_time\" content=\"2024-05-20T19:29:28+00:00\" \/>\n<meta property=\"og:image\" content=\"https:\/\/anitanederlands.nl\/wp-content\/uploads\/2024\/02\/wizyta-u-lekarza-ebook.jpeg\" \/>\n\t<meta property=\"og:image:width\" content=\"500\" \/>\n\t<meta property=\"og:image:height\" content=\"500\" \/>\n\t<meta property=\"og:image:type\" content=\"image\/jpeg\" \/>\n<meta name=\"twitter:card\" content=\"summary_large_image\" \/>\n<meta name=\"twitter:label1\" content=\"Est. reading time\" \/>\n\t<meta name=\"twitter:data1\" content=\"4 minutes\" \/>\n<script type=\"application\/ld+json\" class=\"yoast-schema-graph\">{\"@context\":\"https:\\\/\\\/schema.org\",\"@graph\":[{\"@type\":\"WebPage\",\"@id\":\"https:\\\/\\\/anitanederlands.nl\\\/produkt\\\/ebook-wizyta-u-lekarza\\\/\",\"url\":\"https:\\\/\\\/anitanederlands.nl\\\/produkt\\\/ebook-wizyta-u-lekarza\\\/\",\"name\":\"Ebook Wizyta u lekarza - Nauka Niderlandzkiego\",\"isPartOf\":{\"@id\":\"https:\\\/\\\/anitanederlands.nl\\\/#website\"},\"primaryImageOfPage\":{\"@id\":\"https:\\\/\\\/anitanederlands.nl\\\/produkt\\\/ebook-wizyta-u-lekarza\\\/#primaryimage\"},\"image\":{\"@id\":\"https:\\\/\\\/anitanederlands.nl\\\/produkt\\\/ebook-wizyta-u-lekarza\\\/#primaryimage\"},\"thumbnailUrl\":\"https:\\\/\\\/anitanederlands.nl\\\/wp-content\\\/uploads\\\/2024\\\/02\\\/wizyta-u-lekarza-ebook.jpeg\",\"datePublished\":\"2024-02-07T20:21:53+00:00\",\"dateModified\":\"2024-05-20T19:29:28+00:00\",\"description\":\"Tw\u00f3j czas na to, aby poczu\u0107 si\u0119 pewnie i skutecznie komunikowa\u0107 si\u0119\u00a0 ze specjalistami medycznymi! Oto \\\"LEKARZ\\\" - e-book stworzony\u00a0 specjalnie dla Ciebie, aby\u015b m\u00f3g\u0142\\\/a zdoby\u0107 wiedz\u0119 i umiej\u0119tno\u015bci\u00a0 niezb\u0119dne do skutecznej rozmowy z lekarzem domowym oraz\u00a0 specjalistami.\",\"breadcrumb\":{\"@id\":\"https:\\\/\\\/anitanederlands.nl\\\/produkt\\\/ebook-wizyta-u-lekarza\\\/#breadcrumb\"},\"inLanguage\":\"en-US\",\"potentialAction\":[{\"@type\":\"ReadAction\",\"target\":[\"https:\\\/\\\/anitanederlands.nl\\\/produkt\\\/ebook-wizyta-u-lekarza\\\/\"]}]},{\"@type\":\"ImageObject\",\"inLanguage\":\"en-US\",\"@id\":\"https:\\\/\\\/anitanederlands.nl\\\/produkt\\\/ebook-wizyta-u-lekarza\\\/#primaryimage\",\"url\":\"https:\\\/\\\/anitanederlands.nl\\\/wp-content\\\/uploads\\\/2024\\\/02\\\/wizyta-u-lekarza-ebook.jpeg\",\"contentUrl\":\"https:\\\/\\\/anitanederlands.nl\\\/wp-content\\\/uploads\\\/2024\\\/02\\\/wizyta-u-lekarza-ebook.jpeg\",\"width\":500,\"height\":500,\"caption\":\"wizyta u lekarza ebook rozm\u00f3wki niderlandzikie\"},{\"@type\":\"BreadcrumbList\",\"@id\":\"https:\\\/\\\/anitanederlands.nl\\\/produkt\\\/ebook-wizyta-u-lekarza\\\/#breadcrumb\",\"itemListElement\":[{\"@type\":\"ListItem\",\"position\":1,\"name\":\"Strona g\u0142\u00f3wna\",\"item\":\"https:\\\/\\\/anitanederlands.nl\\\/en\\\/\"},{\"@type\":\"ListItem\",\"position\":2,\"name\":\"Sklep\",\"item\":\"https:\\\/\\\/anitanederlands.nl\\\/sklep\\\/\"},{\"@type\":\"ListItem\",\"position\":3,\"name\":\"Ebook Wizyta u lekarza\"}]},{\"@type\":\"WebSite\",\"@id\":\"https:\\\/\\\/anitanederlands.nl\\\/#website\",\"url\":\"https:\\\/\\\/anitanederlands.nl\\\/\",\"name\":\"Nauka Niderlandzkiego\",\"description\":\"Sprawi\u0107 by niemo\u017cliwe sta\u0142o si\u0119 mo\u017cliwym\",\"publisher\":{\"@id\":\"https:\\\/\\\/anitanederlands.nl\\\/#organization\"},\"potentialAction\":[{\"@type\":\"SearchAction\",\"target\":{\"@type\":\"EntryPoint\",\"urlTemplate\":\"https:\\\/\\\/anitanederlands.nl\\\/?s={search_term_string}\"},\"query-input\":{\"@type\":\"PropertyValueSpecification\",\"valueRequired\":true,\"valueName\":\"search_term_string\"}}],\"inLanguage\":\"en-US\"},{\"@type\":\"Organization\",\"@id\":\"https:\\\/\\\/anitanederlands.nl\\\/#organization\",\"name\":\"Nauka Niderlandzkiego\",\"url\":\"https:\\\/\\\/anitanederlands.nl\\\/\",\"logo\":{\"@type\":\"ImageObject\",\"inLanguage\":\"en-US\",\"@id\":\"https:\\\/\\\/anitanederlands.nl\\\/#\\\/schema\\\/logo\\\/image\\\/\",\"url\":\"https:\\\/\\\/anitanederlands.nl\\\/wp-content\\\/uploads\\\/2022\\\/11\\\/cropped-Anita-Nederlands-voor-iedern.png\",\"contentUrl\":\"https:\\\/\\\/anitanederlands.nl\\\/wp-content\\\/uploads\\\/2022\\\/11\\\/cropped-Anita-Nederlands-voor-iedern.png\",\"width\":360,\"height\":120,\"caption\":\"Nauka Niderlandzkiego\"},\"image\":{\"@id\":\"https:\\\/\\\/anitanederlands.nl\\\/#\\\/schema\\\/logo\\\/image\\\/\"}}]}<\/script>\n<!-- \/ Yoast SEO plugin. -->","yoast_head_json":{"title":"Ebook Wizyta u lekarza - Nauka Niderlandzkiego","description":"Tw\u00f3j czas na to, aby poczu\u0107 si\u0119 pewnie i skutecznie komunikowa\u0107 si\u0119\u00a0 ze specjalistami medycznymi! Oto \"LEKARZ\" - e-book stworzony\u00a0 specjalnie dla Ciebie, aby\u015b m\u00f3g\u0142\/a zdoby\u0107 wiedz\u0119 i umiej\u0119tno\u015bci\u00a0 niezb\u0119dne do skutecznej rozmowy z lekarzem domowym oraz\u00a0 specjalistami.","robots":{"index":"index","follow":"follow","max-snippet":"max-snippet:-1","max-image-preview":"max-image-preview:large","max-video-preview":"max-video-preview:-1"},"canonical":"https:\/\/anitanederlands.nl\/produkt\/ebook-wizyta-u-lekarza\/","og_locale":"en_US","og_type":"article","og_title":"Ebook Wizyta u lekarza - Nauka Niderlandzkiego","og_description":"Tw\u00f3j czas na to, aby poczu\u0107 si\u0119 pewnie i skutecznie komunikowa\u0107 si\u0119\u00a0 ze specjalistami medycznymi! Oto \"LEKARZ\" - e-book stworzony\u00a0 specjalnie dla Ciebie, aby\u015b m\u00f3g\u0142\/a zdoby\u0107 wiedz\u0119 i umiej\u0119tno\u015bci\u00a0 niezb\u0119dne do skutecznej rozmowy z lekarzem domowym oraz\u00a0 specjalistami.","og_url":"https:\/\/anitanederlands.nl\/produkt\/ebook-wizyta-u-lekarza\/","og_site_name":"Nauka Niderlandzkiego","article_modified_time":"2024-05-20T19:29:28+00:00","og_image":[{"width":500,"height":500,"url":"https:\/\/anitanederlands.nl\/wp-content\/uploads\/2024\/02\/wizyta-u-lekarza-ebook.jpeg","type":"image\/jpeg"}],"twitter_card":"summary_large_image","twitter_misc":{"Est. reading time":"4 minutes"},"schema":{"@context":"https:\/\/schema.org","@graph":[{"@type":"WebPage","@id":"https:\/\/anitanederlands.nl\/produkt\/ebook-wizyta-u-lekarza\/","url":"https:\/\/anitanederlands.nl\/produkt\/ebook-wizyta-u-lekarza\/","name":"Ebook Wizyta u lekarza - Nauka Niderlandzkiego","isPartOf":{"@id":"https:\/\/anitanederlands.nl\/#website"},"primaryImageOfPage":{"@id":"https:\/\/anitanederlands.nl\/produkt\/ebook-wizyta-u-lekarza\/#primaryimage"},"image":{"@id":"https:\/\/anitanederlands.nl\/produkt\/ebook-wizyta-u-lekarza\/#primaryimage"},"thumbnailUrl":"https:\/\/anitanederlands.nl\/wp-content\/uploads\/2024\/02\/wizyta-u-lekarza-ebook.jpeg","datePublished":"2024-02-07T20:21:53+00:00","dateModified":"2024-05-20T19:29:28+00:00","description":"Tw\u00f3j czas na to, aby poczu\u0107 si\u0119 pewnie i skutecznie komunikowa\u0107 si\u0119\u00a0 ze specjalistami medycznymi! Oto \"LEKARZ\" - e-book stworzony\u00a0 specjalnie dla Ciebie, aby\u015b m\u00f3g\u0142\/a zdoby\u0107 wiedz\u0119 i umiej\u0119tno\u015bci\u00a0 niezb\u0119dne do skutecznej rozmowy z lekarzem domowym oraz\u00a0 specjalistami.","breadcrumb":{"@id":"https:\/\/anitanederlands.nl\/produkt\/ebook-wizyta-u-lekarza\/#breadcrumb"},"inLanguage":"en-US","potentialAction":[{"@type":"ReadAction","target":["https:\/\/anitanederlands.nl\/produkt\/ebook-wizyta-u-lekarza\/"]}]},{"@type":"ImageObject","inLanguage":"en-US","@id":"https:\/\/anitanederlands.nl\/produkt\/ebook-wizyta-u-lekarza\/#primaryimage","url":"https:\/\/anitanederlands.nl\/wp-content\/uploads\/2024\/02\/wizyta-u-lekarza-ebook.jpeg","contentUrl":"https:\/\/anitanederlands.nl\/wp-content\/uploads\/2024\/02\/wizyta-u-lekarza-ebook.jpeg","width":500,"height":500,"caption":"wizyta u lekarza ebook rozm\u00f3wki niderlandzikie"},{"@type":"BreadcrumbList","@id":"https:\/\/anitanederlands.nl\/produkt\/ebook-wizyta-u-lekarza\/#breadcrumb","itemListElement":[{"@type":"ListItem","position":1,"name":"Strona g\u0142\u00f3wna","item":"https:\/\/anitanederlands.nl\/en\/"},{"@type":"ListItem","position":2,"name":"Sklep","item":"https:\/\/anitanederlands.nl\/sklep\/"},{"@type":"ListItem","position":3,"name":"Ebook Wizyta u lekarza"}]},{"@type":"WebSite","@id":"https:\/\/anitanederlands.nl\/#website","url":"https:\/\/anitanederlands.nl\/","name":"Nauka Niderlandzkiego","description":"Sprawi\u0107 by niemo\u017cliwe sta\u0142o si\u0119 mo\u017cliwym","publisher":{"@id":"https:\/\/anitanederlands.nl\/#organization"},"potentialAction":[{"@type":"SearchAction","target":{"@type":"EntryPoint","urlTemplate":"https:\/\/anitanederlands.nl\/?s={search_term_string}"},"query-input":{"@type":"PropertyValueSpecification","valueRequired":true,"valueName":"search_term_string"}}],"inLanguage":"en-US"},{"@type":"Organization","@id":"https:\/\/anitanederlands.nl\/#organization","name":"Nauka Niderlandzkiego","url":"https:\/\/anitanederlands.nl\/","logo":{"@type":"ImageObject","inLanguage":"en-US","@id":"https:\/\/anitanederlands.nl\/#\/schema\/logo\/image\/","url":"https:\/\/anitanederlands.nl\/wp-content\/uploads\/2022\/11\/cropped-Anita-Nederlands-voor-iedern.png","contentUrl":"https:\/\/anitanederlands.nl\/wp-content\/uploads\/2022\/11\/cropped-Anita-Nederlands-voor-iedern.png","width":360,"height":120,"caption":"Nauka Niderlandzkiego"},"image":{"@id":"https:\/\/anitanederlands.nl\/#\/schema\/logo\/image\/"}}]}},"_links":{"self":[{"href":"https:\/\/anitanederlands.nl\/en\/wp-json\/wp\/v2\/product\/1893","targetHints":{"allow":["GET"]}}],"collection":[{"href":"https:\/\/anitanederlands.nl\/en\/wp-json\/wp\/v2\/product"}],"about":[{"href":"https:\/\/anitanederlands.nl\/en\/wp-json\/wp\/v2\/types\/product"}],"replies":[{"embeddable":true,"href":"https:\/\/anitanederlands.nl\/en\/wp-json\/wp\/v2\/comments?post=1893"}],"version-history":[{"count":2,"href":"https:\/\/anitanederlands.nl\/en\/wp-json\/wp\/v2\/product\/1893\/revisions"}],"predecessor-version":[{"id":1920,"href":"https:\/\/anitanederlands.nl\/en\/wp-json\/wp\/v2\/product\/1893\/revisions\/1920"}],"wp:featuredmedia":[{"embeddable":true,"href":"https:\/\/anitanederlands.nl\/en\/wp-json\/wp\/v2\/media\/1904"}],"wp:attachment":[{"href":"https:\/\/anitanederlands.nl\/en\/wp-json\/wp\/v2\/media?parent=1893"}],"wp:term":[{"taxonomy":"product_brand","embeddable":true,"href":"https:\/\/anitanederlands.nl\/en\/wp-json\/wp\/v2\/product_brand?post=1893"},{"taxonomy":"product_cat","embeddable":true,"href":"https:\/\/anitanederlands.nl\/en\/wp-json\/wp\/v2\/product_cat?post=1893"},{"taxonomy":"product_tag","embeddable":true,"href":"https:\/\/anitanederlands.nl\/en\/wp-json\/wp\/v2\/product_tag?post=1893"}],"curies":[{"name":"wp","href":"https:\/\/api.w.org\/{rel}","templated":true}]}}